{"id":19552,"date":"2017-09-01T23:02:14","date_gmt":"2017-09-01T23:02:14","guid":{"rendered":"https:\/\/octaedro.com\/producto\/agroecologia-escolar\/"},"modified":"2023-04-25T13:55:32","modified_gmt":"2023-04-25T11:55:32","slug":"agroecologia-escolar","status":"publish","type":"product","link":"https:\/\/wizardly-davinci.82-223-8-23.plesk.page\/en\/producto\/agroecologia-escolar\/","title":{"rendered":"Agroecolog\u00eda escolar"},"content":{"rendered":"<p>\u201cAcoger en el terreno de la Agroecolog\u00eda el aula de la escuela y cultivar en la escuela el campo de la Agroecolog\u00eda permite enraizar el Aprendizaje en el mantillo de la vida y reconocer la Acci\u00f3n como huerto privilegiado de saberes significativos\u201d. (Lucie Sauv\u00e9) La educaci\u00f3n del siglo xx encerr\u00f3 la escuela en sus paredes y ahora, la del siglo xxi, abre las ventanas virtuales del universo num\u00e9rico. Pero a\u00fan falta la inmersi\u00f3n en las realidades vivas y la conciencia de nuestro anclaje en una matriz de vida. Somos seres encarnados, ubicados, contextualizados. Respirar, beber, nutrirse, vestirse, alojarse, producir y consumir, afirmarse, so\u00f1ar, crear\u2026 son indisociables de la relaci\u00f3n con el lugar, con el territorio; se inscriben en la red de interacciones que forman los ecosistemas de los cuales somos parte integrante. Acercarse a la tierra, sumergirse en el mundo org\u00e1nico, asociar su creatividad con la de la naturaleza, colaborar en los trabajos del huerto y del comedor, compartir la cosecha, comprender que finalmente, somos lo que comemos y tambi\u00e9n, somos c\u00f3mo comemos, contribuye a nutrir y actuar una pol\u00edtica de lo vivo a la cual contribuye la ecoalimentaci\u00f3n, desde el campo o el huerto hasta el plato, y hasta la recuperaci\u00f3n de la materia org\u00e1nica residual para cumplir el ciclo de la tierra viva. La propuesta de Germ\u00e1n Llerena del Castillo y Mariona Espinet Blanch ofrece un aliento pedag\u00f3gico bien necesario para resignificar as\u00ed la educaci\u00f3n. Contribuye a nutrir el proyecto de una escuela preocupada por participar en el vasto proyecto antropol\u00f3gico de la reinserci\u00f3n de nuestra humanidad en la trama de la vida compartida, al mismo tiempo que participa del proyecto pol\u00edtico-pedag\u00f3gico de la pedagog\u00eda cr\u00edtica que denuncia las alienaciones (incluyendo la alienaci\u00f3n alimentaria) y busca el desarrollo de competencias de acci\u00f3n, de un poder hacer individual y colectivo.<\/p>\n","protected":false},"excerpt":{"rendered":"<p>\u201cAcoger en el terreno de la Agroecolog\u00eda el aula de la escuela y cultivar en la escuela el campo de la Agroecolog\u00eda permite enraizar el Aprendizaje en el mantillo de la vida y reconocer la Acci\u00f3n como huerto privilegiado de saberes significativos\u201d. (Lucie Sauv\u00e9) La educaci\u00f3n del siglo xx encerr\u00f3 la escuela en sus paredes y ahora, la del siglo xxi, abre las ventanas virtuales del universo num\u00e9rico. Pero a\u00fan falta la inmersi\u00f3n en las realidades vivas y la conciencia de nuestro anclaje en una matriz de vida. Somos seres encarnados, ubicados, contextualizados. Respirar, beber, nutrirse, vestirse, alojarse, producir y consumir, afirmarse, so\u00f1ar, crear\u2026 son indisociables de la relaci\u00f3n con el lugar, con el territorio; se inscriben en la red de interacciones que forman los ecosistemas de los cuales somos parte integrante. Acercarse a la tierra, sumergirse en el mundo org\u00e1nico, asociar su creatividad con la de la naturaleza, colaborar en los trabajos del huerto y del comedor, compartir la cosecha, comprender que finalmente, somos lo que comemos y tambi\u00e9n, somos c\u00f3mo comemos, contribuye a nutrir y actuar una pol\u00edtica de lo vivo a la cual contribuye la ecoalimentaci\u00f3n, desde el campo o el huerto hasta el plato, y hasta la recuperaci\u00f3n de la materia org\u00e1nica residual para cumplir el ciclo de la tierra viva. La propuesta de Germ\u00e1n Llerena del Castillo y Mariona Espinet Blanch ofrece un aliento pedag\u00f3gico bien necesario para resignificar as\u00ed la educaci\u00f3n. Contribuye a nutrir el proyecto de una escuela preocupada por participar en el vasto proyecto antropol\u00f3gico de la reinserci\u00f3n de nuestra humanidad en la trama de la vida compartida, al mismo tiempo que participa del proyecto pol\u00edtico-pedag\u00f3gico de la pedagog\u00eda cr\u00edtica que denuncia las alienaciones (incluyendo la alienaci\u00f3n alimentaria) y busca el desarrollo de competencias de acci\u00f3n, de un poder hacer individual y colectivo.<\/p>\n","protected":false},"featured_media":19553,"comment_status":"open","ping_status":"closed","template":"","meta":{"_et_pb_use_builder":"","_et_pb_old_content":"","_et_gb_content_width":""},"product_cat":[2614,6675],"product_tag":[2602],"edicion":[1083],"editoriales":[1162],"tienda":[],"autor_id":[21795,21793],"universidades_coeditoras":[],"palabras_clave":[],"listado_alfabetico":[],"acf":[],"_links":{"self":[{"href":"https:\/\/wizardly-davinci.82-223-8-23.plesk.page\/en\/wp-json\/wp\/v2\/product\/19552"}],"collection":[{"href":"https:\/\/wizardly-davinci.82-223-8-23.plesk.page\/en\/wp-json\/wp\/v2\/product"}],"about":[{"href":"https:\/\/wizardly-davinci.82-223-8-23.plesk.page\/en\/wp-json\/wp\/v2\/types\/product"}],"replies":[{"embeddable":true,"href":"https:\/\/wizardly-davinci.82-223-8-23.plesk.page\/en\/wp-json\/wp\/v2\/comments?post=19552"}],"wp:featuredmedia":[{"embeddable":true,"href":"https:\/\/wizardly-davinci.82-223-8-23.plesk.page\/en\/wp-json\/wp\/v2\/media\/19553"}],"wp:attachment":[{"href":"https:\/\/wizardly-davinci.82-223-8-23.plesk.page\/en\/wp-json\/wp\/v2\/media?parent=19552"}],"wp:term":[{"taxonomy":"product_cat","embeddable":true,"href":"https:\/\/wizardly-davinci.82-223-8-23.plesk.page\/en\/wp-json\/wp\/v2\/product_cat?post=19552"},{"taxonomy":"product_tag","embeddable":true,"href":"https:\/\/wizardly-davinci.82-223-8-23.plesk.page\/en\/wp-json\/wp\/v2\/product_tag?post=19552"},{"taxonomy":"edicion","embeddable":true,"href":"https:\/\/wizardly-davinci.82-223-8-23.plesk.page\/en\/wp-json\/wp\/v2\/edicion?post=19552"},{"taxonomy":"editoriales","embeddable":true,"href":"https:\/\/wizardly-davinci.82-223-8-23.plesk.page\/en\/wp-json\/wp\/v2\/editoriales?post=19552"},{"taxonomy":"tienda","embeddable":true,"href":"https:\/\/wizardly-davinci.82-223-8-23.plesk.page\/en\/wp-json\/wp\/v2\/tienda?post=19552"},{"taxonomy":"autor_id","embeddable":true,"href":"https:\/\/wizardly-davinci.82-223-8-23.plesk.page\/en\/wp-json\/wp\/v2\/autor_id?post=19552"},{"taxonomy":"universidades_coeditoras","embeddable":true,"href":"https:\/\/wizardly-davinci.82-223-8-23.plesk.page\/en\/wp-json\/wp\/v2\/universidades_coeditoras?post=19552"},{"taxonomy":"palabras_clave","embeddable":true,"href":"https:\/\/wizardly-davinci.82-223-8-23.plesk.page\/en\/wp-json\/wp\/v2\/palabras_clave?post=19552"},{"taxonomy":"listado_alfabetico","embeddable":true,"href":"https:\/\/wizardly-davinci.82-223-8-23.plesk.page\/en\/wp-json\/wp\/v2\/listado_alfabetico?post=19552"}],"curies":[{"name":"wp","href":"https:\/\/api.w.org\/{rel}","templated":true}]}}