{"id":20097,"date":"2019-04-09T23:58:49","date_gmt":"2019-04-09T23:58:49","guid":{"rendered":"https:\/\/octaedro.com\/producto\/saber-formarse\/"},"modified":"2023-04-25T11:50:26","modified_gmt":"2023-04-25T09:50:26","slug":"saber-formarse","status":"publish","type":"product","link":"https:\/\/wizardly-davinci.82-223-8-23.plesk.page\/en\/producto\/saber-formarse\/","title":{"rendered":"Saber formarse"},"content":{"rendered":"<p>Cada vez m\u00e1s el mercado laboral y la vida personal exigen una formaci\u00f3n continua del individuo. Ser un buen profesional hoy requiere conocerse uno mismo, saber sacar partido de la propia experiencia y adoptar m\u00e9todos de aprendizaje de acuerdo con la propia personalidad. Porque tambi\u00e9n se aprende a aprender, el autor sugiere consejos pr\u00e1cticos y ejercicios \u00fatiles para orientar mejor la vida laboral y personal.<\/p>\n","protected":false},"excerpt":{"rendered":"<p>Cada vez m\u00e1s el mercado laboral y la vida personal exigen una formaci\u00f3n continua del individuo. Ser un buen profesional hoy requiere conocerse uno mismo, saber sacar partido de la propia experiencia y adoptar m\u00e9todos de aprendizaje de acuerdo con la propia personalidad. Porque tambi\u00e9n se aprende a aprender, el autor sugiere consejos pr\u00e1cticos y ejercicios \u00fatiles para orientar mejor la vida laboral y personal.<\/p>\n","protected":false},"featured_media":20098,"comment_status":"open","ping_status":"closed","template":"","meta":{"_et_pb_use_builder":"","_et_pb_old_content":"","_et_gb_content_width":""},"product_cat":[1512],"product_tag":[],"edicion":[],"editoriales":[1160],"tienda":[],"autor_id":[6150],"universidades_coeditoras":[],"palabras_clave":[],"listado_alfabetico":[],"acf":[],"_links":{"self":[{"href":"https:\/\/wizardly-davinci.82-223-8-23.plesk.page\/en\/wp-json\/wp\/v2\/product\/20097"}],"collection":[{"href":"https:\/\/wizardly-davinci.82-223-8-23.plesk.page\/en\/wp-json\/wp\/v2\/product"}],"about":[{"href":"https:\/\/wizardly-davinci.82-223-8-23.plesk.page\/en\/wp-json\/wp\/v2\/types\/product"}],"replies":[{"embeddable":true,"href":"https:\/\/wizardly-davinci.82-223-8-23.plesk.page\/en\/wp-json\/wp\/v2\/comments?post=20097"}],"wp:featuredmedia":[{"embeddable":true,"href":"https:\/\/wizardly-davinci.82-223-8-23.plesk.page\/en\/wp-json\/wp\/v2\/media\/20098"}],"wp:attachment":[{"href":"https:\/\/wizardly-davinci.82-223-8-23.plesk.page\/en\/wp-json\/wp\/v2\/media?parent=20097"}],"wp:term":[{"taxonomy":"product_cat","embeddable":true,"href":"https:\/\/wizardly-davinci.82-223-8-23.plesk.page\/en\/wp-json\/wp\/v2\/product_cat?post=20097"},{"taxonomy":"product_tag","embeddable":true,"href":"https:\/\/wizardly-davinci.82-223-8-23.plesk.page\/en\/wp-json\/wp\/v2\/product_tag?post=20097"},{"taxonomy":"edicion","embeddable":true,"href":"https:\/\/wizardly-davinci.82-223-8-23.plesk.page\/en\/wp-json\/wp\/v2\/edicion?post=20097"},{"taxonomy":"editoriales","embeddable":true,"href":"https:\/\/wizardly-davinci.82-223-8-23.plesk.page\/en\/wp-json\/wp\/v2\/editoriales?post=20097"},{"taxonomy":"tienda","embeddable":true,"href":"https:\/\/wizardly-davinci.82-223-8-23.plesk.page\/en\/wp-json\/wp\/v2\/tienda?post=20097"},{"taxonomy":"autor_id","embeddable":true,"href":"https:\/\/wizardly-davinci.82-223-8-23.plesk.page\/en\/wp-json\/wp\/v2\/autor_id?post=20097"},{"taxonomy":"universidades_coeditoras","embeddable":true,"href":"https:\/\/wizardly-davinci.82-223-8-23.plesk.page\/en\/wp-json\/wp\/v2\/universidades_coeditoras?post=20097"},{"taxonomy":"palabras_clave","embeddable":true,"href":"https:\/\/wizardly-davinci.82-223-8-23.plesk.page\/en\/wp-json\/wp\/v2\/palabras_clave?post=20097"},{"taxonomy":"listado_alfabetico","embeddable":true,"href":"https:\/\/wizardly-davinci.82-223-8-23.plesk.page\/en\/wp-json\/wp\/v2\/listado_alfabetico?post=20097"}],"curies":[{"name":"wp","href":"https:\/\/api.w.org\/{rel}","templated":true}]}}