{"id":20209,"date":"2019-09-07T23:59:25","date_gmt":"2019-09-07T23:59:25","guid":{"rendered":"https:\/\/octaedro.com\/producto\/pueden-volar-los-peces\/"},"modified":"2023-04-25T11:08:02","modified_gmt":"2023-04-25T09:08:02","slug":"pueden-volar-los-peces","status":"publish","type":"product","link":"https:\/\/wizardly-davinci.82-223-8-23.plesk.page\/en\/producto\/pueden-volar-los-peces\/","title":{"rendered":"\u00bfPueden volar los peces?"},"content":{"rendered":"<p><em><span class=\"destacat\">\u00bfPueden volar los peces?<\/span><\/em> es un cuento de la serie <strong>Juanita y sus amigos<\/strong> del <strong>Proyecto Noria infantil<\/strong>, que re\u00fane cuentos con los que aprender a pensar, entender el mundo y convivir.<br \/>\nEsta serie, dirigida a ni\u00f1os y ni\u00f1as de 3 a 5 a\u00f1os, recoge historias de Juanita, quien, como las ni\u00f1as y los ni\u00f1os peque\u00f1os, busca el sentido del mundo mientras trata de entenderse a s\u00ed misma. En las diversas historias, se encuentra con amigos con quienes dialoga sobre estas cuestiones. En este caso, va a visitar a los peces rojos del lago, un colectivo que habla en coro y reacciona conjuntamente. Son silenciosos, tranquilos y les gusta moverse lentamente, a diferencia de la inquieta Juanita.<br \/>\nAl final del libro se incluye un apartado dirigido a los adultos que propone actividades y reflexiones para tratar algunas de las cuestiones planteadas en el cuento.<\/p>\n","protected":false},"excerpt":{"rendered":"<p><em><span class=\"destacat\">\u00bfPueden volar los peces?<\/span><\/em> es un cuento de la serie <strong>Juanita y sus amigos<\/strong> del <strong>Proyecto Noria infantil<\/strong>, que re\u00fane cuentos con los que aprender a pensar, entender el mundo y convivir.<br \/>\nEsta serie, dirigida a ni\u00f1os y ni\u00f1as de 3 a 5 a\u00f1os, recoge historias de Juanita, quien, como las ni\u00f1as y los ni\u00f1os peque\u00f1os, busca el sentido del mundo mientras trata de entenderse a s\u00ed misma. En las diversas historias, se encuentra con amigos con quienes dialoga sobre estas cuestiones. En este caso, va a visitar a los peces rojos del lago, un colectivo que habla en coro y reacciona conjuntamente. Son silenciosos, tranquilos y les gusta moverse lentamente, a diferencia de la inquieta Juanita.<br \/>\nAl final del libro se incluye un apartado dirigido a los adultos que propone actividades y reflexiones para tratar algunas de las cuestiones planteadas en el cuento.<\/p>\n","protected":false},"featured_media":20210,"comment_status":"open","ping_status":"closed","template":"","meta":{"_et_pb_use_builder":"","_et_pb_old_content":"","_et_gb_content_width":""},"product_cat":[1512,6675,7115,1511],"product_tag":[2602],"edicion":[1083],"editoriales":[1160],"tienda":[],"autor_id":[6224,6468],"universidades_coeditoras":[],"palabras_clave":[],"listado_alfabetico":[],"acf":[],"_links":{"self":[{"href":"https:\/\/wizardly-davinci.82-223-8-23.plesk.page\/en\/wp-json\/wp\/v2\/product\/20209"}],"collection":[{"href":"https:\/\/wizardly-davinci.82-223-8-23.plesk.page\/en\/wp-json\/wp\/v2\/product"}],"about":[{"href":"https:\/\/wizardly-davinci.82-223-8-23.plesk.page\/en\/wp-json\/wp\/v2\/types\/product"}],"replies":[{"embeddable":true,"href":"https:\/\/wizardly-davinci.82-223-8-23.plesk.page\/en\/wp-json\/wp\/v2\/comments?post=20209"}],"wp:featuredmedia":[{"embeddable":true,"href":"https:\/\/wizardly-davinci.82-223-8-23.plesk.page\/en\/wp-json\/wp\/v2\/media\/20210"}],"wp:attachment":[{"href":"https:\/\/wizardly-davinci.82-223-8-23.plesk.page\/en\/wp-json\/wp\/v2\/media?parent=20209"}],"wp:term":[{"taxonomy":"product_cat","embeddable":true,"href":"https:\/\/wizardly-davinci.82-223-8-23.plesk.page\/en\/wp-json\/wp\/v2\/product_cat?post=20209"},{"taxonomy":"product_tag","embeddable":true,"href":"https:\/\/wizardly-davinci.82-223-8-23.plesk.page\/en\/wp-json\/wp\/v2\/product_tag?post=20209"},{"taxonomy":"edicion","embeddable":true,"href":"https:\/\/wizardly-davinci.82-223-8-23.plesk.page\/en\/wp-json\/wp\/v2\/edicion?post=20209"},{"taxonomy":"editoriales","embeddable":true,"href":"https:\/\/wizardly-davinci.82-223-8-23.plesk.page\/en\/wp-json\/wp\/v2\/editoriales?post=20209"},{"taxonomy":"tienda","embeddable":true,"href":"https:\/\/wizardly-davinci.82-223-8-23.plesk.page\/en\/wp-json\/wp\/v2\/tienda?post=20209"},{"taxonomy":"autor_id","embeddable":true,"href":"https:\/\/wizardly-davinci.82-223-8-23.plesk.page\/en\/wp-json\/wp\/v2\/autor_id?post=20209"},{"taxonomy":"universidades_coeditoras","embeddable":true,"href":"https:\/\/wizardly-davinci.82-223-8-23.plesk.page\/en\/wp-json\/wp\/v2\/universidades_coeditoras?post=20209"},{"taxonomy":"palabras_clave","embeddable":true,"href":"https:\/\/wizardly-davinci.82-223-8-23.plesk.page\/en\/wp-json\/wp\/v2\/palabras_clave?post=20209"},{"taxonomy":"listado_alfabetico","embeddable":true,"href":"https:\/\/wizardly-davinci.82-223-8-23.plesk.page\/en\/wp-json\/wp\/v2\/listado_alfabetico?post=20209"}],"curies":[{"name":"wp","href":"https:\/\/api.w.org\/{rel}","templated":true}]}}