{"id":35026,"date":"2019-12-30T12:14:00","date_gmt":"2019-12-30T12:14:00","guid":{"rendered":"https:\/\/octaedro.com\/?post_type=product&#038;p=35026"},"modified":"2023-04-24T13:17:03","modified_gmt":"2023-04-24T11:17:03","slug":"retos-y-tendencias-en-politica-academica-universitaria","status":"publish","type":"product","link":"https:\/\/wizardly-davinci.82-223-8-23.plesk.page\/en\/producto\/retos-y-tendencias-en-politica-academica-universitaria\/","title":{"rendered":"Retos y tendencias en pol\u00edtica acad\u00e9mica universitaria"},"content":{"rendered":"<p><span style=\"font-weight: 400;\">En el presente libro se presentan algunos de los trabajos finales de m\u00e1ster del programa de Pol\u00edtica y Gesti\u00f3n Universitaria, realizado conjuntamente durante tres ediciones por la Universidad de Barcelona y la Pontificia Universidad Cat\u00f3lica del Per\u00fa. Anteriormente, el m\u00e1ster se hab\u00eda impartido en diversas universidades de otros pa\u00edses latinoamericanos, pero el inter\u00e9s suscitado en el Per\u00fa y los excelentes lazos de colaboraci\u00f3n entre ambas universidades han hecho que el programa se haya convertido en referente demandado por profesorado y administrativos de las universidades peruanas. La selecci\u00f3n de trabajos que aparecen en el libro se han realizado sobre la base de su inter\u00e9s general y de su aplicabilidad a diferentes zonas e instituciones, por lo que esperamos que sean de utilidad para los diferentes estamentos universitarios en su quehacer cotidiano, y no solo en las universidades peruanas, sino tambi\u00e9n en las del \u00e1mbito latinoamericano. El esp\u00edritu de esta obra no es solamente formar a los gestores universitarios, sino tambi\u00e9n ayudar con rigurosidad y buenas pr\u00e1cticas al buen funcionamiento de las universidades.\u00a0<\/span><\/p>\n","protected":false},"excerpt":{"rendered":"<p><span style=\"font-weight: 400;\">En el presente libro se presentan algunos de los trabajos finales de m\u00e1ster del programa de Pol\u00edtica y Gesti\u00f3n Universitaria, realizado conjuntamente durante tres ediciones por la Universidad de Barcelona y la Pontificia Universidad Cat\u00f3lica del Per\u00fa. Anteriormente, el m\u00e1ster se hab\u00eda impartido en diversas universidades de otros pa\u00edses latinoamericanos, pero el inter\u00e9s suscitado en el Per\u00fa y los excelentes lazos de colaboraci\u00f3n entre ambas universidades han hecho que el programa se haya convertido en referente demandado por profesorado y administrativos de las universidades peruanas. La selecci\u00f3n de trabajos que aparecen en el libro se han realizado sobre la base de su inter\u00e9s general y de su aplicabilidad a diferentes zonas e instituciones, por lo que esperamos que sean de utilidad para los diferentes estamentos universitarios en su quehacer cotidiano, y no solo en las universidades peruanas, sino tambi\u00e9n en las del \u00e1mbito latinoamericano. El esp\u00edritu de esta obra no es solamente formar a los gestores universitarios, sino tambi\u00e9n ayudar con rigurosidad y buenas pr\u00e1cticas al buen funcionamiento de las universidades.\u00a0<\/span><\/p>\n","protected":false},"featured_media":35028,"comment_status":"open","ping_status":"closed","template":"","meta":{"_et_pb_use_builder":"","_et_pb_old_content":"","_et_gb_content_width":""},"product_cat":[1512,6936,6675],"product_tag":[2602],"edicion":[1083],"editoriales":[],"tienda":[],"autor_id":[7651,6370],"universidades_coeditoras":[16612,7232],"palabras_clave":[],"listado_alfabetico":[],"acf":[],"_links":{"self":[{"href":"https:\/\/wizardly-davinci.82-223-8-23.plesk.page\/en\/wp-json\/wp\/v2\/product\/35026"}],"collection":[{"href":"https:\/\/wizardly-davinci.82-223-8-23.plesk.page\/en\/wp-json\/wp\/v2\/product"}],"about":[{"href":"https:\/\/wizardly-davinci.82-223-8-23.plesk.page\/en\/wp-json\/wp\/v2\/types\/product"}],"replies":[{"embeddable":true,"href":"https:\/\/wizardly-davinci.82-223-8-23.plesk.page\/en\/wp-json\/wp\/v2\/comments?post=35026"}],"wp:featuredmedia":[{"embeddable":true,"href":"https:\/\/wizardly-davinci.82-223-8-23.plesk.page\/en\/wp-json\/wp\/v2\/media\/35028"}],"wp:attachment":[{"href":"https:\/\/wizardly-davinci.82-223-8-23.plesk.page\/en\/wp-json\/wp\/v2\/media?parent=35026"}],"wp:term":[{"taxonomy":"product_cat","embeddable":true,"href":"https:\/\/wizardly-davinci.82-223-8-23.plesk.page\/en\/wp-json\/wp\/v2\/product_cat?post=35026"},{"taxonomy":"product_tag","embeddable":true,"href":"https:\/\/wizardly-davinci.82-223-8-23.plesk.page\/en\/wp-json\/wp\/v2\/product_tag?post=35026"},{"taxonomy":"edicion","embeddable":true,"href":"https:\/\/wizardly-davinci.82-223-8-23.plesk.page\/en\/wp-json\/wp\/v2\/edicion?post=35026"},{"taxonomy":"editoriales","embeddable":true,"href":"https:\/\/wizardly-davinci.82-223-8-23.plesk.page\/en\/wp-json\/wp\/v2\/editoriales?post=35026"},{"taxonomy":"tienda","embeddable":true,"href":"https:\/\/wizardly-davinci.82-223-8-23.plesk.page\/en\/wp-json\/wp\/v2\/tienda?post=35026"},{"taxonomy":"autor_id","embeddable":true,"href":"https:\/\/wizardly-davinci.82-223-8-23.plesk.page\/en\/wp-json\/wp\/v2\/autor_id?post=35026"},{"taxonomy":"universidades_coeditoras","embeddable":true,"href":"https:\/\/wizardly-davinci.82-223-8-23.plesk.page\/en\/wp-json\/wp\/v2\/universidades_coeditoras?post=35026"},{"taxonomy":"palabras_clave","embeddable":true,"href":"https:\/\/wizardly-davinci.82-223-8-23.plesk.page\/en\/wp-json\/wp\/v2\/palabras_clave?post=35026"},{"taxonomy":"listado_alfabetico","embeddable":true,"href":"https:\/\/wizardly-davinci.82-223-8-23.plesk.page\/en\/wp-json\/wp\/v2\/listado_alfabetico?post=35026"}],"curies":[{"name":"wp","href":"https:\/\/api.w.org\/{rel}","templated":true}]}}