{"id":35970,"date":"2019-05-01T00:00:00","date_gmt":"2019-04-30T22:00:00","guid":{"rendered":"https:\/\/octaedro.com\/?post_type=product&#038;p=35970"},"modified":"2023-04-24T13:21:09","modified_gmt":"2023-04-24T11:21:09","slug":"economia-critica-a-laula","status":"publish","type":"product","link":"https:\/\/wizardly-davinci.82-223-8-23.plesk.page\/en\/producto\/economia-critica-a-laula\/","title":{"rendered":"Economia cr\u00edtica a l&#8217;aula"},"content":{"rendered":"<p>A hores d\u2019ara ning\u00fa no dubta que tota la ciutadania necessita tenir uns coneixe-ments b\u00e0sics d\u2019economia per tal de comprendre el funcionament de la societat en qu\u00e8 vivim i l\u2019actualitat que cada dia ens arriba a trav\u00e9s de la xarxa i dels diversos mitjans de comunicaci\u00f3, i per tenir criteri propi a l\u2019hora de prendre decisions amb relaci\u00f3 al propi consum i inversions. Hauria de formar part, doncs, d\u2019aquell nucli de sabers i compet\u00e8ncies considerats imprescindibles, que caldria treballar i aprendre al llarg de l\u2019escolaritat obligat\u00f2ria. L\u2019economia, per\u00f2, no \u00e9s una ci\u00e8ncia neutral \u2013com no ho \u00e9s cap de les anomenades ci\u00e8ncies socials\u2013, sin\u00f3 que dep\u00e8n de la ideologia i dels valors que l\u2019orienten i de les finalitats que persegueix.<\/p>\n","protected":false},"excerpt":{"rendered":"<p>A hores d\u2019ara ning\u00fa no dubta que tota la ciutadania necessita tenir uns coneixe-ments b\u00e0sics d\u2019economia per tal de comprendre el funcionament de la societat en qu\u00e8 vivim i l\u2019actualitat que cada dia ens arriba a trav\u00e9s de la xarxa i dels diversos mitjans de comunicaci\u00f3, i per tenir criteri propi a l\u2019hora de prendre decisions amb relaci\u00f3 al propi consum i inversions. Hauria de formar part, doncs, d\u2019aquell nucli de sabers i compet\u00e8ncies considerats imprescindibles, que caldria treballar i aprendre al llarg de l\u2019escolaritat obligat\u00f2ria. L\u2019economia, per\u00f2, no \u00e9s una ci\u00e8ncia neutral \u2013com no ho \u00e9s cap de les anomenades ci\u00e8ncies socials\u2013, sin\u00f3 que dep\u00e8n de la ideologia i dels valors que l\u2019orienten i de les finalitats que persegueix.<\/p>\n","protected":false},"featured_media":35971,"comment_status":"open","ping_status":"closed","template":"","meta":{"_et_pb_use_builder":"","_et_pb_old_content":"","_et_gb_content_width":""},"product_cat":[2614,1508,6675,1502],"product_tag":[2602],"edicion":[1083],"editoriales":[1163],"tienda":[],"autor_id":[22221,22223,22226,22222,22225,22224],"universidades_coeditoras":[],"palabras_clave":[],"listado_alfabetico":[],"acf":[],"_links":{"self":[{"href":"https:\/\/wizardly-davinci.82-223-8-23.plesk.page\/en\/wp-json\/wp\/v2\/product\/35970"}],"collection":[{"href":"https:\/\/wizardly-davinci.82-223-8-23.plesk.page\/en\/wp-json\/wp\/v2\/product"}],"about":[{"href":"https:\/\/wizardly-davinci.82-223-8-23.plesk.page\/en\/wp-json\/wp\/v2\/types\/product"}],"replies":[{"embeddable":true,"href":"https:\/\/wizardly-davinci.82-223-8-23.plesk.page\/en\/wp-json\/wp\/v2\/comments?post=35970"}],"wp:featuredmedia":[{"embeddable":true,"href":"https:\/\/wizardly-davinci.82-223-8-23.plesk.page\/en\/wp-json\/wp\/v2\/media\/35971"}],"wp:attachment":[{"href":"https:\/\/wizardly-davinci.82-223-8-23.plesk.page\/en\/wp-json\/wp\/v2\/media?parent=35970"}],"wp:term":[{"taxonomy":"product_cat","embeddable":true,"href":"https:\/\/wizardly-davinci.82-223-8-23.plesk.page\/en\/wp-json\/wp\/v2\/product_cat?post=35970"},{"taxonomy":"product_tag","embeddable":true,"href":"https:\/\/wizardly-davinci.82-223-8-23.plesk.page\/en\/wp-json\/wp\/v2\/product_tag?post=35970"},{"taxonomy":"edicion","embeddable":true,"href":"https:\/\/wizardly-davinci.82-223-8-23.plesk.page\/en\/wp-json\/wp\/v2\/edicion?post=35970"},{"taxonomy":"editoriales","embeddable":true,"href":"https:\/\/wizardly-davinci.82-223-8-23.plesk.page\/en\/wp-json\/wp\/v2\/editoriales?post=35970"},{"taxonomy":"tienda","embeddable":true,"href":"https:\/\/wizardly-davinci.82-223-8-23.plesk.page\/en\/wp-json\/wp\/v2\/tienda?post=35970"},{"taxonomy":"autor_id","embeddable":true,"href":"https:\/\/wizardly-davinci.82-223-8-23.plesk.page\/en\/wp-json\/wp\/v2\/autor_id?post=35970"},{"taxonomy":"universidades_coeditoras","embeddable":true,"href":"https:\/\/wizardly-davinci.82-223-8-23.plesk.page\/en\/wp-json\/wp\/v2\/universidades_coeditoras?post=35970"},{"taxonomy":"palabras_clave","embeddable":true,"href":"https:\/\/wizardly-davinci.82-223-8-23.plesk.page\/en\/wp-json\/wp\/v2\/palabras_clave?post=35970"},{"taxonomy":"listado_alfabetico","embeddable":true,"href":"https:\/\/wizardly-davinci.82-223-8-23.plesk.page\/en\/wp-json\/wp\/v2\/listado_alfabetico?post=35970"}],"curies":[{"name":"wp","href":"https:\/\/api.w.org\/{rel}","templated":true}]}}