{"id":35991,"date":"2009-01-01T00:00:00","date_gmt":"2009-01-01T00:00:00","guid":{"rendered":"https:\/\/octaedro.com\/?post_type=product&#038;p=35991"},"modified":"2023-04-24T13:06:16","modified_gmt":"2023-04-24T11:06:16","slug":"superficies-volums-i-linies","status":"publish","type":"product","link":"https:\/\/wizardly-davinci.82-223-8-23.plesk.page\/en\/producto\/superficies-volums-i-linies\/","title":{"rendered":"Superf\u00edcies, volums i l\u00ednies"},"content":{"rendered":"<p>La col\u00b7lecci\u00f3 Els Dossiers de la Maria Ant\u00f2nia Canals recull una mostra dels materials que l\u2019autora ha anat elaborant al llarg de la seva dilatada traject\u00f2ria, conjuntament amb el gabinet GAMAR de la Universitat de Girona. Una col\u00b7lecci\u00f3 imprescindible per posar a l\u2019abast de tot el professorat una oferta innovadora i evidenciar el paper del material en l\u2019aprenentatge de les matem\u00e0tiques en Educaci\u00f3 Infantil, Educaci\u00f3 Prim\u00e0ria i ESO.<br \/>\nEls materials de la col\u00b7lecci\u00f3 no pretenen donar resposta a cap curr\u00edculum, ni oficial ni personal. Nom\u00e9s s\u2019han escollit uns temes clau i s&#8217;han intentat aprofundir des de la mirada matem\u00e0tica i des de la voluntat d\u2019adequar-los als nens i les nenes.<br \/>\nCada t\u00edtol oferta un tema organitzat en tres o m\u00e9s blocs. Cada bloc est\u00e0 format, al mateix temps, per unes orientacions did\u00e0ctiques, propostes d\u2019activitats i un extens annex amb models de plantilles fotocopiables.<\/p>\n<p>Els temes de la col\u00b7lecci\u00f3 s\u00f3n els seg\u00fcents:<br \/>\n101. Primers nombres i primeres operacions<br \/>\n102. El treball de les fraccions<br \/>\n103. Estad\u00edstica, combinat\u00f2ria i probabilitat<br \/>\n104. L\u00f2gica a totes les edats<br \/>\n105. Superf\u00edcies, volums i l\u00ednies<br \/>\n106. Transformacions geom\u00e8triques<br \/>\n107. Problemes i m\u00e9s problemes<br \/>\n108. Mesures i geometria<br \/>\n109. Nombres i operacions II<br \/>\n110. C\u00e0lcul amb reglets num\u00e8rics<\/p>\n","protected":false},"excerpt":{"rendered":"<p>La col\u00b7lecci\u00f3 Els Dossiers de la Maria Ant\u00f2nia Canals recull una mostra dels materials que l\u2019autora ha anat elaborant al llarg de la seva dilatada traject\u00f2ria, conjuntament amb el gabinet GAMAR de la Universitat de Girona. Una col\u00b7lecci\u00f3 imprescindible per posar a l\u2019abast de tot el professorat una oferta innovadora i evidenciar el paper del material en l\u2019aprenentatge de les matem\u00e0tiques en Educaci\u00f3 Infantil, Educaci\u00f3 Prim\u00e0ria i ESO.<br \/>\nEls materials de la col\u00b7lecci\u00f3 no pretenen donar resposta a cap curr\u00edculum, ni oficial ni personal. Nom\u00e9s s\u2019han escollit uns temes clau i s&#8217;han intentat aprofundir des de la mirada matem\u00e0tica i des de la voluntat d\u2019adequar-los als nens i les nenes.<br \/>\nCada t\u00edtol oferta un tema organitzat en tres o m\u00e9s blocs. Cada bloc est\u00e0 format, al mateix temps, per unes orientacions did\u00e0ctiques, propostes d\u2019activitats i un extens annex amb models de plantilles fotocopiables.<\/p>\n<p>Els temes de la col\u00b7lecci\u00f3 s\u00f3n els seg\u00fcents:<br \/>\n101. Primers nombres i primeres operacions<br \/>\n102. El treball de les fraccions<br \/>\n103. Estad\u00edstica, combinat\u00f2ria i probabilitat<br \/>\n104. L\u00f2gica a totes les edats<br \/>\n105. Superf\u00edcies, volums i l\u00ednies<br \/>\n106. Transformacions geom\u00e8triques<br \/>\n107. Problemes i m\u00e9s problemes<br \/>\n108. Mesures i geometria<br \/>\n109. Nombres i operacions II<br \/>\n110. C\u00e0lcul amb reglets num\u00e8rics<\/p>\n","protected":false},"featured_media":35993,"comment_status":"open","ping_status":"closed","template":"","meta":{"_et_pb_use_builder":"","_et_pb_old_content":"","_et_gb_content_width":""},"product_cat":[2614,1508,6675,1502],"product_tag":[2602],"edicion":[1083],"editoriales":[1163],"tienda":[],"autor_id":[5238],"universidades_coeditoras":[],"palabras_clave":[],"listado_alfabetico":[],"acf":[],"_links":{"self":[{"href":"https:\/\/wizardly-davinci.82-223-8-23.plesk.page\/en\/wp-json\/wp\/v2\/product\/35991"}],"collection":[{"href":"https:\/\/wizardly-davinci.82-223-8-23.plesk.page\/en\/wp-json\/wp\/v2\/product"}],"about":[{"href":"https:\/\/wizardly-davinci.82-223-8-23.plesk.page\/en\/wp-json\/wp\/v2\/types\/product"}],"replies":[{"embeddable":true,"href":"https:\/\/wizardly-davinci.82-223-8-23.plesk.page\/en\/wp-json\/wp\/v2\/comments?post=35991"}],"wp:featuredmedia":[{"embeddable":true,"href":"https:\/\/wizardly-davinci.82-223-8-23.plesk.page\/en\/wp-json\/wp\/v2\/media\/35993"}],"wp:attachment":[{"href":"https:\/\/wizardly-davinci.82-223-8-23.plesk.page\/en\/wp-json\/wp\/v2\/media?parent=35991"}],"wp:term":[{"taxonomy":"product_cat","embeddable":true,"href":"https:\/\/wizardly-davinci.82-223-8-23.plesk.page\/en\/wp-json\/wp\/v2\/product_cat?post=35991"},{"taxonomy":"product_tag","embeddable":true,"href":"https:\/\/wizardly-davinci.82-223-8-23.plesk.page\/en\/wp-json\/wp\/v2\/product_tag?post=35991"},{"taxonomy":"edicion","embeddable":true,"href":"https:\/\/wizardly-davinci.82-223-8-23.plesk.page\/en\/wp-json\/wp\/v2\/edicion?post=35991"},{"taxonomy":"editoriales","embeddable":true,"href":"https:\/\/wizardly-davinci.82-223-8-23.plesk.page\/en\/wp-json\/wp\/v2\/editoriales?post=35991"},{"taxonomy":"tienda","embeddable":true,"href":"https:\/\/wizardly-davinci.82-223-8-23.plesk.page\/en\/wp-json\/wp\/v2\/tienda?post=35991"},{"taxonomy":"autor_id","embeddable":true,"href":"https:\/\/wizardly-davinci.82-223-8-23.plesk.page\/en\/wp-json\/wp\/v2\/autor_id?post=35991"},{"taxonomy":"universidades_coeditoras","embeddable":true,"href":"https:\/\/wizardly-davinci.82-223-8-23.plesk.page\/en\/wp-json\/wp\/v2\/universidades_coeditoras?post=35991"},{"taxonomy":"palabras_clave","embeddable":true,"href":"https:\/\/wizardly-davinci.82-223-8-23.plesk.page\/en\/wp-json\/wp\/v2\/palabras_clave?post=35991"},{"taxonomy":"listado_alfabetico","embeddable":true,"href":"https:\/\/wizardly-davinci.82-223-8-23.plesk.page\/en\/wp-json\/wp\/v2\/listado_alfabetico?post=35991"}],"curies":[{"name":"wp","href":"https:\/\/api.w.org\/{rel}","templated":true}]}}