{"id":36038,"date":"2014-02-01T00:00:00","date_gmt":"2014-02-01T00:00:00","guid":{"rendered":"https:\/\/octaedro.com\/?post_type=product&#038;p=36038"},"modified":"2023-04-24T13:00:31","modified_gmt":"2023-04-24T11:00:31","slug":"matematiques-quadern-16","status":"publish","type":"product","link":"https:\/\/wizardly-davinci.82-223-8-23.plesk.page\/en\/producto\/matematiques-quadern-16\/","title":{"rendered":"Matem\u00e0tiques. Quadern 16"},"content":{"rendered":"<p>Els quaderns de matem\u00e0tiques que teniu a les mans es proposen com a OBJECTIU:<\/p>\n<ul>\n<li>Ajudar els nens i nenes a generar les diverses nocions o conceptes matem\u00e0tics propis de l\u2019etapa de maduraci\u00f3 en qu\u00e8 es troben.<\/li>\n<li>Donar-los l\u2019ocasi\u00f3 de consolidar les capacitats b\u00e0siques del seu pensament l\u00f2gic.<\/li>\n<li>Facilitar el seu progr\u00e9s en el camp dels nombres i operacions, del mesurament i la probabilitat, de la resoluci\u00f3 de problemes i el coneixement geom\u00e8tric de l\u2019espai.<\/li>\n<li>Ser una invitaci\u00f3 a treballar aquestes nocions d\u2019una manera l\u00fadica i alhora seriosa, fugint de la rutina i fomentant l\u2019esfor\u00e7 i el plaer del descobriment.<\/li>\n<\/ul>\n<p>Partint de la convicci\u00f3 que en l\u2019etapa de prim\u00e0ria la construcci\u00f3 del pensament matem\u00e0tic s\u2019ha de recolzar en la pr\u00f2pia experi\u00e8ncia i en la manipulaci\u00f3 de materials tangibles, els quaderns s\u2019han elaborat en estreta relaci\u00f3 amb els \u00abDossiers de M. Ant\u00f2nia Canals\u00bb, editats per Rosa Sensat, que ofereixen a tothom la facilitat de treballar en la l\u00ednia del gabinet GAMAR, de la Universitat de Girona. Per aix\u00f2 els dossiers s\u00f3n molt recomanables per fer una utilitzaci\u00f3 efica\u00e7 dels quaderns.<\/p>\n<p>Els temes de la col\u00b7lecci\u00f3 s\u00f3n els seg\u00fcents:<\/p>\n<p>101. Primers nombres i primeres operacions<br \/>\n102. Fraccions<br \/>\n103. Estad\u00edstica, combinat\u00f2ria i probabilitat<br \/>\n104. L\u00f2gica a totes les edats<br \/>\n105. Superf\u00edcies, volums i l\u00ednies<br \/>\n106. Transformacions geom\u00e8triques<br \/>\n107. Problemes i m\u00e9s problemes<br \/>\n108. Mesures i geometria<br \/>\n109. Nombres i operacions II<br \/>\n110. C\u00e0lcul amb reglets num\u00e8rics<\/p>\n","protected":false},"excerpt":{"rendered":"<p>Els quaderns de matem\u00e0tiques que teniu a les mans es proposen com a OBJECTIU:<\/p>\n<ul>\n<li>Ajudar els nens i nenes a generar les diverses nocions o conceptes matem\u00e0tics propis de l\u2019etapa de maduraci\u00f3 en qu\u00e8 es troben.<\/li>\n<li>Donar-los l\u2019ocasi\u00f3 de consolidar les capacitats b\u00e0siques del seu pensament l\u00f2gic.<\/li>\n<li>Facilitar el seu progr\u00e9s en el camp dels nombres i operacions, del mesurament i la probabilitat, de la resoluci\u00f3 de problemes i el coneixement geom\u00e8tric de l\u2019espai.<\/li>\n<li>Ser una invitaci\u00f3 a treballar aquestes nocions d\u2019una manera l\u00fadica i alhora seriosa, fugint de la rutina i fomentant l\u2019esfor\u00e7 i el plaer del descobriment.<\/li>\n<\/ul>\n<p>Partint de la convicci\u00f3 que en l\u2019etapa de prim\u00e0ria la construcci\u00f3 del pensament matem\u00e0tic s\u2019ha de recolzar en la pr\u00f2pia experi\u00e8ncia i en la manipulaci\u00f3 de materials tangibles, els quaderns s\u2019han elaborat en estreta relaci\u00f3 amb els \u00abDossiers de M. Ant\u00f2nia Canals\u00bb, editats per Rosa Sensat, que ofereixen a tothom la facilitat de treballar en la l\u00ednia del gabinet GAMAR, de la Universitat de Girona. Per aix\u00f2 els dossiers s\u00f3n molt recomanables per fer una utilitzaci\u00f3 efica\u00e7 dels quaderns.<\/p>\n<p>Els temes de la col\u00b7lecci\u00f3 s\u00f3n els seg\u00fcents:<\/p>\n<p>101. Primers nombres i primeres operacions<br \/>\n102. Fraccions<br \/>\n103. Estad\u00edstica, combinat\u00f2ria i probabilitat<br \/>\n104. L\u00f2gica a totes les edats<br \/>\n105. Superf\u00edcies, volums i l\u00ednies<br \/>\n106. Transformacions geom\u00e8triques<br \/>\n107. Problemes i m\u00e9s problemes<br \/>\n108. Mesures i geometria<br \/>\n109. Nombres i operacions II<br \/>\n110. C\u00e0lcul amb reglets num\u00e8rics<\/p>\n","protected":false},"featured_media":36033,"comment_status":"open","ping_status":"closed","template":"","meta":{"_et_pb_use_builder":"","_et_pb_old_content":"","_et_gb_content_width":""},"product_cat":[2614,1508,6675,1502],"product_tag":[2602],"edicion":[1083],"editoriales":[1163],"tienda":[],"autor_id":[5238],"universidades_coeditoras":[],"palabras_clave":[],"listado_alfabetico":[],"acf":[],"_links":{"self":[{"href":"https:\/\/wizardly-davinci.82-223-8-23.plesk.page\/en\/wp-json\/wp\/v2\/product\/36038"}],"collection":[{"href":"https:\/\/wizardly-davinci.82-223-8-23.plesk.page\/en\/wp-json\/wp\/v2\/product"}],"about":[{"href":"https:\/\/wizardly-davinci.82-223-8-23.plesk.page\/en\/wp-json\/wp\/v2\/types\/product"}],"replies":[{"embeddable":true,"href":"https:\/\/wizardly-davinci.82-223-8-23.plesk.page\/en\/wp-json\/wp\/v2\/comments?post=36038"}],"wp:featuredmedia":[{"embeddable":true,"href":"https:\/\/wizardly-davinci.82-223-8-23.plesk.page\/en\/wp-json\/wp\/v2\/media\/36033"}],"wp:attachment":[{"href":"https:\/\/wizardly-davinci.82-223-8-23.plesk.page\/en\/wp-json\/wp\/v2\/media?parent=36038"}],"wp:term":[{"taxonomy":"product_cat","embeddable":true,"href":"https:\/\/wizardly-davinci.82-223-8-23.plesk.page\/en\/wp-json\/wp\/v2\/product_cat?post=36038"},{"taxonomy":"product_tag","embeddable":true,"href":"https:\/\/wizardly-davinci.82-223-8-23.plesk.page\/en\/wp-json\/wp\/v2\/product_tag?post=36038"},{"taxonomy":"edicion","embeddable":true,"href":"https:\/\/wizardly-davinci.82-223-8-23.plesk.page\/en\/wp-json\/wp\/v2\/edicion?post=36038"},{"taxonomy":"editoriales","embeddable":true,"href":"https:\/\/wizardly-davinci.82-223-8-23.plesk.page\/en\/wp-json\/wp\/v2\/editoriales?post=36038"},{"taxonomy":"tienda","embeddable":true,"href":"https:\/\/wizardly-davinci.82-223-8-23.plesk.page\/en\/wp-json\/wp\/v2\/tienda?post=36038"},{"taxonomy":"autor_id","embeddable":true,"href":"https:\/\/wizardly-davinci.82-223-8-23.plesk.page\/en\/wp-json\/wp\/v2\/autor_id?post=36038"},{"taxonomy":"universidades_coeditoras","embeddable":true,"href":"https:\/\/wizardly-davinci.82-223-8-23.plesk.page\/en\/wp-json\/wp\/v2\/universidades_coeditoras?post=36038"},{"taxonomy":"palabras_clave","embeddable":true,"href":"https:\/\/wizardly-davinci.82-223-8-23.plesk.page\/en\/wp-json\/wp\/v2\/palabras_clave?post=36038"},{"taxonomy":"listado_alfabetico","embeddable":true,"href":"https:\/\/wizardly-davinci.82-223-8-23.plesk.page\/en\/wp-json\/wp\/v2\/listado_alfabetico?post=36038"}],"curies":[{"name":"wp","href":"https:\/\/api.w.org\/{rel}","templated":true}]}}