{"id":36044,"date":"2019-09-01T00:00:00","date_gmt":"2019-09-01T00:00:00","guid":{"rendered":"https:\/\/octaedro.com\/?post_type=product&#038;p=36044"},"modified":"2023-04-24T13:00:52","modified_gmt":"2023-04-24T11:00:52","slug":"1939-lexili-del-magisteri-de-catalunya","status":"publish","type":"product","link":"https:\/\/wizardly-davinci.82-223-8-23.plesk.page\/en\/producto\/1939-lexili-del-magisteri-de-catalunya\/","title":{"rendered":"1939: L&#8217;exili del magisteri de Catalunya"},"content":{"rendered":"<p>Molts anys de silenci han fet que desconeguem aspectes importants de la nostra hist\u00f2ria recent. A Catalunya, durant la Rep\u00fablica, el treball dels mestres va ser una pe\u00e7a clau per transformar el pa\u00eds, amb una escola que tenia per objectiu aprendre a pensar i no pas emmagatzemar, passar de s\u00fabdits a ciutadans.<br \/>\nAquesta experi\u00e8ncia positiva i renovadora va acabar malament, amb la vict\u00f2ria militar dels feixistes, i molts mestres varen haver de marxar a l\u2019exili. En aquest llibre es presenta una panor\u00e0mica general del que va passar amb aquests homes i dones, dem\u00f2crates, republicans i excel\u00b7lents professionals.<br \/>\nS\u2019explica qui eren, qu\u00e8 feien, l\u2019estada als camps de concentraci\u00f3, la sortida cap a altres pa\u00efsos, especialment a Am\u00e8rica, com varen treballar all\u00e0 impulsant un ensenyament renovador i actiu\u2026 I tamb\u00e9 es parla del retorn d\u2019alguns d\u2019ells i de les difi cultats per continuar exercint sota el r\u00e8gim franquista. Una hist\u00f2ria massa desconeguda que vol retre homenatge a aquests mestres que lluitaren i sofriren per una escola nova i per una societat m\u00e9s justa.<\/p>\n","protected":false},"excerpt":{"rendered":"<p>Molts anys de silenci han fet que desconeguem aspectes importants de la nostra hist\u00f2ria recent. A Catalunya, durant la Rep\u00fablica, el treball dels mestres va ser una pe\u00e7a clau per transformar el pa\u00eds, amb una escola que tenia per objectiu aprendre a pensar i no pas emmagatzemar, passar de s\u00fabdits a ciutadans.<br \/>\nAquesta experi\u00e8ncia positiva i renovadora va acabar malament, amb la vict\u00f2ria militar dels feixistes, i molts mestres varen haver de marxar a l\u2019exili. En aquest llibre es presenta una panor\u00e0mica general del que va passar amb aquests homes i dones, dem\u00f2crates, republicans i excel\u00b7lents professionals.<br \/>\nS\u2019explica qui eren, qu\u00e8 feien, l\u2019estada als camps de concentraci\u00f3, la sortida cap a altres pa\u00efsos, especialment a Am\u00e8rica, com varen treballar all\u00e0 impulsant un ensenyament renovador i actiu\u2026 I tamb\u00e9 es parla del retorn d\u2019alguns d\u2019ells i de les difi cultats per continuar exercint sota el r\u00e8gim franquista. Una hist\u00f2ria massa desconeguda que vol retre homenatge a aquests mestres que lluitaren i sofriren per una escola nova i per una societat m\u00e9s justa.<\/p>\n","protected":false},"featured_media":36043,"comment_status":"open","ping_status":"closed","template":"","meta":{"_et_pb_use_builder":"","_et_pb_old_content":"","_et_gb_content_width":""},"product_cat":[2614,1508,6675,1502],"product_tag":[2602],"edicion":[1083],"editoriales":[1163],"tienda":[],"autor_id":[22160],"universidades_coeditoras":[],"palabras_clave":[],"listado_alfabetico":[],"acf":[],"_links":{"self":[{"href":"https:\/\/wizardly-davinci.82-223-8-23.plesk.page\/en\/wp-json\/wp\/v2\/product\/36044"}],"collection":[{"href":"https:\/\/wizardly-davinci.82-223-8-23.plesk.page\/en\/wp-json\/wp\/v2\/product"}],"about":[{"href":"https:\/\/wizardly-davinci.82-223-8-23.plesk.page\/en\/wp-json\/wp\/v2\/types\/product"}],"replies":[{"embeddable":true,"href":"https:\/\/wizardly-davinci.82-223-8-23.plesk.page\/en\/wp-json\/wp\/v2\/comments?post=36044"}],"wp:featuredmedia":[{"embeddable":true,"href":"https:\/\/wizardly-davinci.82-223-8-23.plesk.page\/en\/wp-json\/wp\/v2\/media\/36043"}],"wp:attachment":[{"href":"https:\/\/wizardly-davinci.82-223-8-23.plesk.page\/en\/wp-json\/wp\/v2\/media?parent=36044"}],"wp:term":[{"taxonomy":"product_cat","embeddable":true,"href":"https:\/\/wizardly-davinci.82-223-8-23.plesk.page\/en\/wp-json\/wp\/v2\/product_cat?post=36044"},{"taxonomy":"product_tag","embeddable":true,"href":"https:\/\/wizardly-davinci.82-223-8-23.plesk.page\/en\/wp-json\/wp\/v2\/product_tag?post=36044"},{"taxonomy":"edicion","embeddable":true,"href":"https:\/\/wizardly-davinci.82-223-8-23.plesk.page\/en\/wp-json\/wp\/v2\/edicion?post=36044"},{"taxonomy":"editoriales","embeddable":true,"href":"https:\/\/wizardly-davinci.82-223-8-23.plesk.page\/en\/wp-json\/wp\/v2\/editoriales?post=36044"},{"taxonomy":"tienda","embeddable":true,"href":"https:\/\/wizardly-davinci.82-223-8-23.plesk.page\/en\/wp-json\/wp\/v2\/tienda?post=36044"},{"taxonomy":"autor_id","embeddable":true,"href":"https:\/\/wizardly-davinci.82-223-8-23.plesk.page\/en\/wp-json\/wp\/v2\/autor_id?post=36044"},{"taxonomy":"universidades_coeditoras","embeddable":true,"href":"https:\/\/wizardly-davinci.82-223-8-23.plesk.page\/en\/wp-json\/wp\/v2\/universidades_coeditoras?post=36044"},{"taxonomy":"palabras_clave","embeddable":true,"href":"https:\/\/wizardly-davinci.82-223-8-23.plesk.page\/en\/wp-json\/wp\/v2\/palabras_clave?post=36044"},{"taxonomy":"listado_alfabetico","embeddable":true,"href":"https:\/\/wizardly-davinci.82-223-8-23.plesk.page\/en\/wp-json\/wp\/v2\/listado_alfabetico?post=36044"}],"curies":[{"name":"wp","href":"https:\/\/api.w.org\/{rel}","templated":true}]}}