{"id":36046,"date":"2019-06-01T00:00:00","date_gmt":"2019-06-01T00:00:00","guid":{"rendered":"https:\/\/octaedro.com\/?post_type=product&#038;p=36046"},"modified":"2023-04-24T12:51:26","modified_gmt":"2023-04-24T10:51:26","slug":"tres-professors-de-matematiques","status":"publish","type":"product","link":"https:\/\/wizardly-davinci.82-223-8-23.plesk.page\/en\/producto\/tres-professors-de-matematiques\/","title":{"rendered":"Tres professors de matem\u00e0tiques"},"content":{"rendered":"<p>Claudi Alsina, Anton Aubanell i Carme Burgu\u00e9s s\u00f3n tres referents de l\u2019ensenyament de les matem\u00e0tiques al nostre pa\u00eds. Al deixant de la seva vida professional ens ofereixen en aquest llibre les seves refl exions ben sedimentades i contrastades sobre l\u2019educaci\u00f3 matem\u00e0tica, sobre la formaci\u00f3 inicial i permanent del professorat i sobre la innovaci\u00f3 docent, des de l\u2019experi\u00e8ncia viscuda. A m\u00e9s, ens ofereixen una visi\u00f3 detallada sobre l\u2019\u00fas dels materials manipulables com a recursos especialment adients i efi ca\u00e7os per a l\u2019aprenentatge matem\u00e0tic i acaben amb un cant d\u2019amor a les matem\u00e0tiques.<\/p>\n","protected":false},"excerpt":{"rendered":"<p>Claudi Alsina, Anton Aubanell i Carme Burgu\u00e9s s\u00f3n tres referents de l\u2019ensenyament de les matem\u00e0tiques al nostre pa\u00eds. Al deixant de la seva vida professional ens ofereixen en aquest llibre les seves refl exions ben sedimentades i contrastades sobre l\u2019educaci\u00f3 matem\u00e0tica, sobre la formaci\u00f3 inicial i permanent del professorat i sobre la innovaci\u00f3 docent, des de l\u2019experi\u00e8ncia viscuda. A m\u00e9s, ens ofereixen una visi\u00f3 detallada sobre l\u2019\u00fas dels materials manipulables com a recursos especialment adients i efi ca\u00e7os per a l\u2019aprenentatge matem\u00e0tic i acaben amb un cant d\u2019amor a les matem\u00e0tiques.<\/p>\n","protected":false},"featured_media":36045,"comment_status":"open","ping_status":"closed","template":"","meta":{"_et_pb_use_builder":"","_et_pb_old_content":"","_et_gb_content_width":""},"product_cat":[2614,1508,6675,1502],"product_tag":[2602],"edicion":[1083],"editoriales":[1163],"tienda":[],"autor_id":[22161,22162,22163],"universidades_coeditoras":[],"palabras_clave":[],"listado_alfabetico":[],"acf":[],"_links":{"self":[{"href":"https:\/\/wizardly-davinci.82-223-8-23.plesk.page\/en\/wp-json\/wp\/v2\/product\/36046"}],"collection":[{"href":"https:\/\/wizardly-davinci.82-223-8-23.plesk.page\/en\/wp-json\/wp\/v2\/product"}],"about":[{"href":"https:\/\/wizardly-davinci.82-223-8-23.plesk.page\/en\/wp-json\/wp\/v2\/types\/product"}],"replies":[{"embeddable":true,"href":"https:\/\/wizardly-davinci.82-223-8-23.plesk.page\/en\/wp-json\/wp\/v2\/comments?post=36046"}],"wp:featuredmedia":[{"embeddable":true,"href":"https:\/\/wizardly-davinci.82-223-8-23.plesk.page\/en\/wp-json\/wp\/v2\/media\/36045"}],"wp:attachment":[{"href":"https:\/\/wizardly-davinci.82-223-8-23.plesk.page\/en\/wp-json\/wp\/v2\/media?parent=36046"}],"wp:term":[{"taxonomy":"product_cat","embeddable":true,"href":"https:\/\/wizardly-davinci.82-223-8-23.plesk.page\/en\/wp-json\/wp\/v2\/product_cat?post=36046"},{"taxonomy":"product_tag","embeddable":true,"href":"https:\/\/wizardly-davinci.82-223-8-23.plesk.page\/en\/wp-json\/wp\/v2\/product_tag?post=36046"},{"taxonomy":"edicion","embeddable":true,"href":"https:\/\/wizardly-davinci.82-223-8-23.plesk.page\/en\/wp-json\/wp\/v2\/edicion?post=36046"},{"taxonomy":"editoriales","embeddable":true,"href":"https:\/\/wizardly-davinci.82-223-8-23.plesk.page\/en\/wp-json\/wp\/v2\/editoriales?post=36046"},{"taxonomy":"tienda","embeddable":true,"href":"https:\/\/wizardly-davinci.82-223-8-23.plesk.page\/en\/wp-json\/wp\/v2\/tienda?post=36046"},{"taxonomy":"autor_id","embeddable":true,"href":"https:\/\/wizardly-davinci.82-223-8-23.plesk.page\/en\/wp-json\/wp\/v2\/autor_id?post=36046"},{"taxonomy":"universidades_coeditoras","embeddable":true,"href":"https:\/\/wizardly-davinci.82-223-8-23.plesk.page\/en\/wp-json\/wp\/v2\/universidades_coeditoras?post=36046"},{"taxonomy":"palabras_clave","embeddable":true,"href":"https:\/\/wizardly-davinci.82-223-8-23.plesk.page\/en\/wp-json\/wp\/v2\/palabras_clave?post=36046"},{"taxonomy":"listado_alfabetico","embeddable":true,"href":"https:\/\/wizardly-davinci.82-223-8-23.plesk.page\/en\/wp-json\/wp\/v2\/listado_alfabetico?post=36046"}],"curies":[{"name":"wp","href":"https:\/\/api.w.org\/{rel}","templated":true}]}}