{"id":37218,"date":"2020-02-24T14:10:58","date_gmt":"2020-02-24T14:10:58","guid":{"rendered":"https:\/\/octaedro.com\/?post_type=product&#038;p=37218"},"modified":"2023-04-24T12:34:44","modified_gmt":"2023-04-24T10:34:44","slug":"teatro-en-la-educacion","status":"publish","type":"product","link":"https:\/\/wizardly-davinci.82-223-8-23.plesk.page\/en\/producto\/teatro-en-la-educacion\/","title":{"rendered":"Teatro en la educaci\u00f3n"},"content":{"rendered":"<p><span style=\"font-weight: 400;\">Este libro recorre la trayectoria seguida por el teatro en la educaci\u00f3n en nuestro pa\u00eds durante 48 a\u00f1os. Partiendo de los diferentes t\u00e9rminos utilizados para denominar las artes esc\u00e9nicas aplicadas a la educaci\u00f3n y de las teor\u00edas pedag\u00f3gicas y psicol\u00f3gicas en que estas hunden sus ra\u00edces, se organiza el contenido en los periodos de vigencia de las leyes de educaci\u00f3n que las regulan. En la \u00faltima parte, se plantean algunas de las nuevas perspectivas del teatro en la educaci\u00f3n: como medio de inclusi\u00f3n, para la ense\u00f1anza de segundas lenguas y para afrontar los cambios que generan los <\/span><i><span style=\"font-weight: 400;\">social media<\/span><\/i><span style=\"font-weight: 400;\"> o algunas de las posibilidades del teatro posdram\u00e1tico.\u00a0<\/span><\/p>\n<p><span style=\"font-weight: 400;\">As\u00ed, profesorado universitario de Ciencias de la Educaci\u00f3n, Educaci\u00f3n Social, Psicolog\u00eda de la Educaci\u00f3n, Magisterio y Trabajo Social; estudiantes de estas especialidades, profesorado de Artes Esc\u00e9nicas de Ense\u00f1anza Media, educadores sociales, talleristas de teatro, actores y actrices, dramaterapeutas, mediadores culturales y cualquier persona interesada en el teatro aplicado podr\u00e1n tomar conciencia de la necesidad de conocer c\u00f3mo ha evolucionado el teatro en la educaci\u00f3n, y encontrar\u00e1n aqu\u00ed un instrumento para su pr\u00e1ctica educativa, pues si no conocemos de d\u00f3nde venimos, d\u00f3nde estamos y hacia d\u00f3nde podemos ir, seremos incapaces de construir el futuro de las artes esc\u00e9nicas aplicadas a la educaci\u00f3n.<\/span><\/p>\n","protected":false},"excerpt":{"rendered":"<p><span style=\"font-weight: 400;\">Este libro recorre la trayectoria seguida por el teatro en la educaci\u00f3n en nuestro pa\u00eds durante 48 a\u00f1os. Partiendo de los diferentes t\u00e9rminos utilizados para denominar las artes esc\u00e9nicas aplicadas a la educaci\u00f3n y de las teor\u00edas pedag\u00f3gicas y psicol\u00f3gicas en que estas hunden sus ra\u00edces, se organiza el contenido en los periodos de vigencia de las leyes de educaci\u00f3n que las regulan. En la \u00faltima parte, se plantean algunas de las nuevas perspectivas del teatro en la educaci\u00f3n: como medio de inclusi\u00f3n, para la ense\u00f1anza de segundas lenguas y para afrontar los cambios que generan los <\/span><i><span style=\"font-weight: 400;\">social media<\/span><\/i><span style=\"font-weight: 400;\"> o algunas de las posibilidades del teatro posdram\u00e1tico.\u00a0<\/span><\/p>\n<p><span style=\"font-weight: 400;\">As\u00ed, profesorado universitario de Ciencias de la Educaci\u00f3n, Educaci\u00f3n Social, Psicolog\u00eda de la Educaci\u00f3n, Magisterio y Trabajo Social; estudiantes de estas especialidades, profesorado de Artes Esc\u00e9nicas de Ense\u00f1anza Media, educadores sociales, talleristas de teatro, actores y actrices, dramaterapeutas, mediadores culturales y cualquier persona interesada en el teatro aplicado podr\u00e1n tomar conciencia de la necesidad de conocer c\u00f3mo ha evolucionado el teatro en la educaci\u00f3n, y encontrar\u00e1n aqu\u00ed un instrumento para su pr\u00e1ctica educativa, pues si no conocemos de d\u00f3nde venimos, d\u00f3nde estamos y hacia d\u00f3nde podemos ir, seremos incapaces de construir el futuro de las artes esc\u00e9nicas aplicadas a la educaci\u00f3n.<\/span><\/p>\n","protected":false},"featured_media":37219,"comment_status":"open","ping_status":"closed","template":"","meta":{"_et_pb_use_builder":"","_et_pb_old_content":"","_et_gb_content_width":""},"product_cat":[1512,6675],"product_tag":[2602],"edicion":[1083],"editoriales":[],"tienda":[],"autor_id":[6020],"universidades_coeditoras":[],"palabras_clave":[],"listado_alfabetico":[],"acf":[],"_links":{"self":[{"href":"https:\/\/wizardly-davinci.82-223-8-23.plesk.page\/en\/wp-json\/wp\/v2\/product\/37218"}],"collection":[{"href":"https:\/\/wizardly-davinci.82-223-8-23.plesk.page\/en\/wp-json\/wp\/v2\/product"}],"about":[{"href":"https:\/\/wizardly-davinci.82-223-8-23.plesk.page\/en\/wp-json\/wp\/v2\/types\/product"}],"replies":[{"embeddable":true,"href":"https:\/\/wizardly-davinci.82-223-8-23.plesk.page\/en\/wp-json\/wp\/v2\/comments?post=37218"}],"wp:featuredmedia":[{"embeddable":true,"href":"https:\/\/wizardly-davinci.82-223-8-23.plesk.page\/en\/wp-json\/wp\/v2\/media\/37219"}],"wp:attachment":[{"href":"https:\/\/wizardly-davinci.82-223-8-23.plesk.page\/en\/wp-json\/wp\/v2\/media?parent=37218"}],"wp:term":[{"taxonomy":"product_cat","embeddable":true,"href":"https:\/\/wizardly-davinci.82-223-8-23.plesk.page\/en\/wp-json\/wp\/v2\/product_cat?post=37218"},{"taxonomy":"product_tag","embeddable":true,"href":"https:\/\/wizardly-davinci.82-223-8-23.plesk.page\/en\/wp-json\/wp\/v2\/product_tag?post=37218"},{"taxonomy":"edicion","embeddable":true,"href":"https:\/\/wizardly-davinci.82-223-8-23.plesk.page\/en\/wp-json\/wp\/v2\/edicion?post=37218"},{"taxonomy":"editoriales","embeddable":true,"href":"https:\/\/wizardly-davinci.82-223-8-23.plesk.page\/en\/wp-json\/wp\/v2\/editoriales?post=37218"},{"taxonomy":"tienda","embeddable":true,"href":"https:\/\/wizardly-davinci.82-223-8-23.plesk.page\/en\/wp-json\/wp\/v2\/tienda?post=37218"},{"taxonomy":"autor_id","embeddable":true,"href":"https:\/\/wizardly-davinci.82-223-8-23.plesk.page\/en\/wp-json\/wp\/v2\/autor_id?post=37218"},{"taxonomy":"universidades_coeditoras","embeddable":true,"href":"https:\/\/wizardly-davinci.82-223-8-23.plesk.page\/en\/wp-json\/wp\/v2\/universidades_coeditoras?post=37218"},{"taxonomy":"palabras_clave","embeddable":true,"href":"https:\/\/wizardly-davinci.82-223-8-23.plesk.page\/en\/wp-json\/wp\/v2\/palabras_clave?post=37218"},{"taxonomy":"listado_alfabetico","embeddable":true,"href":"https:\/\/wizardly-davinci.82-223-8-23.plesk.page\/en\/wp-json\/wp\/v2\/listado_alfabetico?post=37218"}],"curies":[{"name":"wp","href":"https:\/\/api.w.org\/{rel}","templated":true}]}}