{"id":37339,"date":"2020-03-04T12:58:43","date_gmt":"2020-03-04T12:58:43","guid":{"rendered":"https:\/\/octaedro.com\/?post_type=product&#038;p=37339"},"modified":"2023-04-24T12:35:49","modified_gmt":"2023-04-24T10:35:49","slug":"la-escuela-incluida-en-el-territorio","status":"publish","type":"product","link":"https:\/\/wizardly-davinci.82-223-8-23.plesk.page\/en\/producto\/la-escuela-incluida-en-el-territorio\/","title":{"rendered":"La escuela incluida en el territorio"},"content":{"rendered":"<p><span style=\"font-weight: 400;\">En estos momentos de agitaci\u00f3n pol\u00edtica, la escuela cobra un papel emergente en la formaci\u00f3n de la ciudadan\u00eda cr\u00edtica. Construir una escuela incluida en su territorio nos lleva a preguntarnos sobre el papel de la instituci\u00f3n escolar como un agente fundamental de mejora social y educativa para su entorno. Por ello, la escuela incluida se asienta sobre los principios de la inclusi\u00f3n, la interculturalidad y la democratizaci\u00f3n, que permiten construir un modelo educativo transformador desde la participaci\u00f3n ciudadana.\u00a0<\/span><\/p>\n<p><span style=\"font-weight: 400;\">El libro recoge, en forma de relato de casos narrados desde dentro, diversas experiencias de participaci\u00f3n ciudadana desarrolladas en escuelas de las comunidades aut\u00f3nomas del Pa\u00eds Vasco, Madrid y Valencia, y de la Regi\u00f3n de Murcia, que responden a una pregunta esencial: \u00bfqu\u00e9 estrategias participativas pueden vincular la escuela a su territorio para favorecer la formaci\u00f3n de una ciudadan\u00eda cr\u00edtica que asuma el reto de la diversidad desde la equidad?<\/span><\/p>\n<p><span style=\"font-weight: 400;\">Estas experiencias abordan el debate de los deberes escolares y la posibilidad de conectar lo que se aprende en la escuela con los saberes locales, invitan a reflexionar sobre qu\u00e9 significa participar y ofrecen propuestas metodol\u00f3gicas para fortalecer el protagonismo de alumnado, familias y comunidad como ciudadan\u00eda comprometida.<\/span><\/p>\n","protected":false},"excerpt":{"rendered":"<p><span style=\"font-weight: 400;\">En estos momentos de agitaci\u00f3n pol\u00edtica, la escuela cobra un papel emergente en la formaci\u00f3n de la ciudadan\u00eda cr\u00edtica. Construir una escuela incluida en su territorio nos lleva a preguntarnos sobre el papel de la instituci\u00f3n escolar como un agente fundamental de mejora social y educativa para su entorno. Por ello, la escuela incluida se asienta sobre los principios de la inclusi\u00f3n, la interculturalidad y la democratizaci\u00f3n, que permiten construir un modelo educativo transformador desde la participaci\u00f3n ciudadana.\u00a0<\/span><\/p>\n<p><span style=\"font-weight: 400;\">El libro recoge, en forma de relato de casos narrados desde dentro, diversas experiencias de participaci\u00f3n ciudadana desarrolladas en escuelas de las comunidades aut\u00f3nomas del Pa\u00eds Vasco, Madrid y Valencia, y de la Regi\u00f3n de Murcia, que responden a una pregunta esencial: \u00bfqu\u00e9 estrategias participativas pueden vincular la escuela a su territorio para favorecer la formaci\u00f3n de una ciudadan\u00eda cr\u00edtica que asuma el reto de la diversidad desde la equidad?<\/span><\/p>\n<p><span style=\"font-weight: 400;\">Estas experiencias abordan el debate de los deberes escolares y la posibilidad de conectar lo que se aprende en la escuela con los saberes locales, invitan a reflexionar sobre qu\u00e9 significa participar y ofrecen propuestas metodol\u00f3gicas para fortalecer el protagonismo de alumnado, familias y comunidad como ciudadan\u00eda comprometida.<\/span><\/p>\n","protected":false},"featured_media":37343,"comment_status":"open","ping_status":"closed","template":"","meta":{"_et_pb_use_builder":"","_et_pb_old_content":"","_et_gb_content_width":""},"product_cat":[2606,6936,6674,6675],"product_tag":[2608],"edicion":[1083],"editoriales":[],"tienda":[],"autor_id":[8292,8290],"universidades_coeditoras":[16554],"palabras_clave":[],"listado_alfabetico":[],"acf":[],"_links":{"self":[{"href":"https:\/\/wizardly-davinci.82-223-8-23.plesk.page\/en\/wp-json\/wp\/v2\/product\/37339"}],"collection":[{"href":"https:\/\/wizardly-davinci.82-223-8-23.plesk.page\/en\/wp-json\/wp\/v2\/product"}],"about":[{"href":"https:\/\/wizardly-davinci.82-223-8-23.plesk.page\/en\/wp-json\/wp\/v2\/types\/product"}],"replies":[{"embeddable":true,"href":"https:\/\/wizardly-davinci.82-223-8-23.plesk.page\/en\/wp-json\/wp\/v2\/comments?post=37339"}],"wp:featuredmedia":[{"embeddable":true,"href":"https:\/\/wizardly-davinci.82-223-8-23.plesk.page\/en\/wp-json\/wp\/v2\/media\/37343"}],"wp:attachment":[{"href":"https:\/\/wizardly-davinci.82-223-8-23.plesk.page\/en\/wp-json\/wp\/v2\/media?parent=37339"}],"wp:term":[{"taxonomy":"product_cat","embeddable":true,"href":"https:\/\/wizardly-davinci.82-223-8-23.plesk.page\/en\/wp-json\/wp\/v2\/product_cat?post=37339"},{"taxonomy":"product_tag","embeddable":true,"href":"https:\/\/wizardly-davinci.82-223-8-23.plesk.page\/en\/wp-json\/wp\/v2\/product_tag?post=37339"},{"taxonomy":"edicion","embeddable":true,"href":"https:\/\/wizardly-davinci.82-223-8-23.plesk.page\/en\/wp-json\/wp\/v2\/edicion?post=37339"},{"taxonomy":"editoriales","embeddable":true,"href":"https:\/\/wizardly-davinci.82-223-8-23.plesk.page\/en\/wp-json\/wp\/v2\/editoriales?post=37339"},{"taxonomy":"tienda","embeddable":true,"href":"https:\/\/wizardly-davinci.82-223-8-23.plesk.page\/en\/wp-json\/wp\/v2\/tienda?post=37339"},{"taxonomy":"autor_id","embeddable":true,"href":"https:\/\/wizardly-davinci.82-223-8-23.plesk.page\/en\/wp-json\/wp\/v2\/autor_id?post=37339"},{"taxonomy":"universidades_coeditoras","embeddable":true,"href":"https:\/\/wizardly-davinci.82-223-8-23.plesk.page\/en\/wp-json\/wp\/v2\/universidades_coeditoras?post=37339"},{"taxonomy":"palabras_clave","embeddable":true,"href":"https:\/\/wizardly-davinci.82-223-8-23.plesk.page\/en\/wp-json\/wp\/v2\/palabras_clave?post=37339"},{"taxonomy":"listado_alfabetico","embeddable":true,"href":"https:\/\/wizardly-davinci.82-223-8-23.plesk.page\/en\/wp-json\/wp\/v2\/listado_alfabetico?post=37339"}],"curies":[{"name":"wp","href":"https:\/\/api.w.org\/{rel}","templated":true}]}}