{"id":37426,"date":"2020-03-11T12:46:53","date_gmt":"2020-03-11T12:46:53","guid":{"rendered":"https:\/\/octaedro.com\/?post_type=product&#038;p=37426"},"modified":"2023-04-24T12:36:47","modified_gmt":"2023-04-24T10:36:47","slug":"el-miniensayo-y-su-didactica-escribir-en-las-materias-del-curriculo","status":"publish","type":"product","link":"https:\/\/wizardly-davinci.82-223-8-23.plesk.page\/en\/producto\/el-miniensayo-y-su-didactica-escribir-en-las-materias-del-curriculo\/","title":{"rendered":"El miniensayo y su did\u00e1ctica: escribir en las materias del curr\u00edculo"},"content":{"rendered":"<p><span style=\"font-weight: 400;\">Este libro presenta la redacci\u00f3n de miniensayos en las materias del curr\u00edculo de Educaci\u00f3n Secundaria. En l\u00ednea con los postulados del grupo Didactext, aborda la composici\u00f3n textual desde la explicitaci\u00f3n de las diferentes fases de redacci\u00f3n. En cada fase se indican las actividades que se han de desarrollar y los contenidos ling\u00fc\u00edsticos y textuales necesarios (precisi\u00f3n de la tesis, argumentos y t\u00edtulo, relaci\u00f3n entre los argumentos y las voces del texto, manejo de fuentes fiables, normas de textualidad, devoluci\u00f3n del <\/span><i><span style=\"font-weight: 400;\">feedback<\/span><\/i><span style=\"font-weight: 400;\"> de la revisi\u00f3n por pares y edici\u00f3n final del texto). Se muestra tambi\u00e9n el producto de cada fase, as\u00ed como el aprendizaje que se espera que lleven a cabo los estudiantes, junto con la mediaci\u00f3n que ha de realizar el profesorado.<\/span><\/p>\n<p><span style=\"font-weight: 400;\">La obra consta de dos partes. La primera consiste en una breve fundamentaci\u00f3n te\u00f3rica acerca del proceso de escritura del miniensayo en la que se define este g\u00e9nero textual y se propone un modelo de desarrollo did\u00e1ctico con sus consiguientes actividades y estrategias. La segunda parte recoge seis pr\u00e1cticas de aula en las que se ha llevado a cabo la secuencia did\u00e1ctica del miniensayo en diferentes materias.\u00a0<\/span><\/p>\n<p><span style=\"font-weight: 400;\">La obra va destinada a todos los profesionales de la ense\u00f1anza de las distintas etapas educativas, as\u00ed como a las personas interesadas en la escritura acad\u00e9mica y profesional, en general.<\/span><\/p>\n","protected":false},"excerpt":{"rendered":"<p><span style=\"font-weight: 400;\">Este libro presenta la redacci\u00f3n de miniensayos en las materias del curr\u00edculo de Educaci\u00f3n Secundaria. En l\u00ednea con los postulados del grupo Didactext, aborda la composici\u00f3n textual desde la explicitaci\u00f3n de las diferentes fases de redacci\u00f3n. En cada fase se indican las actividades que se han de desarrollar y los contenidos ling\u00fc\u00edsticos y textuales necesarios (precisi\u00f3n de la tesis, argumentos y t\u00edtulo, relaci\u00f3n entre los argumentos y las voces del texto, manejo de fuentes fiables, normas de textualidad, devoluci\u00f3n del <\/span><i><span style=\"font-weight: 400;\">feedback<\/span><\/i><span style=\"font-weight: 400;\"> de la revisi\u00f3n por pares y edici\u00f3n final del texto). Se muestra tambi\u00e9n el producto de cada fase, as\u00ed como el aprendizaje que se espera que lleven a cabo los estudiantes, junto con la mediaci\u00f3n que ha de realizar el profesorado.<\/span><\/p>\n<p><span style=\"font-weight: 400;\">La obra consta de dos partes. La primera consiste en una breve fundamentaci\u00f3n te\u00f3rica acerca del proceso de escritura del miniensayo en la que se define este g\u00e9nero textual y se propone un modelo de desarrollo did\u00e1ctico con sus consiguientes actividades y estrategias. La segunda parte recoge seis pr\u00e1cticas de aula en las que se ha llevado a cabo la secuencia did\u00e1ctica del miniensayo en diferentes materias.\u00a0<\/span><\/p>\n<p><span style=\"font-weight: 400;\">La obra va destinada a todos los profesionales de la ense\u00f1anza de las distintas etapas educativas, as\u00ed como a las personas interesadas en la escritura acad\u00e9mica y profesional, en general.<\/span><\/p>\n","protected":false},"featured_media":37427,"comment_status":"open","ping_status":"closed","template":"","meta":{"_et_pb_use_builder":"","_et_pb_old_content":"","_et_gb_content_width":""},"product_cat":[1512,6675],"product_tag":[2602],"edicion":[1083],"editoriales":[],"tienda":[],"autor_id":[4993,6621,8316,6533],"universidades_coeditoras":[],"palabras_clave":[],"listado_alfabetico":[],"acf":[],"_links":{"self":[{"href":"https:\/\/wizardly-davinci.82-223-8-23.plesk.page\/en\/wp-json\/wp\/v2\/product\/37426"}],"collection":[{"href":"https:\/\/wizardly-davinci.82-223-8-23.plesk.page\/en\/wp-json\/wp\/v2\/product"}],"about":[{"href":"https:\/\/wizardly-davinci.82-223-8-23.plesk.page\/en\/wp-json\/wp\/v2\/types\/product"}],"replies":[{"embeddable":true,"href":"https:\/\/wizardly-davinci.82-223-8-23.plesk.page\/en\/wp-json\/wp\/v2\/comments?post=37426"}],"wp:featuredmedia":[{"embeddable":true,"href":"https:\/\/wizardly-davinci.82-223-8-23.plesk.page\/en\/wp-json\/wp\/v2\/media\/37427"}],"wp:attachment":[{"href":"https:\/\/wizardly-davinci.82-223-8-23.plesk.page\/en\/wp-json\/wp\/v2\/media?parent=37426"}],"wp:term":[{"taxonomy":"product_cat","embeddable":true,"href":"https:\/\/wizardly-davinci.82-223-8-23.plesk.page\/en\/wp-json\/wp\/v2\/product_cat?post=37426"},{"taxonomy":"product_tag","embeddable":true,"href":"https:\/\/wizardly-davinci.82-223-8-23.plesk.page\/en\/wp-json\/wp\/v2\/product_tag?post=37426"},{"taxonomy":"edicion","embeddable":true,"href":"https:\/\/wizardly-davinci.82-223-8-23.plesk.page\/en\/wp-json\/wp\/v2\/edicion?post=37426"},{"taxonomy":"editoriales","embeddable":true,"href":"https:\/\/wizardly-davinci.82-223-8-23.plesk.page\/en\/wp-json\/wp\/v2\/editoriales?post=37426"},{"taxonomy":"tienda","embeddable":true,"href":"https:\/\/wizardly-davinci.82-223-8-23.plesk.page\/en\/wp-json\/wp\/v2\/tienda?post=37426"},{"taxonomy":"autor_id","embeddable":true,"href":"https:\/\/wizardly-davinci.82-223-8-23.plesk.page\/en\/wp-json\/wp\/v2\/autor_id?post=37426"},{"taxonomy":"universidades_coeditoras","embeddable":true,"href":"https:\/\/wizardly-davinci.82-223-8-23.plesk.page\/en\/wp-json\/wp\/v2\/universidades_coeditoras?post=37426"},{"taxonomy":"palabras_clave","embeddable":true,"href":"https:\/\/wizardly-davinci.82-223-8-23.plesk.page\/en\/wp-json\/wp\/v2\/palabras_clave?post=37426"},{"taxonomy":"listado_alfabetico","embeddable":true,"href":"https:\/\/wizardly-davinci.82-223-8-23.plesk.page\/en\/wp-json\/wp\/v2\/listado_alfabetico?post=37426"}],"curies":[{"name":"wp","href":"https:\/\/api.w.org\/{rel}","templated":true}]}}