{"id":37726,"date":"2020-03-26T13:06:43","date_gmt":"2020-03-26T13:06:43","guid":{"rendered":"https:\/\/octaedro.com\/?post_type=product&#038;p=37726"},"modified":"2023-04-24T12:36:54","modified_gmt":"2023-04-24T10:36:54","slug":"identidad-diversidad-y-construccion-de-la-ciudadania-a-traves-de-la-investigacion-en-educacion-literaria","status":"publish","type":"product","link":"https:\/\/wizardly-davinci.82-223-8-23.plesk.page\/en\/producto\/identidad-diversidad-y-construccion-de-la-ciudadania-a-traves-de-la-investigacion-en-educacion-literaria\/","title":{"rendered":"Identidad, diversidad y construcci\u00f3n de la ciudadan\u00eda a trav\u00e9s de la investigaci\u00f3n en educaci\u00f3n literaria"},"content":{"rendered":"<p><span style=\"font-weight: 400;\">\u00bfPodemos desde la educaci\u00f3n literaria contribuir a la formaci\u00f3n integral del ser humano? \u00bfQu\u00e9 incidencia tiene el an\u00e1lisis cr\u00edtico del discurso literario consumido por el alumnado de las diferentes etapas educativas en torno a la diversidad en el desarrollo de su competencia lectora y literaria? \u00bfQu\u00e9 tipos de diversidad adquieren mayor protagonismo en las producciones literarias destinadas a ni\u00f1os y j\u00f3venes?\u00a0<\/span><\/p>\n<p><span style=\"font-weight: 400;\">Las respuestas proceden de una did\u00e1ctica de la literatura centrada en la perspectiva del receptor, el desarrollo de su competencia lectoliteraria y el placer por el texto literario. De la mano de diferentes expertos, el volumen conjuga la vertiente te\u00f3rica con la praxis de aula a trav\u00e9s de estudios y propuestas coherentes para los diferentes niveles educativos.<\/span><\/p>\n<p><span style=\"font-weight: 400;\">El volumen pretende ofrecer una aproximaci\u00f3n rigurosa a una l\u00ednea de investigaci\u00f3n de creciente inter\u00e9s en la educaci\u00f3n literaria contempor\u00e1nea y responder a uno de sus retos: la formaci\u00f3n de lectores cr\u00edticos y reflexivos. Desde esta perspectiva, supone un punto de referencia en cuanto al estudio de los v\u00ednculos entre educaci\u00f3n literaria y diversidades y a sus posibilidades para el desarrollo de la competencia lectoliteraria y la formaci\u00f3n de h\u00e1bitos lectores como pilar para la construcci\u00f3n de las diferentes identidades y pertenencias del ser humano y el ejercicio cr\u00edtico de las ciudadan\u00edas en sociedades democr\u00e1ticas.<\/span><\/p>\n","protected":false},"excerpt":{"rendered":"<p><span style=\"font-weight: 400;\">\u00bfPodemos desde la educaci\u00f3n literaria contribuir a la formaci\u00f3n integral del ser humano? \u00bfQu\u00e9 incidencia tiene el an\u00e1lisis cr\u00edtico del discurso literario consumido por el alumnado de las diferentes etapas educativas en torno a la diversidad en el desarrollo de su competencia lectora y literaria? \u00bfQu\u00e9 tipos de diversidad adquieren mayor protagonismo en las producciones literarias destinadas a ni\u00f1os y j\u00f3venes?\u00a0<\/span><\/p>\n<p><span style=\"font-weight: 400;\">Las respuestas proceden de una did\u00e1ctica de la literatura centrada en la perspectiva del receptor, el desarrollo de su competencia lectoliteraria y el placer por el texto literario. De la mano de diferentes expertos, el volumen conjuga la vertiente te\u00f3rica con la praxis de aula a trav\u00e9s de estudios y propuestas coherentes para los diferentes niveles educativos.<\/span><\/p>\n<p><span style=\"font-weight: 400;\">El volumen pretende ofrecer una aproximaci\u00f3n rigurosa a una l\u00ednea de investigaci\u00f3n de creciente inter\u00e9s en la educaci\u00f3n literaria contempor\u00e1nea y responder a uno de sus retos: la formaci\u00f3n de lectores cr\u00edticos y reflexivos. Desde esta perspectiva, supone un punto de referencia en cuanto al estudio de los v\u00ednculos entre educaci\u00f3n literaria y diversidades y a sus posibilidades para el desarrollo de la competencia lectoliteraria y la formaci\u00f3n de h\u00e1bitos lectores como pilar para la construcci\u00f3n de las diferentes identidades y pertenencias del ser humano y el ejercicio cr\u00edtico de las ciudadan\u00edas en sociedades democr\u00e1ticas.<\/span><\/p>\n","protected":false},"featured_media":37723,"comment_status":"open","ping_status":"closed","template":"","meta":{"_et_pb_use_builder":"","_et_pb_old_content":"","_et_gb_content_width":""},"product_cat":[2606,6936,6675],"product_tag":[2608],"edicion":[1085,1083],"editoriales":[1160],"tienda":[],"autor_id":[8353],"universidades_coeditoras":[7263],"palabras_clave":[],"listado_alfabetico":[],"acf":[],"_links":{"self":[{"href":"https:\/\/wizardly-davinci.82-223-8-23.plesk.page\/en\/wp-json\/wp\/v2\/product\/37726"}],"collection":[{"href":"https:\/\/wizardly-davinci.82-223-8-23.plesk.page\/en\/wp-json\/wp\/v2\/product"}],"about":[{"href":"https:\/\/wizardly-davinci.82-223-8-23.plesk.page\/en\/wp-json\/wp\/v2\/types\/product"}],"replies":[{"embeddable":true,"href":"https:\/\/wizardly-davinci.82-223-8-23.plesk.page\/en\/wp-json\/wp\/v2\/comments?post=37726"}],"wp:featuredmedia":[{"embeddable":true,"href":"https:\/\/wizardly-davinci.82-223-8-23.plesk.page\/en\/wp-json\/wp\/v2\/media\/37723"}],"wp:attachment":[{"href":"https:\/\/wizardly-davinci.82-223-8-23.plesk.page\/en\/wp-json\/wp\/v2\/media?parent=37726"}],"wp:term":[{"taxonomy":"product_cat","embeddable":true,"href":"https:\/\/wizardly-davinci.82-223-8-23.plesk.page\/en\/wp-json\/wp\/v2\/product_cat?post=37726"},{"taxonomy":"product_tag","embeddable":true,"href":"https:\/\/wizardly-davinci.82-223-8-23.plesk.page\/en\/wp-json\/wp\/v2\/product_tag?post=37726"},{"taxonomy":"edicion","embeddable":true,"href":"https:\/\/wizardly-davinci.82-223-8-23.plesk.page\/en\/wp-json\/wp\/v2\/edicion?post=37726"},{"taxonomy":"editoriales","embeddable":true,"href":"https:\/\/wizardly-davinci.82-223-8-23.plesk.page\/en\/wp-json\/wp\/v2\/editoriales?post=37726"},{"taxonomy":"tienda","embeddable":true,"href":"https:\/\/wizardly-davinci.82-223-8-23.plesk.page\/en\/wp-json\/wp\/v2\/tienda?post=37726"},{"taxonomy":"autor_id","embeddable":true,"href":"https:\/\/wizardly-davinci.82-223-8-23.plesk.page\/en\/wp-json\/wp\/v2\/autor_id?post=37726"},{"taxonomy":"universidades_coeditoras","embeddable":true,"href":"https:\/\/wizardly-davinci.82-223-8-23.plesk.page\/en\/wp-json\/wp\/v2\/universidades_coeditoras?post=37726"},{"taxonomy":"palabras_clave","embeddable":true,"href":"https:\/\/wizardly-davinci.82-223-8-23.plesk.page\/en\/wp-json\/wp\/v2\/palabras_clave?post=37726"},{"taxonomy":"listado_alfabetico","embeddable":true,"href":"https:\/\/wizardly-davinci.82-223-8-23.plesk.page\/en\/wp-json\/wp\/v2\/listado_alfabetico?post=37726"}],"curies":[{"name":"wp","href":"https:\/\/api.w.org\/{rel}","templated":true}]}}