{"id":38649,"date":"2020-05-06T17:01:41","date_gmt":"2020-05-06T15:01:41","guid":{"rendered":"https:\/\/octaedro.com\/?post_type=product&#038;p=38649"},"modified":"2023-04-24T12:28:24","modified_gmt":"2023-04-24T10:28:24","slug":"accesibilidad-de-las-tic-para-la-diversidad-funcional-cognitiva","status":"publish","type":"product","link":"https:\/\/wizardly-davinci.82-223-8-23.plesk.page\/en\/producto\/accesibilidad-de-las-tic-para-la-diversidad-funcional-cognitiva\/","title":{"rendered":"Accesibilidad de las TIC para la diversidad funcional cognitiva"},"content":{"rendered":"<p>A pesar de que los valores fundamentales, tanto de las sociedades democr\u00e1ticas como de los sistemas educativos m\u00e1s reconocidos, se han ido posicionando tradicionalmente en la defensa de una atenci\u00f3n educativa centrada en las necesidades de todos y en la individualidad de cada ciudadano, muchas personas siguen encontrando serias dificultades para superar las distintas barreras que impiden su participaci\u00f3n y que aumentan su riesgo de exclusi\u00f3n social. En el abordaje de estos obst\u00e1culos, las tecnolog\u00edas de la informaci\u00f3n y la comunicaci\u00f3n (TIC) pueden adquirir su mayor expresi\u00f3n, mediante el dise\u00f1o de medios y recursos tecnol\u00f3gicos cada vez m\u00e1s accesibles para atender la diversidad de caracter\u00edsticas, necesidades e intereses que se pueden presentar.<\/p>\n<p>En torno a esta cuesti\u00f3n, este libro se ha estructurado en dos partes. En la primera analizamos las posibilidades t\u00e9cnicas y did\u00e1cticas de accesibilidad que pueden ofrecernos las TIC para potenciar la igualdad social y educativa e identificamos, desde la perspectiva del dise\u00f1o universal de aprendizaje, algunos principios clave relativos a su dise\u00f1o.<\/p>\n<p>En la segunda parte presentamos una selecci\u00f3n de aplicaciones gratuitas para dispositivos m\u00f3viles que se centran en las principales dificultades asociadas a la diversidad funcional cognitiva: la estimulaci\u00f3n cognitiva, los procesos de lectura y escritura, la capacidad de asociaci\u00f3n y percepci\u00f3n visoespacial, la memoria, la atenci\u00f3n y el razonamiento secuencial.<\/p>\n","protected":false},"excerpt":{"rendered":"<p>A pesar de que los valores fundamentales, tanto de las sociedades democr\u00e1ticas como de los sistemas educativos m\u00e1s reconocidos, se han ido posicionando tradicionalmente en la defensa de una atenci\u00f3n educativa centrada en las necesidades de todos y en la individualidad de cada ciudadano, muchas personas siguen encontrando serias dificultades para superar las distintas barreras que impiden su participaci\u00f3n y que aumentan su riesgo de exclusi\u00f3n social. En el abordaje de estos obst\u00e1culos, las tecnolog\u00edas de la informaci\u00f3n y la comunicaci\u00f3n (TIC) pueden adquirir su mayor expresi\u00f3n, mediante el dise\u00f1o de medios y recursos tecnol\u00f3gicos cada vez m\u00e1s accesibles para atender la diversidad de caracter\u00edsticas, necesidades e intereses que se pueden presentar.<\/p>\n<p>En torno a esta cuesti\u00f3n, este libro se ha estructurado en dos partes. En la primera analizamos las posibilidades t\u00e9cnicas y did\u00e1cticas de accesibilidad que pueden ofrecernos las TIC para potenciar la igualdad social y educativa e identificamos, desde la perspectiva del dise\u00f1o universal de aprendizaje, algunos principios clave relativos a su dise\u00f1o.<\/p>\n<p>En la segunda parte presentamos una selecci\u00f3n de aplicaciones gratuitas para dispositivos m\u00f3viles que se centran en las principales dificultades asociadas a la diversidad funcional cognitiva: la estimulaci\u00f3n cognitiva, los procesos de lectura y escritura, la capacidad de asociaci\u00f3n y percepci\u00f3n visoespacial, la memoria, la atenci\u00f3n y el razonamiento secuencial.<\/p>\n","protected":false},"featured_media":38650,"comment_status":"open","ping_status":"closed","template":"","meta":{"_et_pb_use_builder":"","_et_pb_old_content":"","_et_gb_content_width":""},"product_cat":[2606,6936,6675,9825],"product_tag":[2604],"edicion":[1084,1083],"editoriales":[1160],"tienda":[],"autor_id":[8091,6986,5690,8089],"universidades_coeditoras":[7259],"palabras_clave":[],"listado_alfabetico":[],"acf":[],"_links":{"self":[{"href":"https:\/\/wizardly-davinci.82-223-8-23.plesk.page\/en\/wp-json\/wp\/v2\/product\/38649"}],"collection":[{"href":"https:\/\/wizardly-davinci.82-223-8-23.plesk.page\/en\/wp-json\/wp\/v2\/product"}],"about":[{"href":"https:\/\/wizardly-davinci.82-223-8-23.plesk.page\/en\/wp-json\/wp\/v2\/types\/product"}],"replies":[{"embeddable":true,"href":"https:\/\/wizardly-davinci.82-223-8-23.plesk.page\/en\/wp-json\/wp\/v2\/comments?post=38649"}],"wp:featuredmedia":[{"embeddable":true,"href":"https:\/\/wizardly-davinci.82-223-8-23.plesk.page\/en\/wp-json\/wp\/v2\/media\/38650"}],"wp:attachment":[{"href":"https:\/\/wizardly-davinci.82-223-8-23.plesk.page\/en\/wp-json\/wp\/v2\/media?parent=38649"}],"wp:term":[{"taxonomy":"product_cat","embeddable":true,"href":"https:\/\/wizardly-davinci.82-223-8-23.plesk.page\/en\/wp-json\/wp\/v2\/product_cat?post=38649"},{"taxonomy":"product_tag","embeddable":true,"href":"https:\/\/wizardly-davinci.82-223-8-23.plesk.page\/en\/wp-json\/wp\/v2\/product_tag?post=38649"},{"taxonomy":"edicion","embeddable":true,"href":"https:\/\/wizardly-davinci.82-223-8-23.plesk.page\/en\/wp-json\/wp\/v2\/edicion?post=38649"},{"taxonomy":"editoriales","embeddable":true,"href":"https:\/\/wizardly-davinci.82-223-8-23.plesk.page\/en\/wp-json\/wp\/v2\/editoriales?post=38649"},{"taxonomy":"tienda","embeddable":true,"href":"https:\/\/wizardly-davinci.82-223-8-23.plesk.page\/en\/wp-json\/wp\/v2\/tienda?post=38649"},{"taxonomy":"autor_id","embeddable":true,"href":"https:\/\/wizardly-davinci.82-223-8-23.plesk.page\/en\/wp-json\/wp\/v2\/autor_id?post=38649"},{"taxonomy":"universidades_coeditoras","embeddable":true,"href":"https:\/\/wizardly-davinci.82-223-8-23.plesk.page\/en\/wp-json\/wp\/v2\/universidades_coeditoras?post=38649"},{"taxonomy":"palabras_clave","embeddable":true,"href":"https:\/\/wizardly-davinci.82-223-8-23.plesk.page\/en\/wp-json\/wp\/v2\/palabras_clave?post=38649"},{"taxonomy":"listado_alfabetico","embeddable":true,"href":"https:\/\/wizardly-davinci.82-223-8-23.plesk.page\/en\/wp-json\/wp\/v2\/listado_alfabetico?post=38649"}],"curies":[{"name":"wp","href":"https:\/\/api.w.org\/{rel}","templated":true}]}}