{"id":38660,"date":"2020-05-06T17:25:07","date_gmt":"2020-05-06T15:25:07","guid":{"rendered":"https:\/\/octaedro.com\/?post_type=product&#038;p=38660"},"modified":"2023-04-24T12:28:31","modified_gmt":"2023-04-24T10:28:31","slug":"educacion-familiar","status":"publish","type":"product","link":"https:\/\/wizardly-davinci.82-223-8-23.plesk.page\/en\/producto\/educacion-familiar\/","title":{"rendered":"Educaci\u00f3n familiar"},"content":{"rendered":"<p>Esta obra pone en el centro del debate en las intervenciones educativas familiares, una selecci\u00f3n de las que han acreditado su capacidad preventiva. Se trata de intervenciones basadas en la evidencia, ya que cuentan con evaluaci\u00f3n positiva de los procesos y resultados.<\/p>\n<p>Se ofrece una selecci\u00f3n de aportaciones novedosas, con rigor cient\u00edfico y expectativas de desarrollo en los pr\u00f3ximos a\u00f1os. Los \u00e1mbitos de actuaci\u00f3n incluyen la educaci\u00f3n afectivosexual, la prevenci\u00f3n familiar de conductas-problema, la promoci\u00f3n de habilidades vitales y sociales en las familias vulnerables, la socializaci\u00f3n en el cuidado de personas mayores, la implicaci\u00f3n de los j\u00f3venes en la prevenci\u00f3n y los procesos de mentor\u00eda.<\/p>\n","protected":false},"excerpt":{"rendered":"<p>Esta obra pone en el centro del debate en las intervenciones educativas familiares, una selecci\u00f3n de las que han acreditado su capacidad preventiva. Se trata de intervenciones basadas en la evidencia, ya que cuentan con evaluaci\u00f3n positiva de los procesos y resultados.<\/p>\n<p>Se ofrece una selecci\u00f3n de aportaciones novedosas, con rigor cient\u00edfico y expectativas de desarrollo en los pr\u00f3ximos a\u00f1os. Los \u00e1mbitos de actuaci\u00f3n incluyen la educaci\u00f3n afectivosexual, la prevenci\u00f3n familiar de conductas-problema, la promoci\u00f3n de habilidades vitales y sociales en las familias vulnerables, la socializaci\u00f3n en el cuidado de personas mayores, la implicaci\u00f3n de los j\u00f3venes en la prevenci\u00f3n y los procesos de mentor\u00eda.<\/p>\n","protected":false},"featured_media":38661,"comment_status":"open","ping_status":"closed","template":"","meta":{"_et_pb_use_builder":"","_et_pb_old_content":"","_et_gb_content_width":""},"product_cat":[6936,6675,9825],"product_tag":[2602],"edicion":[1083],"editoriales":[1160],"tienda":[],"autor_id":[5107,6085],"universidades_coeditoras":[7245],"palabras_clave":[],"listado_alfabetico":[],"acf":[],"_links":{"self":[{"href":"https:\/\/wizardly-davinci.82-223-8-23.plesk.page\/en\/wp-json\/wp\/v2\/product\/38660"}],"collection":[{"href":"https:\/\/wizardly-davinci.82-223-8-23.plesk.page\/en\/wp-json\/wp\/v2\/product"}],"about":[{"href":"https:\/\/wizardly-davinci.82-223-8-23.plesk.page\/en\/wp-json\/wp\/v2\/types\/product"}],"replies":[{"embeddable":true,"href":"https:\/\/wizardly-davinci.82-223-8-23.plesk.page\/en\/wp-json\/wp\/v2\/comments?post=38660"}],"wp:featuredmedia":[{"embeddable":true,"href":"https:\/\/wizardly-davinci.82-223-8-23.plesk.page\/en\/wp-json\/wp\/v2\/media\/38661"}],"wp:attachment":[{"href":"https:\/\/wizardly-davinci.82-223-8-23.plesk.page\/en\/wp-json\/wp\/v2\/media?parent=38660"}],"wp:term":[{"taxonomy":"product_cat","embeddable":true,"href":"https:\/\/wizardly-davinci.82-223-8-23.plesk.page\/en\/wp-json\/wp\/v2\/product_cat?post=38660"},{"taxonomy":"product_tag","embeddable":true,"href":"https:\/\/wizardly-davinci.82-223-8-23.plesk.page\/en\/wp-json\/wp\/v2\/product_tag?post=38660"},{"taxonomy":"edicion","embeddable":true,"href":"https:\/\/wizardly-davinci.82-223-8-23.plesk.page\/en\/wp-json\/wp\/v2\/edicion?post=38660"},{"taxonomy":"editoriales","embeddable":true,"href":"https:\/\/wizardly-davinci.82-223-8-23.plesk.page\/en\/wp-json\/wp\/v2\/editoriales?post=38660"},{"taxonomy":"tienda","embeddable":true,"href":"https:\/\/wizardly-davinci.82-223-8-23.plesk.page\/en\/wp-json\/wp\/v2\/tienda?post=38660"},{"taxonomy":"autor_id","embeddable":true,"href":"https:\/\/wizardly-davinci.82-223-8-23.plesk.page\/en\/wp-json\/wp\/v2\/autor_id?post=38660"},{"taxonomy":"universidades_coeditoras","embeddable":true,"href":"https:\/\/wizardly-davinci.82-223-8-23.plesk.page\/en\/wp-json\/wp\/v2\/universidades_coeditoras?post=38660"},{"taxonomy":"palabras_clave","embeddable":true,"href":"https:\/\/wizardly-davinci.82-223-8-23.plesk.page\/en\/wp-json\/wp\/v2\/palabras_clave?post=38660"},{"taxonomy":"listado_alfabetico","embeddable":true,"href":"https:\/\/wizardly-davinci.82-223-8-23.plesk.page\/en\/wp-json\/wp\/v2\/listado_alfabetico?post=38660"}],"curies":[{"name":"wp","href":"https:\/\/api.w.org\/{rel}","templated":true}]}}