{"id":38681,"date":"2020-05-07T15:14:32","date_gmt":"2020-05-07T15:14:32","guid":{"rendered":"https:\/\/octaedro.com\/?post_type=product&#038;p=38681"},"modified":"2023-04-24T12:28:37","modified_gmt":"2023-04-24T10:28:37","slug":"conflictos-filioparentales","status":"publish","type":"product","link":"https:\/\/wizardly-davinci.82-223-8-23.plesk.page\/en\/producto\/conflictos-filioparentales\/","title":{"rendered":"Conflictos filioparentales"},"content":{"rendered":"","protected":false},"excerpt":{"rendered":"<p>La violencia filioparental es un fen\u00f3meno alarmante y de gran impacto que permanece enquistado en el tejido social. Ha existido siempre, si bien en la actualidad, debido al aumento de las denuncias judiciales y a la creciente presi\u00f3n medi\u00e1tica, se ha hecho m\u00e1s visible.<\/p>\n<p>La pretensi\u00f3n fundamental de este libro es dar a conocer la violencia filioparental desde un enfoque pedag\u00f3gico e inclusivo, incidiendo en las distintas variables explicativas que influyen en su aparici\u00f3n, tanto fuera como dentro del n\u00facleo familiar, a partir de las aportaciones cient\u00edficas y de las voces de diferentes agentes educativos (familias, estudiantes y profesionales de la educaci\u00f3n).<\/p>\n<p>En el t\u00edtulo de la obra, se ha considerado necesario incluir el t\u00e9rmino <em>conflictos filioparentales<\/em>, pues se parte de la premisa de que los conflictos son naturales en las relaciones interpersonales y, si se saben gestionar de manera adecuada, pueden contribuir a una resoluci\u00f3n satisfactoria de los problemas que puedan sobrevenir en los contextos familiares.<\/p>\n<p>Este libro se presenta como un recurso para familias y profesionales de la educaci\u00f3n, en el cual se plantean distintas pautas de prevenci\u00f3n e intervenci\u00f3n que pueden ayudar a abordar la violencia filioparental, as\u00ed como dotar a las familias de herramientas de empoderamiento con las que mejorar la convivencia entre sus miembros.<\/p>\n","protected":false},"featured_media":38682,"comment_status":"open","ping_status":"closed","template":"","meta":{"_et_pb_use_builder":"","_et_pb_old_content":"","_et_gb_content_width":""},"product_cat":[2606,6936,6674,6675,9825],"product_tag":[2608],"edicion":[1083],"editoriales":[1160],"tienda":[],"autor_id":[],"universidades_coeditoras":[7262],"palabras_clave":[],"listado_alfabetico":[],"acf":[],"_links":{"self":[{"href":"https:\/\/wizardly-davinci.82-223-8-23.plesk.page\/en\/wp-json\/wp\/v2\/product\/38681"}],"collection":[{"href":"https:\/\/wizardly-davinci.82-223-8-23.plesk.page\/en\/wp-json\/wp\/v2\/product"}],"about":[{"href":"https:\/\/wizardly-davinci.82-223-8-23.plesk.page\/en\/wp-json\/wp\/v2\/types\/product"}],"replies":[{"embeddable":true,"href":"https:\/\/wizardly-davinci.82-223-8-23.plesk.page\/en\/wp-json\/wp\/v2\/comments?post=38681"}],"wp:featuredmedia":[{"embeddable":true,"href":"https:\/\/wizardly-davinci.82-223-8-23.plesk.page\/en\/wp-json\/wp\/v2\/media\/38682"}],"wp:attachment":[{"href":"https:\/\/wizardly-davinci.82-223-8-23.plesk.page\/en\/wp-json\/wp\/v2\/media?parent=38681"}],"wp:term":[{"taxonomy":"product_cat","embeddable":true,"href":"https:\/\/wizardly-davinci.82-223-8-23.plesk.page\/en\/wp-json\/wp\/v2\/product_cat?post=38681"},{"taxonomy":"product_tag","embeddable":true,"href":"https:\/\/wizardly-davinci.82-223-8-23.plesk.page\/en\/wp-json\/wp\/v2\/product_tag?post=38681"},{"taxonomy":"edicion","embeddable":true,"href":"https:\/\/wizardly-davinci.82-223-8-23.plesk.page\/en\/wp-json\/wp\/v2\/edicion?post=38681"},{"taxonomy":"editoriales","embeddable":true,"href":"https:\/\/wizardly-davinci.82-223-8-23.plesk.page\/en\/wp-json\/wp\/v2\/editoriales?post=38681"},{"taxonomy":"tienda","embeddable":true,"href":"https:\/\/wizardly-davinci.82-223-8-23.plesk.page\/en\/wp-json\/wp\/v2\/tienda?post=38681"},{"taxonomy":"autor_id","embeddable":true,"href":"https:\/\/wizardly-davinci.82-223-8-23.plesk.page\/en\/wp-json\/wp\/v2\/autor_id?post=38681"},{"taxonomy":"universidades_coeditoras","embeddable":true,"href":"https:\/\/wizardly-davinci.82-223-8-23.plesk.page\/en\/wp-json\/wp\/v2\/universidades_coeditoras?post=38681"},{"taxonomy":"palabras_clave","embeddable":true,"href":"https:\/\/wizardly-davinci.82-223-8-23.plesk.page\/en\/wp-json\/wp\/v2\/palabras_clave?post=38681"},{"taxonomy":"listado_alfabetico","embeddable":true,"href":"https:\/\/wizardly-davinci.82-223-8-23.plesk.page\/en\/wp-json\/wp\/v2\/listado_alfabetico?post=38681"}],"curies":[{"name":"wp","href":"https:\/\/api.w.org\/{rel}","templated":true}]}}