{"id":38690,"date":"2020-05-08T16:38:39","date_gmt":"2020-05-08T16:38:39","guid":{"rendered":"https:\/\/octaedro.com\/?post_type=product&#038;p=38690"},"modified":"2023-02-22T13:35:46","modified_gmt":"2023-02-22T12:35:46","slug":"la-escuela-y-su-entorno-en-la-sociedad-del-conocimiento","status":"publish","type":"product","link":"https:\/\/wizardly-davinci.82-223-8-23.plesk.page\/en\/producto\/la-escuela-y-su-entorno-en-la-sociedad-del-conocimiento\/","title":{"rendered":"La escuela y su entorno en la sociedad del conocimiento"},"content":{"rendered":"","protected":false},"excerpt":{"rendered":"<p>La sociedad de la informaci\u00f3n y del conocimiento plantea retos en el \u00e1mbito educativo para formar individuos capacitados y con miras a un mundo sociolaboral cada vez m\u00e1s inestable. Esta situaci\u00f3n lleva a plantear la creaci\u00f3n de nuevos escenarios en los que el individuo pueda formarse y adquirir competencias profesionales acordes con el puesto de trabajo, pero tambi\u00e9n competencias para ejercer una ciudadan\u00eda activa, contribuyendo as\u00ed al capital social y humano de sus comunidades de pertenencia.<\/p>\n<p>La Formaci\u00f3n Profesional (FP), es una propuesta formativa que ha sabido adecuarse a la sociedad de hoy, actuando como motor de innovaci\u00f3n y mejora social, ya que responde a las exigencias del mercado, pero tambi\u00e9n se ajusta a las necesidades e intereses personales del individuo.<\/p>\n<p>Este libro va destinado a todos los profesionales y estudiantes universitarios implicados en el \u00e1mbito de la educaci\u00f3n y en el mercado laboral, ya que investiga, desde una perspectiva educativa, las relaciones de colaboraci\u00f3n con el entorno que mantienen los centros de FP, bajo la perspectiva de los miembros del equipo directivo y los agentes implicados en ellas. Asimismo, ofrece posibles modelos de centros de FP en funci\u00f3n de la representaci\u00f3n y caracter\u00edsticas de sus relaciones de colaboraci\u00f3n con el entorno.<\/p>\n","protected":false},"featured_media":38691,"comment_status":"open","ping_status":"closed","template":"","meta":{"_et_pb_use_builder":"","_et_pb_old_content":"","_et_gb_content_width":""},"product_cat":[2606,6673],"product_tag":[2605],"edicion":[1084],"editoriales":[1160],"tienda":[],"autor_id":[10911],"universidades_coeditoras":[7259],"palabras_clave":[],"listado_alfabetico":[],"acf":[],"_links":{"self":[{"href":"https:\/\/wizardly-davinci.82-223-8-23.plesk.page\/en\/wp-json\/wp\/v2\/product\/38690"}],"collection":[{"href":"https:\/\/wizardly-davinci.82-223-8-23.plesk.page\/en\/wp-json\/wp\/v2\/product"}],"about":[{"href":"https:\/\/wizardly-davinci.82-223-8-23.plesk.page\/en\/wp-json\/wp\/v2\/types\/product"}],"replies":[{"embeddable":true,"href":"https:\/\/wizardly-davinci.82-223-8-23.plesk.page\/en\/wp-json\/wp\/v2\/comments?post=38690"}],"wp:featuredmedia":[{"embeddable":true,"href":"https:\/\/wizardly-davinci.82-223-8-23.plesk.page\/en\/wp-json\/wp\/v2\/media\/38691"}],"wp:attachment":[{"href":"https:\/\/wizardly-davinci.82-223-8-23.plesk.page\/en\/wp-json\/wp\/v2\/media?parent=38690"}],"wp:term":[{"taxonomy":"product_cat","embeddable":true,"href":"https:\/\/wizardly-davinci.82-223-8-23.plesk.page\/en\/wp-json\/wp\/v2\/product_cat?post=38690"},{"taxonomy":"product_tag","embeddable":true,"href":"https:\/\/wizardly-davinci.82-223-8-23.plesk.page\/en\/wp-json\/wp\/v2\/product_tag?post=38690"},{"taxonomy":"edicion","embeddable":true,"href":"https:\/\/wizardly-davinci.82-223-8-23.plesk.page\/en\/wp-json\/wp\/v2\/edicion?post=38690"},{"taxonomy":"editoriales","embeddable":true,"href":"https:\/\/wizardly-davinci.82-223-8-23.plesk.page\/en\/wp-json\/wp\/v2\/editoriales?post=38690"},{"taxonomy":"tienda","embeddable":true,"href":"https:\/\/wizardly-davinci.82-223-8-23.plesk.page\/en\/wp-json\/wp\/v2\/tienda?post=38690"},{"taxonomy":"autor_id","embeddable":true,"href":"https:\/\/wizardly-davinci.82-223-8-23.plesk.page\/en\/wp-json\/wp\/v2\/autor_id?post=38690"},{"taxonomy":"universidades_coeditoras","embeddable":true,"href":"https:\/\/wizardly-davinci.82-223-8-23.plesk.page\/en\/wp-json\/wp\/v2\/universidades_coeditoras?post=38690"},{"taxonomy":"palabras_clave","embeddable":true,"href":"https:\/\/wizardly-davinci.82-223-8-23.plesk.page\/en\/wp-json\/wp\/v2\/palabras_clave?post=38690"},{"taxonomy":"listado_alfabetico","embeddable":true,"href":"https:\/\/wizardly-davinci.82-223-8-23.plesk.page\/en\/wp-json\/wp\/v2\/listado_alfabetico?post=38690"}],"curies":[{"name":"wp","href":"https:\/\/api.w.org\/{rel}","templated":true}]}}