{"id":39286,"date":"2020-05-25T17:57:15","date_gmt":"2020-05-25T17:57:15","guid":{"rendered":"https:\/\/octaedro.com\/?post_type=product&#038;p=39286"},"modified":"2023-04-24T12:29:02","modified_gmt":"2023-04-24T10:29:02","slug":"vivir-la-prematuridad","status":"publish","type":"product","link":"https:\/\/wizardly-davinci.82-223-8-23.plesk.page\/en\/producto\/vivir-la-prematuridad\/","title":{"rendered":"Vivir la prematuridad"},"content":{"rendered":"<p>La prematuridad es poco conocida, aunque un 8\u2009% de los ni\u00f1os nacidos en nuestro pa\u00eds son prematuros. Conocer y entender las situaciones por las que han tenido que pasar los beb\u00e9s y sus padres desde el inicio del nacimiento puede ayudar, a todos los profesionales que atender\u00e1n al ni\u00f1o, a realizar un acompa\u00f1amiento que favorezca el desarrollo, la relaci\u00f3n con sus padres y con su entorno, especialmente en los primeros a\u00f1os de vida.<\/p>\n<p>Este libro va dirigido a padres, educadores y a todas aquellas personas que van a participar en la evoluci\u00f3n f\u00edsica, mental y emocional del ni\u00f1o.<\/p>\n","protected":false},"excerpt":{"rendered":"<p>La prematuridad es poco conocida, aunque un 8\u2009% de los ni\u00f1os nacidos en nuestro pa\u00eds son prematuros. Conocer y entender las situaciones por las que han tenido que pasar los beb\u00e9s y sus padres desde el inicio del nacimiento puede ayudar, a todos los profesionales que atender\u00e1n al ni\u00f1o, a realizar un acompa\u00f1amiento que favorezca el desarrollo, la relaci\u00f3n con sus padres y con su entorno, especialmente en los primeros a\u00f1os de vida.<\/p>\n<p>Este libro va dirigido a padres, educadores y a todas aquellas personas que van a participar en la evoluci\u00f3n f\u00edsica, mental y emocional del ni\u00f1o.<\/p>\n","protected":false},"featured_media":39287,"comment_status":"open","ping_status":"closed","template":"","meta":{"_et_pb_use_builder":"","_et_pb_old_content":"","_et_gb_content_width":""},"product_cat":[10349,1512,6675,9825],"product_tag":[2602],"edicion":[1083],"editoriales":[1160],"tienda":[],"autor_id":[9232],"universidades_coeditoras":[],"palabras_clave":[],"listado_alfabetico":[],"acf":[],"_links":{"self":[{"href":"https:\/\/wizardly-davinci.82-223-8-23.plesk.page\/en\/wp-json\/wp\/v2\/product\/39286"}],"collection":[{"href":"https:\/\/wizardly-davinci.82-223-8-23.plesk.page\/en\/wp-json\/wp\/v2\/product"}],"about":[{"href":"https:\/\/wizardly-davinci.82-223-8-23.plesk.page\/en\/wp-json\/wp\/v2\/types\/product"}],"replies":[{"embeddable":true,"href":"https:\/\/wizardly-davinci.82-223-8-23.plesk.page\/en\/wp-json\/wp\/v2\/comments?post=39286"}],"wp:featuredmedia":[{"embeddable":true,"href":"https:\/\/wizardly-davinci.82-223-8-23.plesk.page\/en\/wp-json\/wp\/v2\/media\/39287"}],"wp:attachment":[{"href":"https:\/\/wizardly-davinci.82-223-8-23.plesk.page\/en\/wp-json\/wp\/v2\/media?parent=39286"}],"wp:term":[{"taxonomy":"product_cat","embeddable":true,"href":"https:\/\/wizardly-davinci.82-223-8-23.plesk.page\/en\/wp-json\/wp\/v2\/product_cat?post=39286"},{"taxonomy":"product_tag","embeddable":true,"href":"https:\/\/wizardly-davinci.82-223-8-23.plesk.page\/en\/wp-json\/wp\/v2\/product_tag?post=39286"},{"taxonomy":"edicion","embeddable":true,"href":"https:\/\/wizardly-davinci.82-223-8-23.plesk.page\/en\/wp-json\/wp\/v2\/edicion?post=39286"},{"taxonomy":"editoriales","embeddable":true,"href":"https:\/\/wizardly-davinci.82-223-8-23.plesk.page\/en\/wp-json\/wp\/v2\/editoriales?post=39286"},{"taxonomy":"tienda","embeddable":true,"href":"https:\/\/wizardly-davinci.82-223-8-23.plesk.page\/en\/wp-json\/wp\/v2\/tienda?post=39286"},{"taxonomy":"autor_id","embeddable":true,"href":"https:\/\/wizardly-davinci.82-223-8-23.plesk.page\/en\/wp-json\/wp\/v2\/autor_id?post=39286"},{"taxonomy":"universidades_coeditoras","embeddable":true,"href":"https:\/\/wizardly-davinci.82-223-8-23.plesk.page\/en\/wp-json\/wp\/v2\/universidades_coeditoras?post=39286"},{"taxonomy":"palabras_clave","embeddable":true,"href":"https:\/\/wizardly-davinci.82-223-8-23.plesk.page\/en\/wp-json\/wp\/v2\/palabras_clave?post=39286"},{"taxonomy":"listado_alfabetico","embeddable":true,"href":"https:\/\/wizardly-davinci.82-223-8-23.plesk.page\/en\/wp-json\/wp\/v2\/listado_alfabetico?post=39286"}],"curies":[{"name":"wp","href":"https:\/\/api.w.org\/{rel}","templated":true}]}}