{"id":39319,"date":"2020-05-26T11:09:14","date_gmt":"2020-05-26T11:09:14","guid":{"rendered":"https:\/\/octaedro.com\/?post_type=product&#038;p=39319"},"modified":"2023-04-24T12:29:11","modified_gmt":"2023-04-24T10:29:11","slug":"como-aprenden-los-docentes","status":"publish","type":"product","link":"https:\/\/wizardly-davinci.82-223-8-23.plesk.page\/en\/producto\/como-aprenden-los-docentes\/","title":{"rendered":"\u00bfC\u00f3mo aprenden los docentes?"},"content":{"rendered":"","protected":false},"excerpt":{"rendered":"<p>Este libro da cuenta de lo que nos ha sucedido durante los tres intensos a\u00f1os en los que investigadores y docentes de educaci\u00f3n infantil, primaria y secundaria hemos caminado juntos con el af\u00e1n de comprender c\u00f3mo aprendemos dentro y fuera de los centros escolares. En este tr\u00e1nsito nos han regalado su tiempo, sus tanteos cartogr\u00e1ficos, sus historias y sus trayectorias de aprendizaje.<\/p>\n<p>Pero lo que aqu\u00ed se presenta tambi\u00e9n narra nuestras historias como investigadores. Pues este viaje nos ha permitido reflexionar sobre los trayectos realizados, mostrar las dudas que van surgiendo en el camino, sacar a la luz los debates entre los investigadores, se\u00f1alar los movimientos no previstos, as\u00ed como hacer visibles las sorpresas, los desv\u00edos y, en especial, los lugares de no saber que emergen en una investigaci\u00f3n que se mueve como un rizoma.<\/p>\n<p>El libro es un ejercicio de transparencia y visibilidad que, a diferencia de la mayor\u00eda de los art\u00edculos, desvela los entresijos del proceso de estudio y lo que ocurre en toda investigaci\u00f3n: que no es un transcurso lineal, en el cual lo inicialmente pensado se lleve a la pr\u00e1ctica sin dudas ni fisuras. Al contrario, es una investigaci\u00f3n que se configura en su devenir (<em>becoming<\/em>). Que no sigue una planificaci\u00f3n que predetermina antes de ser realizada lo que ha de venir, sino que se conforma en el proceso que se vive en el \u00abcampo\u00bb, en los encuentros entre los investigadores y en la escritura.<\/p>\n<p>Adem\u00e1s, en cada uno de los cap\u00edtulos se ofrecen contribuciones que pueden iluminar la comprensi\u00f3n sobre c\u00f3mo y d\u00f3nde aprenden los docentes y el sentido que dan al aprender. Resultan igualmente valiosas las aportaciones del enfoque de investigaci\u00f3n que se ha llevado a cabo, tanto para la formaci\u00f3n del profesorado como para replantear el sentido de la educaci\u00f3n escolar.<\/p>\n","protected":false},"featured_media":39320,"comment_status":"open","ping_status":"closed","template":"","meta":{"_et_pb_use_builder":"","_et_pb_old_content":"","_et_gb_content_width":""},"product_cat":[2606,6936,6674,6675],"product_tag":[2608],"edicion":[1085,1083],"editoriales":[1160],"tienda":[],"autor_id":[],"universidades_coeditoras":[7232,7256],"palabras_clave":[],"listado_alfabetico":[],"acf":[],"_links":{"self":[{"href":"https:\/\/wizardly-davinci.82-223-8-23.plesk.page\/en\/wp-json\/wp\/v2\/product\/39319"}],"collection":[{"href":"https:\/\/wizardly-davinci.82-223-8-23.plesk.page\/en\/wp-json\/wp\/v2\/product"}],"about":[{"href":"https:\/\/wizardly-davinci.82-223-8-23.plesk.page\/en\/wp-json\/wp\/v2\/types\/product"}],"replies":[{"embeddable":true,"href":"https:\/\/wizardly-davinci.82-223-8-23.plesk.page\/en\/wp-json\/wp\/v2\/comments?post=39319"}],"wp:featuredmedia":[{"embeddable":true,"href":"https:\/\/wizardly-davinci.82-223-8-23.plesk.page\/en\/wp-json\/wp\/v2\/media\/39320"}],"wp:attachment":[{"href":"https:\/\/wizardly-davinci.82-223-8-23.plesk.page\/en\/wp-json\/wp\/v2\/media?parent=39319"}],"wp:term":[{"taxonomy":"product_cat","embeddable":true,"href":"https:\/\/wizardly-davinci.82-223-8-23.plesk.page\/en\/wp-json\/wp\/v2\/product_cat?post=39319"},{"taxonomy":"product_tag","embeddable":true,"href":"https:\/\/wizardly-davinci.82-223-8-23.plesk.page\/en\/wp-json\/wp\/v2\/product_tag?post=39319"},{"taxonomy":"edicion","embeddable":true,"href":"https:\/\/wizardly-davinci.82-223-8-23.plesk.page\/en\/wp-json\/wp\/v2\/edicion?post=39319"},{"taxonomy":"editoriales","embeddable":true,"href":"https:\/\/wizardly-davinci.82-223-8-23.plesk.page\/en\/wp-json\/wp\/v2\/editoriales?post=39319"},{"taxonomy":"tienda","embeddable":true,"href":"https:\/\/wizardly-davinci.82-223-8-23.plesk.page\/en\/wp-json\/wp\/v2\/tienda?post=39319"},{"taxonomy":"autor_id","embeddable":true,"href":"https:\/\/wizardly-davinci.82-223-8-23.plesk.page\/en\/wp-json\/wp\/v2\/autor_id?post=39319"},{"taxonomy":"universidades_coeditoras","embeddable":true,"href":"https:\/\/wizardly-davinci.82-223-8-23.plesk.page\/en\/wp-json\/wp\/v2\/universidades_coeditoras?post=39319"},{"taxonomy":"palabras_clave","embeddable":true,"href":"https:\/\/wizardly-davinci.82-223-8-23.plesk.page\/en\/wp-json\/wp\/v2\/palabras_clave?post=39319"},{"taxonomy":"listado_alfabetico","embeddable":true,"href":"https:\/\/wizardly-davinci.82-223-8-23.plesk.page\/en\/wp-json\/wp\/v2\/listado_alfabetico?post=39319"}],"curies":[{"name":"wp","href":"https:\/\/api.w.org\/{rel}","templated":true}]}}