{"id":39328,"date":"2020-05-27T12:37:24","date_gmt":"2020-05-27T12:37:24","guid":{"rendered":"https:\/\/octaedro.com\/?post_type=product&#038;p=39328"},"modified":"2023-04-24T12:29:19","modified_gmt":"2023-04-24T10:29:19","slug":"metodologias-participativas-en-la-ensenanza-de-la-comunicacion","status":"publish","type":"product","link":"https:\/\/wizardly-davinci.82-223-8-23.plesk.page\/en\/producto\/metodologias-participativas-en-la-ensenanza-de-la-comunicacion\/","title":{"rendered":"Metodolog\u00edas participativas en la ense\u00f1anza de la Comunicaci\u00f3n"},"content":{"rendered":"","protected":false},"excerpt":{"rendered":"<p>El actual sistema educativo aboga por m\u00e9todos de ense\u00f1anza-aprendizaje basados no solo en la asimilaci\u00f3n de conocimientos, sino tambi\u00e9n en el desarrollo de competencias espec\u00edficas y transversales. En este contexto, la adquisici\u00f3n de competencias comunicativas es un requisito esencial en cualquier nivel formativo, y es aqu\u00ed donde las metodolog\u00edas participativas ocupan un papel fundamental. Este tipo de metodolog\u00edas abarcan iniciativas muy diversas \u2013aprendizaje experiencial, simulaciones, aprendizaje basado en proyectos, aprendizaje-servicio, etc.\u2013, que potencian la participaci\u00f3n activa del alumno en proyectos de aula o en entornos reales y permiten acercarse a la realidad social y profesional.<\/p>\n<p>En este libro, de autor\u00eda colectiva, se presentan diversas experiencias de innovaci\u00f3n docente basadas en metodolog\u00edas participativas, desarrolladas en distintas \u00e1reas de los grados de Comunicaci\u00f3n. Se plantean nuevos enfoques en la formaci\u00f3n de los futuros profesionales de Periodismo, Comunicaci\u00f3n Audiovisual, Publicidad y Relaciones P\u00fablicas, y Documentaci\u00f3n y se aporta una mirada comunicativa a otras disciplinas como la Filosof\u00eda. A lo largo de los cap\u00edtulos, se detallan proyectos de aprendizaje en el entorno real que fomentan la creatividad y el trabajo colaborativo; se apuesta por el desarrollo de formatos audiovisuales, por el cine cooperativo, por el uso del blog y del <em>podcast<\/em> en el entorno educativo; se impulsa la elaboraci\u00f3n de contenidos accesibles a estudiantes con discapacidad y se propone construir espacios de conocimiento compartidos con comunidades sociales.<\/p>\n<p>Se abordan, adem\u00e1s, aspectos relevantes para adecuar la formaci\u00f3n a las demandas del mercado laboral, como el biling\u00fcismo o las competencias digitales. Buena parte de estas experiencias participativas pueden tener su r\u00e9plica en otras \u00e1reas de conocimiento y pueden adaptarse a otros niveles educativos.<\/p>\n","protected":false},"featured_media":39329,"comment_status":"open","ping_status":"closed","template":"","meta":{"_et_pb_use_builder":"","_et_pb_old_content":"","_et_gb_content_width":""},"product_cat":[2606,6936,6674,6675],"product_tag":[2608],"edicion":[1085,1083],"editoriales":[1160],"tienda":[],"autor_id":[],"universidades_coeditoras":[7254],"palabras_clave":[],"listado_alfabetico":[],"acf":[],"_links":{"self":[{"href":"https:\/\/wizardly-davinci.82-223-8-23.plesk.page\/en\/wp-json\/wp\/v2\/product\/39328"}],"collection":[{"href":"https:\/\/wizardly-davinci.82-223-8-23.plesk.page\/en\/wp-json\/wp\/v2\/product"}],"about":[{"href":"https:\/\/wizardly-davinci.82-223-8-23.plesk.page\/en\/wp-json\/wp\/v2\/types\/product"}],"replies":[{"embeddable":true,"href":"https:\/\/wizardly-davinci.82-223-8-23.plesk.page\/en\/wp-json\/wp\/v2\/comments?post=39328"}],"wp:featuredmedia":[{"embeddable":true,"href":"https:\/\/wizardly-davinci.82-223-8-23.plesk.page\/en\/wp-json\/wp\/v2\/media\/39329"}],"wp:attachment":[{"href":"https:\/\/wizardly-davinci.82-223-8-23.plesk.page\/en\/wp-json\/wp\/v2\/media?parent=39328"}],"wp:term":[{"taxonomy":"product_cat","embeddable":true,"href":"https:\/\/wizardly-davinci.82-223-8-23.plesk.page\/en\/wp-json\/wp\/v2\/product_cat?post=39328"},{"taxonomy":"product_tag","embeddable":true,"href":"https:\/\/wizardly-davinci.82-223-8-23.plesk.page\/en\/wp-json\/wp\/v2\/product_tag?post=39328"},{"taxonomy":"edicion","embeddable":true,"href":"https:\/\/wizardly-davinci.82-223-8-23.plesk.page\/en\/wp-json\/wp\/v2\/edicion?post=39328"},{"taxonomy":"editoriales","embeddable":true,"href":"https:\/\/wizardly-davinci.82-223-8-23.plesk.page\/en\/wp-json\/wp\/v2\/editoriales?post=39328"},{"taxonomy":"tienda","embeddable":true,"href":"https:\/\/wizardly-davinci.82-223-8-23.plesk.page\/en\/wp-json\/wp\/v2\/tienda?post=39328"},{"taxonomy":"autor_id","embeddable":true,"href":"https:\/\/wizardly-davinci.82-223-8-23.plesk.page\/en\/wp-json\/wp\/v2\/autor_id?post=39328"},{"taxonomy":"universidades_coeditoras","embeddable":true,"href":"https:\/\/wizardly-davinci.82-223-8-23.plesk.page\/en\/wp-json\/wp\/v2\/universidades_coeditoras?post=39328"},{"taxonomy":"palabras_clave","embeddable":true,"href":"https:\/\/wizardly-davinci.82-223-8-23.plesk.page\/en\/wp-json\/wp\/v2\/palabras_clave?post=39328"},{"taxonomy":"listado_alfabetico","embeddable":true,"href":"https:\/\/wizardly-davinci.82-223-8-23.plesk.page\/en\/wp-json\/wp\/v2\/listado_alfabetico?post=39328"}],"curies":[{"name":"wp","href":"https:\/\/api.w.org\/{rel}","templated":true}]}}