{"id":39356,"date":"2020-06-03T11:18:36","date_gmt":"2020-06-03T11:18:36","guid":{"rendered":"https:\/\/octaedro.com\/?post_type=product&#038;p=39356"},"modified":"2023-02-22T13:35:46","modified_gmt":"2023-02-22T12:35:46","slug":"las-tecnologias-de-la-informacion-y-la-comunicacion-en-la-praxis-universitaria","status":"publish","type":"product","link":"https:\/\/wizardly-davinci.82-223-8-23.plesk.page\/en\/producto\/las-tecnologias-de-la-informacion-y-la-comunicacion-en-la-praxis-universitaria\/","title":{"rendered":"Las tecnolog\u00edas de la informaci\u00f3n y la comunicaci\u00f3n en la praxis universitaria"},"content":{"rendered":"","protected":false},"excerpt":{"rendered":"<p>En la actual sociedad de la informaci\u00f3n y la comunicaci\u00f3n, es vital para el desarrollo sostenible de la calidad educativa dinamizar y gestionar las ecolog\u00edas ubicuas de los aprendizajes en simbiosis con los dise\u00f1os curriculares flexibles adaptados a las tecnolog\u00edas de la informaci\u00f3n y la comunicaci\u00f3n y a la empleabilidad de los educandos.<\/p>\n<p>La presente obra cient\u00edfica, fruto de la reflexi\u00f3n introspectiva y de la experticia did\u00e1ctica de un profesor universitario con m\u00e1s de dos d\u00e9cadas de docencia (http:\/\/eloy3000.blogspot.com), ofrece, desde una \u00f3ptica tecnopedag\u00f3gica, diversas reflexiones did\u00e1cticas, modelos de ense\u00f1anza, tendencias digitales emergentes proactivas, como la realidad aumentada y los MOOC, para el desarrollo sostenible de la acci\u00f3n pedag\u00f3gica en las ecolog\u00edas ubicuas de aprendizaje.<\/p>\n<p>Por \u00faltimo, se plantean recursos tecnol\u00f3gicos orientados a personas con diversidad funcional, con la intenci\u00f3n did\u00e1ctica de describir y esbozar aplicaciones tecnol\u00f3gicas de apoyo al estudiantado y a los profesionales de este \u00e1mbito sociocient\u00edfico de cara al fomento de una accesibilidad universal, as\u00ed como a invitar a la reflexi\u00f3n colectiva sobre el uso responsable y cr\u00edtico de las tecnolog\u00edas para la aldea global.<\/p>\n","protected":false},"featured_media":39359,"comment_status":"open","ping_status":"closed","template":"","meta":{"_et_pb_use_builder":"","_et_pb_old_content":"","_et_gb_content_width":""},"product_cat":[2606,6673],"product_tag":[2605],"edicion":[1084],"editoriales":[1160],"tienda":[],"autor_id":[5853],"universidades_coeditoras":[7260],"palabras_clave":[],"listado_alfabetico":[],"acf":[],"_links":{"self":[{"href":"https:\/\/wizardly-davinci.82-223-8-23.plesk.page\/en\/wp-json\/wp\/v2\/product\/39356"}],"collection":[{"href":"https:\/\/wizardly-davinci.82-223-8-23.plesk.page\/en\/wp-json\/wp\/v2\/product"}],"about":[{"href":"https:\/\/wizardly-davinci.82-223-8-23.plesk.page\/en\/wp-json\/wp\/v2\/types\/product"}],"replies":[{"embeddable":true,"href":"https:\/\/wizardly-davinci.82-223-8-23.plesk.page\/en\/wp-json\/wp\/v2\/comments?post=39356"}],"wp:featuredmedia":[{"embeddable":true,"href":"https:\/\/wizardly-davinci.82-223-8-23.plesk.page\/en\/wp-json\/wp\/v2\/media\/39359"}],"wp:attachment":[{"href":"https:\/\/wizardly-davinci.82-223-8-23.plesk.page\/en\/wp-json\/wp\/v2\/media?parent=39356"}],"wp:term":[{"taxonomy":"product_cat","embeddable":true,"href":"https:\/\/wizardly-davinci.82-223-8-23.plesk.page\/en\/wp-json\/wp\/v2\/product_cat?post=39356"},{"taxonomy":"product_tag","embeddable":true,"href":"https:\/\/wizardly-davinci.82-223-8-23.plesk.page\/en\/wp-json\/wp\/v2\/product_tag?post=39356"},{"taxonomy":"edicion","embeddable":true,"href":"https:\/\/wizardly-davinci.82-223-8-23.plesk.page\/en\/wp-json\/wp\/v2\/edicion?post=39356"},{"taxonomy":"editoriales","embeddable":true,"href":"https:\/\/wizardly-davinci.82-223-8-23.plesk.page\/en\/wp-json\/wp\/v2\/editoriales?post=39356"},{"taxonomy":"tienda","embeddable":true,"href":"https:\/\/wizardly-davinci.82-223-8-23.plesk.page\/en\/wp-json\/wp\/v2\/tienda?post=39356"},{"taxonomy":"autor_id","embeddable":true,"href":"https:\/\/wizardly-davinci.82-223-8-23.plesk.page\/en\/wp-json\/wp\/v2\/autor_id?post=39356"},{"taxonomy":"universidades_coeditoras","embeddable":true,"href":"https:\/\/wizardly-davinci.82-223-8-23.plesk.page\/en\/wp-json\/wp\/v2\/universidades_coeditoras?post=39356"},{"taxonomy":"palabras_clave","embeddable":true,"href":"https:\/\/wizardly-davinci.82-223-8-23.plesk.page\/en\/wp-json\/wp\/v2\/palabras_clave?post=39356"},{"taxonomy":"listado_alfabetico","embeddable":true,"href":"https:\/\/wizardly-davinci.82-223-8-23.plesk.page\/en\/wp-json\/wp\/v2\/listado_alfabetico?post=39356"}],"curies":[{"name":"wp","href":"https:\/\/api.w.org\/{rel}","templated":true}]}}