{"id":39369,"date":"2020-06-03T15:51:29","date_gmt":"2020-06-03T15:51:29","guid":{"rendered":"https:\/\/octaedro.com\/?post_type=product&#038;p=39369"},"modified":"2023-04-24T12:29:29","modified_gmt":"2023-04-24T10:29:29","slug":"sexisme-la-violencia-de-les-mil-cares","status":"publish","type":"product","link":"https:\/\/wizardly-davinci.82-223-8-23.plesk.page\/en\/producto\/sexisme-la-violencia-de-les-mil-cares\/","title":{"rendered":"Sexisme: la viol\u00e8ncia de les mil cares"},"content":{"rendered":"","protected":false},"excerpt":{"rendered":"<p>El sexisme \u00e9s l\u2019origen de la viol\u00e8ncia de g\u00e8nere, ja que associa, potencia, ensenya i transmet els valors masculins com a sin\u00f2nim d\u2019\u00e8xit, de for\u00e7a, d\u2019intel\u00b7lig\u00e8ncia, de poder. Es contraposa al que \u00e9s femen\u00ed, que roman invisible i sempre est\u00e0 supeditat a all\u00f2 que \u00e9s mascul\u00ed. En l\u2019exercici d\u2019aquest poder arrela el sexisme i, al seu torn, el sexisme busca aquest poder. El sexisme, per tant, nom\u00e9s coneix un g\u00e8nere: el mascul\u00ed. Aquest llibre no \u00e9s nom\u00e9s per a dones, ni de lluny, tamb\u00e9 \u00e9s per als homes, at\u00e8s que el combat contra el sexisme ens interpel\u00b7la a tots. Als homes, perqu\u00e8 el practiquen per her\u00e8ncia hist\u00f2rica i a les dones, perqu\u00e8 el pateixen. I perqu\u00e8, sense adonar-se\u2019n, de vegades el transmeten als seus fills i filles quan els eduquen des d\u2019una perspectiva sexista.<\/p>\n<p>El sexisme \u00e9s el punt de partida de la desigualtat, aix\u00ed com de la viol\u00e8ncia masclista. Una viol\u00e8ncia que pren m\u00faltiples formes. N\u2019hi ha tantes que a la portada del llibre parlem de \u00abla viol\u00e8ncia de les mil cares\u00bb. Els crims en s\u00f3n l\u2019expressi\u00f3 m\u00e9s cruel i inhumana. Per\u00f2 la viol\u00e8ncia contra les dones est\u00e0 en les paraules, en els gestos, en les actituds, en la desigualtat quotidiana, a les llars, a la feina, al carrer. Est\u00e0 a les ments.<\/p>\n<p><em>Sexisme: la viol\u00e8ncia de les mil cares<\/em>, de Julia Sousa, amb pr\u00f2leg de Marina Subirats, \u00e9s el tercer llibre editat per la Fundaci\u00f3 Periodisme Plural, dins la seva col\u00b7lecci\u00f3 Periodisme i Drets Humans. Pretenem que sigui una obra \u00fatil, que aporti dades i reflexions per con\u00e8ixer millor el problema en tota la seva complexitat, una informaci\u00f3 imprescindible per combatre aquests crims insuportables entre totes i tots. Per transformar les ments.<\/p>\n","protected":false},"featured_media":39373,"comment_status":"open","ping_status":"closed","template":"","meta":{"_et_pb_use_builder":"","_et_pb_old_content":"","_et_gb_content_width":""},"product_cat":[6675,1510],"product_tag":[2602],"edicion":[1083],"editoriales":[1160],"tienda":[],"autor_id":[6439],"universidades_coeditoras":[],"palabras_clave":[],"listado_alfabetico":[],"acf":[],"_links":{"self":[{"href":"https:\/\/wizardly-davinci.82-223-8-23.plesk.page\/en\/wp-json\/wp\/v2\/product\/39369"}],"collection":[{"href":"https:\/\/wizardly-davinci.82-223-8-23.plesk.page\/en\/wp-json\/wp\/v2\/product"}],"about":[{"href":"https:\/\/wizardly-davinci.82-223-8-23.plesk.page\/en\/wp-json\/wp\/v2\/types\/product"}],"replies":[{"embeddable":true,"href":"https:\/\/wizardly-davinci.82-223-8-23.plesk.page\/en\/wp-json\/wp\/v2\/comments?post=39369"}],"wp:featuredmedia":[{"embeddable":true,"href":"https:\/\/wizardly-davinci.82-223-8-23.plesk.page\/en\/wp-json\/wp\/v2\/media\/39373"}],"wp:attachment":[{"href":"https:\/\/wizardly-davinci.82-223-8-23.plesk.page\/en\/wp-json\/wp\/v2\/media?parent=39369"}],"wp:term":[{"taxonomy":"product_cat","embeddable":true,"href":"https:\/\/wizardly-davinci.82-223-8-23.plesk.page\/en\/wp-json\/wp\/v2\/product_cat?post=39369"},{"taxonomy":"product_tag","embeddable":true,"href":"https:\/\/wizardly-davinci.82-223-8-23.plesk.page\/en\/wp-json\/wp\/v2\/product_tag?post=39369"},{"taxonomy":"edicion","embeddable":true,"href":"https:\/\/wizardly-davinci.82-223-8-23.plesk.page\/en\/wp-json\/wp\/v2\/edicion?post=39369"},{"taxonomy":"editoriales","embeddable":true,"href":"https:\/\/wizardly-davinci.82-223-8-23.plesk.page\/en\/wp-json\/wp\/v2\/editoriales?post=39369"},{"taxonomy":"tienda","embeddable":true,"href":"https:\/\/wizardly-davinci.82-223-8-23.plesk.page\/en\/wp-json\/wp\/v2\/tienda?post=39369"},{"taxonomy":"autor_id","embeddable":true,"href":"https:\/\/wizardly-davinci.82-223-8-23.plesk.page\/en\/wp-json\/wp\/v2\/autor_id?post=39369"},{"taxonomy":"universidades_coeditoras","embeddable":true,"href":"https:\/\/wizardly-davinci.82-223-8-23.plesk.page\/en\/wp-json\/wp\/v2\/universidades_coeditoras?post=39369"},{"taxonomy":"palabras_clave","embeddable":true,"href":"https:\/\/wizardly-davinci.82-223-8-23.plesk.page\/en\/wp-json\/wp\/v2\/palabras_clave?post=39369"},{"taxonomy":"listado_alfabetico","embeddable":true,"href":"https:\/\/wizardly-davinci.82-223-8-23.plesk.page\/en\/wp-json\/wp\/v2\/listado_alfabetico?post=39369"}],"curies":[{"name":"wp","href":"https:\/\/api.w.org\/{rel}","templated":true}]}}