{"id":39387,"date":"2020-06-05T17:50:20","date_gmt":"2020-06-05T17:50:20","guid":{"rendered":"https:\/\/octaedro.com\/?post_type=product&#038;p=39387"},"modified":"2023-04-24T12:29:37","modified_gmt":"2023-04-24T10:29:37","slug":"acoso-y-ciberacoso-en-la-escuela","status":"publish","type":"product","link":"https:\/\/wizardly-davinci.82-223-8-23.plesk.page\/en\/producto\/acoso-y-ciberacoso-en-la-escuela\/","title":{"rendered":"Acoso y ciberacoso en la escuela"},"content":{"rendered":"","protected":false},"excerpt":{"rendered":"<p>El acoso escolar y el ciberacoso escolar son temas que generan preocupaci\u00f3n, tanto en los contextos educativos como desde una perspectiva familiar y social m\u00e1s amplia. Las investigaciones nos muestran que, en la etapa escolar, quienes sufren m\u00e1s esta realidad son los estudiantes con necesidades educativas especiales o diversidad funcional. Es muy importante que las familias, el profesorado y los agentes educativos y sociales colaboren para prevenir, detectar e intervenir en estas situaciones de acoso y ciberacoso escolar.<br \/>\nY este es el tema central de este libro, que surge en el contexto del proyecto europeo DisAbuse, financiado por la Comisi\u00f3n Europea en su programa Erasmus+. En este proyecto han participado socios de Irlanda, Portugal e Italia, adem\u00e1s de la Universidad de Murcia como socia en Espa\u00f1a, cuyo equipo ha sido coordinado por M. Paz Prendes Espinosa.<\/p>\n","protected":false},"featured_media":39388,"comment_status":"open","ping_status":"closed","template":"","meta":{"_et_pb_use_builder":"","_et_pb_old_content":"","_et_gb_content_width":""},"product_cat":[2606,6936,6674,6675,9825],"product_tag":[2608],"edicion":[1085,1083],"editoriales":[1160],"tienda":[],"autor_id":[9260,9259],"universidades_coeditoras":[7254],"palabras_clave":[],"listado_alfabetico":[],"acf":[],"_links":{"self":[{"href":"https:\/\/wizardly-davinci.82-223-8-23.plesk.page\/en\/wp-json\/wp\/v2\/product\/39387"}],"collection":[{"href":"https:\/\/wizardly-davinci.82-223-8-23.plesk.page\/en\/wp-json\/wp\/v2\/product"}],"about":[{"href":"https:\/\/wizardly-davinci.82-223-8-23.plesk.page\/en\/wp-json\/wp\/v2\/types\/product"}],"replies":[{"embeddable":true,"href":"https:\/\/wizardly-davinci.82-223-8-23.plesk.page\/en\/wp-json\/wp\/v2\/comments?post=39387"}],"wp:featuredmedia":[{"embeddable":true,"href":"https:\/\/wizardly-davinci.82-223-8-23.plesk.page\/en\/wp-json\/wp\/v2\/media\/39388"}],"wp:attachment":[{"href":"https:\/\/wizardly-davinci.82-223-8-23.plesk.page\/en\/wp-json\/wp\/v2\/media?parent=39387"}],"wp:term":[{"taxonomy":"product_cat","embeddable":true,"href":"https:\/\/wizardly-davinci.82-223-8-23.plesk.page\/en\/wp-json\/wp\/v2\/product_cat?post=39387"},{"taxonomy":"product_tag","embeddable":true,"href":"https:\/\/wizardly-davinci.82-223-8-23.plesk.page\/en\/wp-json\/wp\/v2\/product_tag?post=39387"},{"taxonomy":"edicion","embeddable":true,"href":"https:\/\/wizardly-davinci.82-223-8-23.plesk.page\/en\/wp-json\/wp\/v2\/edicion?post=39387"},{"taxonomy":"editoriales","embeddable":true,"href":"https:\/\/wizardly-davinci.82-223-8-23.plesk.page\/en\/wp-json\/wp\/v2\/editoriales?post=39387"},{"taxonomy":"tienda","embeddable":true,"href":"https:\/\/wizardly-davinci.82-223-8-23.plesk.page\/en\/wp-json\/wp\/v2\/tienda?post=39387"},{"taxonomy":"autor_id","embeddable":true,"href":"https:\/\/wizardly-davinci.82-223-8-23.plesk.page\/en\/wp-json\/wp\/v2\/autor_id?post=39387"},{"taxonomy":"universidades_coeditoras","embeddable":true,"href":"https:\/\/wizardly-davinci.82-223-8-23.plesk.page\/en\/wp-json\/wp\/v2\/universidades_coeditoras?post=39387"},{"taxonomy":"palabras_clave","embeddable":true,"href":"https:\/\/wizardly-davinci.82-223-8-23.plesk.page\/en\/wp-json\/wp\/v2\/palabras_clave?post=39387"},{"taxonomy":"listado_alfabetico","embeddable":true,"href":"https:\/\/wizardly-davinci.82-223-8-23.plesk.page\/en\/wp-json\/wp\/v2\/listado_alfabetico?post=39387"}],"curies":[{"name":"wp","href":"https:\/\/api.w.org\/{rel}","templated":true}]}}