{"id":39638,"date":"2020-06-29T17:00:54","date_gmt":"2020-06-29T17:00:54","guid":{"rendered":"https:\/\/octaedro.com\/?post_type=product&#038;p=39638"},"modified":"2023-04-24T12:16:29","modified_gmt":"2023-04-24T10:16:29","slug":"manual-de-docencia-universitaria","status":"publish","type":"product","link":"https:\/\/wizardly-davinci.82-223-8-23.plesk.page\/en\/producto\/manual-de-docencia-universitaria\/","title":{"rendered":"Manual de docencia universitaria"},"content":{"rendered":"","protected":false},"excerpt":{"rendered":"<p>Esta obra se asemeja a un manual cl\u00e1sico porque compendia lo m\u00e1s sustancial de una materia, en este caso la docencia universitaria. Va dirigida a todo el profesorado universitario, de cualquier \u00e1mbito geogr\u00e1fico, \u00e1rea de conocimiento; a todos los que, en general, apenas han recibido formaci\u00f3n pedag\u00f3gica espec\u00edfica. En cierta manera, tambi\u00e9n puede decirse que ha sido concebida a partir de un diagn\u00f3stico de la universidad actual y de las carencias y complejidades con que nos enfrentamos los docentes del siglo XXI.<br \/>\nUn equipo de cuarenta profesionales de nueve universidades espa\u00f1olas e instituciones vinculadas a la Educaci\u00f3n Superior expone, de manera directa, pr\u00e1ctica y di\u00e1fana, una s\u00edntesis de casi todo aquello que concierne a la acci\u00f3n docente universitaria. El lector hallar\u00e1 en sus p\u00e1ginas nociones \u00fatiles de did\u00e1ctica y pedagog\u00eda, por supuesto, pero tambi\u00e9n del marco institucional y legislativo, de planificaci\u00f3n docente, tecnolog\u00eda educativa, evaluaci\u00f3n, t\u00e9cnicas, estrategias y metodolog\u00edas de ense\u00f1anza, materiales de aprendizaje, ergonom\u00eda, comunicaci\u00f3n, acci\u00f3n tutorial, relaciones humanas, semipresencialidad, entornos virtuales, neurociencia aplicada a la educaci\u00f3n, innovaci\u00f3n docente, investigaci\u00f3n educativa y evaluaci\u00f3n docente; tambi\u00e9n encontrar\u00e1 una cuidada selecci\u00f3n de bibliograf\u00eda, recursos y webgraf\u00eda.<br \/>\nEstructurada en unos veinte cap\u00edtulos concisos, sin aparato erudito y con recomendaciones bibliogr\u00e1ficas espec\u00edficas al final de cada uno, el lector podr\u00e1 saltar de un cap\u00edtulo a otro seg\u00fan sus propias necesidades.<br \/>\nEn definitiva, se trata de una obra concebida para mejorar las capacidades profesionales de los profesores universitarios y contribuir as\u00ed a la mejora de la docencia universitaria y a reforzar la identidad profesional docente.<\/p>\n","protected":false},"featured_media":39642,"comment_status":"open","ping_status":"closed","template":"","meta":{"_et_pb_use_builder":"","_et_pb_old_content":"","_et_gb_content_width":""},"product_cat":[2606,2873,6936,6940,6675,6673],"product_tag":[2602],"edicion":[1084,1083],"editoriales":[1160,8810],"tienda":[],"autor_id":[6529],"universidades_coeditoras":[],"palabras_clave":[],"listado_alfabetico":[],"acf":[],"_links":{"self":[{"href":"https:\/\/wizardly-davinci.82-223-8-23.plesk.page\/en\/wp-json\/wp\/v2\/product\/39638"}],"collection":[{"href":"https:\/\/wizardly-davinci.82-223-8-23.plesk.page\/en\/wp-json\/wp\/v2\/product"}],"about":[{"href":"https:\/\/wizardly-davinci.82-223-8-23.plesk.page\/en\/wp-json\/wp\/v2\/types\/product"}],"replies":[{"embeddable":true,"href":"https:\/\/wizardly-davinci.82-223-8-23.plesk.page\/en\/wp-json\/wp\/v2\/comments?post=39638"}],"wp:featuredmedia":[{"embeddable":true,"href":"https:\/\/wizardly-davinci.82-223-8-23.plesk.page\/en\/wp-json\/wp\/v2\/media\/39642"}],"wp:attachment":[{"href":"https:\/\/wizardly-davinci.82-223-8-23.plesk.page\/en\/wp-json\/wp\/v2\/media?parent=39638"}],"wp:term":[{"taxonomy":"product_cat","embeddable":true,"href":"https:\/\/wizardly-davinci.82-223-8-23.plesk.page\/en\/wp-json\/wp\/v2\/product_cat?post=39638"},{"taxonomy":"product_tag","embeddable":true,"href":"https:\/\/wizardly-davinci.82-223-8-23.plesk.page\/en\/wp-json\/wp\/v2\/product_tag?post=39638"},{"taxonomy":"edicion","embeddable":true,"href":"https:\/\/wizardly-davinci.82-223-8-23.plesk.page\/en\/wp-json\/wp\/v2\/edicion?post=39638"},{"taxonomy":"editoriales","embeddable":true,"href":"https:\/\/wizardly-davinci.82-223-8-23.plesk.page\/en\/wp-json\/wp\/v2\/editoriales?post=39638"},{"taxonomy":"tienda","embeddable":true,"href":"https:\/\/wizardly-davinci.82-223-8-23.plesk.page\/en\/wp-json\/wp\/v2\/tienda?post=39638"},{"taxonomy":"autor_id","embeddable":true,"href":"https:\/\/wizardly-davinci.82-223-8-23.plesk.page\/en\/wp-json\/wp\/v2\/autor_id?post=39638"},{"taxonomy":"universidades_coeditoras","embeddable":true,"href":"https:\/\/wizardly-davinci.82-223-8-23.plesk.page\/en\/wp-json\/wp\/v2\/universidades_coeditoras?post=39638"},{"taxonomy":"palabras_clave","embeddable":true,"href":"https:\/\/wizardly-davinci.82-223-8-23.plesk.page\/en\/wp-json\/wp\/v2\/palabras_clave?post=39638"},{"taxonomy":"listado_alfabetico","embeddable":true,"href":"https:\/\/wizardly-davinci.82-223-8-23.plesk.page\/en\/wp-json\/wp\/v2\/listado_alfabetico?post=39638"}],"curies":[{"name":"wp","href":"https:\/\/api.w.org\/{rel}","templated":true}]}}