{"id":40215,"date":"2020-09-04T14:29:07","date_gmt":"2020-09-04T12:29:07","guid":{"rendered":"https:\/\/octaedro.com\/?post_type=product&#038;p=40215"},"modified":"2023-04-24T12:19:41","modified_gmt":"2023-04-24T10:19:41","slug":"educacion-para-la-salud-y-desarrollo-comunitario","status":"publish","type":"product","link":"https:\/\/wizardly-davinci.82-223-8-23.plesk.page\/en\/producto\/educacion-para-la-salud-y-desarrollo-comunitario\/","title":{"rendered":"Educacio\u0301n para la Salud y Desarrollo Comunitario"},"content":{"rendered":"<p>Para cambiar una realidad social, primero es preciso conocerla y, en este sentido, esta obra es un valioso aporte para el conocimiento de la realidad latinoamericana, espec\u00edficamente la nicarag\u00fcense, con el \u00e9nfasis puesto en cuestiones relacionadas con la promoci\u00f3n y educaci\u00f3n para la salud, as\u00ed como el desarrollo comunitario y la intervenci\u00f3n social (VIH\/sida, consumo de drogas, salud y comunidad, etc.).<br \/>\nLa publicaci\u00f3n recoge diferentes aportaciones procedentes de investigaciones y estudios llevados a cabo por expertos en dichos \u00e1mbitos, tanto nicarag\u00fcenses como espa\u00f1oles, todos ellos colaboradores o miembros del equipo que, desde 2008, viene desarrollando ininterrumpidamente proyectos de investigaci\u00f3n y cooperaci\u00f3n presentados a convocatorias competitivas, en una permanente l\u00ednea de colaboraci\u00f3n entre la Universidad Nacional Aut\u00f3noma de Nicaragua (UNAN-Managua) y la Universidad Pablo de Olavide, de Sevilla (Espa\u00f1a).<br \/>\nEn concreto, se presenta una compilaci\u00f3n de resultados de investigaciones en el marco del proyecto \u00abFortalecimiento institucional de la UNAN-Managua-FAREM Chontales (Nicaragua): Mejora de las capacidades docentes e investigadoras aplicada a la Promoci\u00f3n y Educaci\u00f3n para la Salud y Calidad de Vida\u00bb (Referencia 2014DEC003), financiado por la Agencia Andaluza de Cooperaci\u00f3n Internacional para el Desarrollo (AACID) en el marco del Programa de Colaboraci\u00f3n en materia de Cooperaci\u00f3n Internacional para el Desarrollo.<\/p>\n","protected":false},"excerpt":{"rendered":"<p>Para cambiar una realidad social, primero es preciso conocerla y, en este sentido, esta obra es un valioso aporte para el conocimiento de la realidad latinoamericana, espec\u00edficamente la nicarag\u00fcense, con el \u00e9nfasis puesto en cuestiones relacionadas con la promoci\u00f3n y educaci\u00f3n para la salud, as\u00ed como el desarrollo comunitario y la intervenci\u00f3n social (VIH\/sida, consumo de drogas, salud y comunidad, etc.).<br \/>\nLa publicaci\u00f3n recoge diferentes aportaciones procedentes de investigaciones y estudios llevados a cabo por expertos en dichos \u00e1mbitos, tanto nicarag\u00fcenses como espa\u00f1oles, todos ellos colaboradores o miembros del equipo que, desde 2008, viene desarrollando ininterrumpidamente proyectos de investigaci\u00f3n y cooperaci\u00f3n presentados a convocatorias competitivas, en una permanente l\u00ednea de colaboraci\u00f3n entre la Universidad Nacional Aut\u00f3noma de Nicaragua (UNAN-Managua) y la Universidad Pablo de Olavide, de Sevilla (Espa\u00f1a).<br \/>\nEn concreto, se presenta una compilaci\u00f3n de resultados de investigaciones en el marco del proyecto \u00abFortalecimiento institucional de la UNAN-Managua-FAREM Chontales (Nicaragua): Mejora de las capacidades docentes e investigadoras aplicada a la Promoci\u00f3n y Educaci\u00f3n para la Salud y Calidad de Vida\u00bb (Referencia 2014DEC003), financiado por la Agencia Andaluza de Cooperaci\u00f3n Internacional para el Desarrollo (AACID) en el marco del Programa de Colaboraci\u00f3n en materia de Cooperaci\u00f3n Internacional para el Desarrollo.<\/p>\n","protected":false},"featured_media":40216,"comment_status":"open","ping_status":"closed","template":"","meta":{"_et_pb_use_builder":"","_et_pb_old_content":"","_et_gb_content_width":""},"product_cat":[2606,6936,6674,6675],"product_tag":[2608],"edicion":[1085,1083],"editoriales":[1160],"tienda":[],"autor_id":[10238,10236,10237],"universidades_coeditoras":[7260],"palabras_clave":[],"listado_alfabetico":[],"acf":[],"_links":{"self":[{"href":"https:\/\/wizardly-davinci.82-223-8-23.plesk.page\/en\/wp-json\/wp\/v2\/product\/40215"}],"collection":[{"href":"https:\/\/wizardly-davinci.82-223-8-23.plesk.page\/en\/wp-json\/wp\/v2\/product"}],"about":[{"href":"https:\/\/wizardly-davinci.82-223-8-23.plesk.page\/en\/wp-json\/wp\/v2\/types\/product"}],"replies":[{"embeddable":true,"href":"https:\/\/wizardly-davinci.82-223-8-23.plesk.page\/en\/wp-json\/wp\/v2\/comments?post=40215"}],"wp:featuredmedia":[{"embeddable":true,"href":"https:\/\/wizardly-davinci.82-223-8-23.plesk.page\/en\/wp-json\/wp\/v2\/media\/40216"}],"wp:attachment":[{"href":"https:\/\/wizardly-davinci.82-223-8-23.plesk.page\/en\/wp-json\/wp\/v2\/media?parent=40215"}],"wp:term":[{"taxonomy":"product_cat","embeddable":true,"href":"https:\/\/wizardly-davinci.82-223-8-23.plesk.page\/en\/wp-json\/wp\/v2\/product_cat?post=40215"},{"taxonomy":"product_tag","embeddable":true,"href":"https:\/\/wizardly-davinci.82-223-8-23.plesk.page\/en\/wp-json\/wp\/v2\/product_tag?post=40215"},{"taxonomy":"edicion","embeddable":true,"href":"https:\/\/wizardly-davinci.82-223-8-23.plesk.page\/en\/wp-json\/wp\/v2\/edicion?post=40215"},{"taxonomy":"editoriales","embeddable":true,"href":"https:\/\/wizardly-davinci.82-223-8-23.plesk.page\/en\/wp-json\/wp\/v2\/editoriales?post=40215"},{"taxonomy":"tienda","embeddable":true,"href":"https:\/\/wizardly-davinci.82-223-8-23.plesk.page\/en\/wp-json\/wp\/v2\/tienda?post=40215"},{"taxonomy":"autor_id","embeddable":true,"href":"https:\/\/wizardly-davinci.82-223-8-23.plesk.page\/en\/wp-json\/wp\/v2\/autor_id?post=40215"},{"taxonomy":"universidades_coeditoras","embeddable":true,"href":"https:\/\/wizardly-davinci.82-223-8-23.plesk.page\/en\/wp-json\/wp\/v2\/universidades_coeditoras?post=40215"},{"taxonomy":"palabras_clave","embeddable":true,"href":"https:\/\/wizardly-davinci.82-223-8-23.plesk.page\/en\/wp-json\/wp\/v2\/palabras_clave?post=40215"},{"taxonomy":"listado_alfabetico","embeddable":true,"href":"https:\/\/wizardly-davinci.82-223-8-23.plesk.page\/en\/wp-json\/wp\/v2\/listado_alfabetico?post=40215"}],"curies":[{"name":"wp","href":"https:\/\/api.w.org\/{rel}","templated":true}]}}