{"id":40270,"date":"2020-09-10T19:06:14","date_gmt":"2020-09-10T17:06:14","guid":{"rendered":"https:\/\/octaedro.com\/?post_type=product&#038;p=40270"},"modified":"2023-02-22T13:35:51","modified_gmt":"2023-02-22T12:35:51","slug":"lectura-y-dificultades-lectoras-en-el-siglo-xxi","status":"publish","type":"product","link":"https:\/\/wizardly-davinci.82-223-8-23.plesk.page\/en\/producto\/lectura-y-dificultades-lectoras-en-el-siglo-xxi\/","title":{"rendered":"Lectura y dificultades lectoras en el siglo XXI"},"content":{"rendered":"<p>La lectura ocupa un lugar destacado en los aprendizajes escolares desde los primeros niveles y constituye una de las actividades que con m\u00e1s frecuencia realizamos en nuestra vida cotidiana, puesto que estamos expuestos a una gran diversidad de informaciones escritas. Leemos de manera constante, mensajes, facturas, correos electr\u00f3nicos, noticias, art\u00edculos, libros&#8230; Hoy d\u00eda somos m\u00e1s lectores que nunca, aunque no leemos como antes ni en los mismos soportes, lo que implica una actualizaci\u00f3n de nuestra manera de leer.<\/p>\n<p>Son muchos los estudios que se vienen realizando en los \u00faltimos a\u00f1os orientados a analizar c\u00f3mo favorecer el aprendizaje de la lectura y a conocer las causas que se encuentran en la base de sus dificultades con el prop\u00f3sito de mejorar su adquisici\u00f3n desde las primeras edades hasta la edad adulta.<\/p>\n<p>En esta l\u00ednea se edita este libro que recoge una gran diversidad de aportaciones relevantes procedentes de investigaciones y experiencias educativas que se han realizado recientemente en torno al aprendizaje de la lectura. Se ofrece una visi\u00f3n innovadora de gran inter\u00e9s de esta habilidad ling\u00fc\u00edstica lo que contribuye a la mejora tanto de los planteamientos did\u00e1cticos para su ense\u00f1anza como al incremento de las estrategias y recursos que pueden emplearse para la atenci\u00f3n e intervenci\u00f3n educativa.<\/p>\n","protected":false},"excerpt":{"rendered":"<p>La lectura ocupa un lugar destacado en los aprendizajes escolares desde los primeros niveles y constituye una de las actividades que con m\u00e1s frecuencia realizamos en nuestra vida cotidiana, puesto que estamos expuestos a una gran diversidad de informaciones escritas. Leemos de manera constante, mensajes, facturas, correos electr\u00f3nicos, noticias, art\u00edculos, libros&#8230; Hoy d\u00eda somos m\u00e1s lectores que nunca, aunque no leemos como antes ni en los mismos soportes, lo que implica una actualizaci\u00f3n de nuestra manera de leer.<\/p>\n<p>Son muchos los estudios que se vienen realizando en los \u00faltimos a\u00f1os orientados a analizar c\u00f3mo favorecer el aprendizaje de la lectura y a conocer las causas que se encuentran en la base de sus dificultades con el prop\u00f3sito de mejorar su adquisici\u00f3n desde las primeras edades hasta la edad adulta.<\/p>\n<p>En esta l\u00ednea se edita este libro que recoge una gran diversidad de aportaciones relevantes procedentes de investigaciones y experiencias educativas que se han realizado recientemente en torno al aprendizaje de la lectura. Se ofrece una visi\u00f3n innovadora de gran inter\u00e9s de esta habilidad ling\u00fc\u00edstica lo que contribuye a la mejora tanto de los planteamientos did\u00e1cticos para su ense\u00f1anza como al incremento de las estrategias y recursos que pueden emplearse para la atenci\u00f3n e intervenci\u00f3n educativa.<\/p>\n","protected":false},"featured_media":40271,"comment_status":"open","ping_status":"closed","template":"","meta":{"_et_pb_use_builder":"","_et_pb_old_content":"","_et_gb_content_width":""},"product_cat":[2873,6673],"product_tag":[7559],"edicion":[1084],"editoriales":[1160],"tienda":[],"autor_id":[10296,10295],"universidades_coeditoras":[7230],"palabras_clave":[],"listado_alfabetico":[],"acf":[],"_links":{"self":[{"href":"https:\/\/wizardly-davinci.82-223-8-23.plesk.page\/en\/wp-json\/wp\/v2\/product\/40270"}],"collection":[{"href":"https:\/\/wizardly-davinci.82-223-8-23.plesk.page\/en\/wp-json\/wp\/v2\/product"}],"about":[{"href":"https:\/\/wizardly-davinci.82-223-8-23.plesk.page\/en\/wp-json\/wp\/v2\/types\/product"}],"replies":[{"embeddable":true,"href":"https:\/\/wizardly-davinci.82-223-8-23.plesk.page\/en\/wp-json\/wp\/v2\/comments?post=40270"}],"wp:featuredmedia":[{"embeddable":true,"href":"https:\/\/wizardly-davinci.82-223-8-23.plesk.page\/en\/wp-json\/wp\/v2\/media\/40271"}],"wp:attachment":[{"href":"https:\/\/wizardly-davinci.82-223-8-23.plesk.page\/en\/wp-json\/wp\/v2\/media?parent=40270"}],"wp:term":[{"taxonomy":"product_cat","embeddable":true,"href":"https:\/\/wizardly-davinci.82-223-8-23.plesk.page\/en\/wp-json\/wp\/v2\/product_cat?post=40270"},{"taxonomy":"product_tag","embeddable":true,"href":"https:\/\/wizardly-davinci.82-223-8-23.plesk.page\/en\/wp-json\/wp\/v2\/product_tag?post=40270"},{"taxonomy":"edicion","embeddable":true,"href":"https:\/\/wizardly-davinci.82-223-8-23.plesk.page\/en\/wp-json\/wp\/v2\/edicion?post=40270"},{"taxonomy":"editoriales","embeddable":true,"href":"https:\/\/wizardly-davinci.82-223-8-23.plesk.page\/en\/wp-json\/wp\/v2\/editoriales?post=40270"},{"taxonomy":"tienda","embeddable":true,"href":"https:\/\/wizardly-davinci.82-223-8-23.plesk.page\/en\/wp-json\/wp\/v2\/tienda?post=40270"},{"taxonomy":"autor_id","embeddable":true,"href":"https:\/\/wizardly-davinci.82-223-8-23.plesk.page\/en\/wp-json\/wp\/v2\/autor_id?post=40270"},{"taxonomy":"universidades_coeditoras","embeddable":true,"href":"https:\/\/wizardly-davinci.82-223-8-23.plesk.page\/en\/wp-json\/wp\/v2\/universidades_coeditoras?post=40270"},{"taxonomy":"palabras_clave","embeddable":true,"href":"https:\/\/wizardly-davinci.82-223-8-23.plesk.page\/en\/wp-json\/wp\/v2\/palabras_clave?post=40270"},{"taxonomy":"listado_alfabetico","embeddable":true,"href":"https:\/\/wizardly-davinci.82-223-8-23.plesk.page\/en\/wp-json\/wp\/v2\/listado_alfabetico?post=40270"}],"curies":[{"name":"wp","href":"https:\/\/api.w.org\/{rel}","templated":true}]}}