{"id":40309,"date":"2020-10-19T17:55:56","date_gmt":"2020-10-19T15:55:56","guid":{"rendered":"https:\/\/octaedro.com\/?post_type=product&#038;p=40309"},"modified":"2023-04-24T12:06:02","modified_gmt":"2023-04-24T10:06:02","slug":"derechos-fragiles","status":"publish","type":"product","link":"https:\/\/wizardly-davinci.82-223-8-23.plesk.page\/en\/producto\/derechos-fragiles\/","title":{"rendered":"Derechos fr\u00e1giles"},"content":{"rendered":"<p>\u00bfSab\u00edas que la Constituci\u00f3n espa\u00f1ola de 1931 declaraba a mujeres y hombres iguales ante la ley? \u00bfSab\u00edas que en 1932 se proclam\u00f3 la Ley del Divorcio? Todo ello, sin embargo, cambi\u00f3 de la noche a la ma\u00f1ana con la Dictadura franquista. Franco restableci\u00f3 el C\u00f3digo civil de 1889, en el que, por ejemplo, se determinaba que la mujer necesitaba la protecci\u00f3n del marido, a quien ten\u00eda que obedecer, y se resolv\u00eda que solo \u00e9l ten\u00eda la patria potestad de los hijos. A los pocos a\u00f1os de morir Franco, se constituy\u00f3 un r\u00e9gimen democr\u00e1tico. Sin embargo, pese a que el dictador muri\u00f3 en 1975, el aborto, por ejemplo, no se despenaliz\u00f3 hasta 1985.<\/p>\n<p>Desde la mirada de una ni\u00f1a que naci\u00f3 a principios de los cincuenta del siglo xx, que fue mujer joven en la Transici\u00f3n y primeros a\u00f1os de la democracia, y mayor en la \u00e9poca de ataques organizados contra el feminismo, <em>Derechos fr\u00e1giles<\/em> evoca la historia de una generaci\u00f3n de mujeres que lucharon para que la igualdad entre mujeres y hombres fuera legal y real. Y pretende ser memoria para las j\u00f3venes, para que no olviden que los derechos conquistados por las mujeres son fr\u00e1giles y se pueden perder en cualquier momento.<\/p>\n","protected":false},"excerpt":{"rendered":"<p>\u00bfSab\u00edas que la Constituci\u00f3n espa\u00f1ola de 1931 declaraba a mujeres y hombres iguales ante la ley? \u00bfSab\u00edas que en 1932 se proclam\u00f3 la Ley del Divorcio? Todo ello, sin embargo, cambi\u00f3 de la noche a la ma\u00f1ana con la Dictadura franquista. Franco restableci\u00f3 el C\u00f3digo civil de 1889, en el que, por ejemplo, se determinaba que la mujer necesitaba la protecci\u00f3n del marido, a quien ten\u00eda que obedecer, y se resolv\u00eda que solo \u00e9l ten\u00eda la patria potestad de los hijos. A los pocos a\u00f1os de morir Franco, se constituy\u00f3 un r\u00e9gimen democr\u00e1tico. Sin embargo, pese a que el dictador muri\u00f3 en 1975, el aborto, por ejemplo, no se despenaliz\u00f3 hasta 1985.<\/p>\n<p>Desde la mirada de una ni\u00f1a que naci\u00f3 a principios de los cincuenta del siglo xx, que fue mujer joven en la Transici\u00f3n y primeros a\u00f1os de la democracia, y mayor en la \u00e9poca de ataques organizados contra el feminismo, <em>Derechos fr\u00e1giles<\/em> evoca la historia de una generaci\u00f3n de mujeres que lucharon para que la igualdad entre mujeres y hombres fuera legal y real. Y pretende ser memoria para las j\u00f3venes, para que no olviden que los derechos conquistados por las mujeres son fr\u00e1giles y se pueden perder en cualquier momento.<\/p>\n","protected":false},"featured_media":40310,"comment_status":"open","ping_status":"closed","template":"","meta":{"_et_pb_use_builder":"","_et_pb_old_content":"","_et_gb_content_width":""},"product_cat":[2606,1512,6674,6675],"product_tag":[2608],"edicion":[1085,1083],"editoriales":[1160],"tienda":[],"autor_id":[10315],"universidades_coeditoras":[],"palabras_clave":[],"listado_alfabetico":[],"acf":[],"_links":{"self":[{"href":"https:\/\/wizardly-davinci.82-223-8-23.plesk.page\/en\/wp-json\/wp\/v2\/product\/40309"}],"collection":[{"href":"https:\/\/wizardly-davinci.82-223-8-23.plesk.page\/en\/wp-json\/wp\/v2\/product"}],"about":[{"href":"https:\/\/wizardly-davinci.82-223-8-23.plesk.page\/en\/wp-json\/wp\/v2\/types\/product"}],"replies":[{"embeddable":true,"href":"https:\/\/wizardly-davinci.82-223-8-23.plesk.page\/en\/wp-json\/wp\/v2\/comments?post=40309"}],"wp:featuredmedia":[{"embeddable":true,"href":"https:\/\/wizardly-davinci.82-223-8-23.plesk.page\/en\/wp-json\/wp\/v2\/media\/40310"}],"wp:attachment":[{"href":"https:\/\/wizardly-davinci.82-223-8-23.plesk.page\/en\/wp-json\/wp\/v2\/media?parent=40309"}],"wp:term":[{"taxonomy":"product_cat","embeddable":true,"href":"https:\/\/wizardly-davinci.82-223-8-23.plesk.page\/en\/wp-json\/wp\/v2\/product_cat?post=40309"},{"taxonomy":"product_tag","embeddable":true,"href":"https:\/\/wizardly-davinci.82-223-8-23.plesk.page\/en\/wp-json\/wp\/v2\/product_tag?post=40309"},{"taxonomy":"edicion","embeddable":true,"href":"https:\/\/wizardly-davinci.82-223-8-23.plesk.page\/en\/wp-json\/wp\/v2\/edicion?post=40309"},{"taxonomy":"editoriales","embeddable":true,"href":"https:\/\/wizardly-davinci.82-223-8-23.plesk.page\/en\/wp-json\/wp\/v2\/editoriales?post=40309"},{"taxonomy":"tienda","embeddable":true,"href":"https:\/\/wizardly-davinci.82-223-8-23.plesk.page\/en\/wp-json\/wp\/v2\/tienda?post=40309"},{"taxonomy":"autor_id","embeddable":true,"href":"https:\/\/wizardly-davinci.82-223-8-23.plesk.page\/en\/wp-json\/wp\/v2\/autor_id?post=40309"},{"taxonomy":"universidades_coeditoras","embeddable":true,"href":"https:\/\/wizardly-davinci.82-223-8-23.plesk.page\/en\/wp-json\/wp\/v2\/universidades_coeditoras?post=40309"},{"taxonomy":"palabras_clave","embeddable":true,"href":"https:\/\/wizardly-davinci.82-223-8-23.plesk.page\/en\/wp-json\/wp\/v2\/palabras_clave?post=40309"},{"taxonomy":"listado_alfabetico","embeddable":true,"href":"https:\/\/wizardly-davinci.82-223-8-23.plesk.page\/en\/wp-json\/wp\/v2\/listado_alfabetico?post=40309"}],"curies":[{"name":"wp","href":"https:\/\/api.w.org\/{rel}","templated":true}]}}