{"id":40350,"date":"2020-09-23T19:18:23","date_gmt":"2020-09-23T17:18:23","guid":{"rendered":"https:\/\/octaedro.com\/?post_type=product&#038;p=40350"},"modified":"2023-04-24T12:06:09","modified_gmt":"2023-04-24T10:06:09","slug":"vida-mantera","status":"publish","type":"product","link":"https:\/\/wizardly-davinci.82-223-8-23.plesk.page\/en\/producto\/vida-mantera\/","title":{"rendered":"Vida mantera"},"content":{"rendered":"<p><strong><em>Vida mantera. Retrato circular de la venta ambulante (Dakar-Barcelona)<\/em><\/strong> desanda los pasos de aquellos que se dedican a la manta en Barcelona. Emprende un viaje desde Dakar hasta la capital catalana con el objetivo de entender por qu\u00e9 Mohammed quiso entrar en su televisor y llegar a Europa de un salto; por qu\u00e9 Aziz pas\u00f3 su juventud a bordo de un cayuco (y c\u00f3mo acab\u00f3 fundando un sindicato de vendedores ambulantes); por qu\u00e9 Awa no sabe d\u00f3nde est\u00e1 su marido, o c\u00f3mo Fatou abandon\u00f3 la calle para presidir una cooperativa con m\u00e1s de una docena de trabajadores, todos ellos antiguos manteros.<\/p>\n<p>Este texto habla sobre la manta para hacerlo sobre migraciones, fronteras, desigualdad, modelo de ciudad o lucha colectiva. Busca entender por qu\u00e9 la venta ambulante ha ocupado a los medios de comunicaci\u00f3n desde el verano de 2015, lo cual ha supuesto una piedra en el zapato para el Gobierno de Ada Colau, quien ha respondido a la presi\u00f3n con planes sociales, pero tambi\u00e9n con saturaciones del espacio y operativos policiales. Y, por encima de todo, trata de explicar c\u00f3mo los manteros han aguantado el chaparr\u00f3n gracias a la autoorganizaci\u00f3n: el Sindicato Popular de Vendedores Ambulantes ha dado voz al colectivo, ha puesto en marcha una marca (Top Manta) y ha recibido el apoyo de uno de los fundadores de los Black Panthers, Bob Brown, y del mism\u00edsimo papa Francisco.<\/p>\n","protected":false},"excerpt":{"rendered":"<p><strong><em>Vida mantera. Retrato circular de la venta ambulante (Dakar-Barcelona)<\/em><\/strong> desanda los pasos de aquellos que se dedican a la manta en Barcelona. Emprende un viaje desde Dakar hasta la capital catalana con el objetivo de entender por qu\u00e9 Mohammed quiso entrar en su televisor y llegar a Europa de un salto; por qu\u00e9 Aziz pas\u00f3 su juventud a bordo de un cayuco (y c\u00f3mo acab\u00f3 fundando un sindicato de vendedores ambulantes); por qu\u00e9 Awa no sabe d\u00f3nde est\u00e1 su marido, o c\u00f3mo Fatou abandon\u00f3 la calle para presidir una cooperativa con m\u00e1s de una docena de trabajadores, todos ellos antiguos manteros.<\/p>\n<p>Este texto habla sobre la manta para hacerlo sobre migraciones, fronteras, desigualdad, modelo de ciudad o lucha colectiva. Busca entender por qu\u00e9 la venta ambulante ha ocupado a los medios de comunicaci\u00f3n desde el verano de 2015, lo cual ha supuesto una piedra en el zapato para el Gobierno de Ada Colau, quien ha respondido a la presi\u00f3n con planes sociales, pero tambi\u00e9n con saturaciones del espacio y operativos policiales. Y, por encima de todo, trata de explicar c\u00f3mo los manteros han aguantado el chaparr\u00f3n gracias a la autoorganizaci\u00f3n: el Sindicato Popular de Vendedores Ambulantes ha dado voz al colectivo, ha puesto en marcha una marca (Top Manta) y ha recibido el apoyo de uno de los fundadores de los Black Panthers, Bob Brown, y del mism\u00edsimo papa Francisco.<\/p>\n","protected":false},"featured_media":40351,"comment_status":"open","ping_status":"closed","template":"","meta":{"_et_pb_use_builder":"","_et_pb_old_content":"","_et_gb_content_width":""},"product_cat":[1512,6675],"product_tag":[2602],"edicion":[1083],"editoriales":[1160],"tienda":[],"autor_id":[6331],"universidades_coeditoras":[],"palabras_clave":[],"listado_alfabetico":[],"acf":[],"_links":{"self":[{"href":"https:\/\/wizardly-davinci.82-223-8-23.plesk.page\/en\/wp-json\/wp\/v2\/product\/40350"}],"collection":[{"href":"https:\/\/wizardly-davinci.82-223-8-23.plesk.page\/en\/wp-json\/wp\/v2\/product"}],"about":[{"href":"https:\/\/wizardly-davinci.82-223-8-23.plesk.page\/en\/wp-json\/wp\/v2\/types\/product"}],"replies":[{"embeddable":true,"href":"https:\/\/wizardly-davinci.82-223-8-23.plesk.page\/en\/wp-json\/wp\/v2\/comments?post=40350"}],"wp:featuredmedia":[{"embeddable":true,"href":"https:\/\/wizardly-davinci.82-223-8-23.plesk.page\/en\/wp-json\/wp\/v2\/media\/40351"}],"wp:attachment":[{"href":"https:\/\/wizardly-davinci.82-223-8-23.plesk.page\/en\/wp-json\/wp\/v2\/media?parent=40350"}],"wp:term":[{"taxonomy":"product_cat","embeddable":true,"href":"https:\/\/wizardly-davinci.82-223-8-23.plesk.page\/en\/wp-json\/wp\/v2\/product_cat?post=40350"},{"taxonomy":"product_tag","embeddable":true,"href":"https:\/\/wizardly-davinci.82-223-8-23.plesk.page\/en\/wp-json\/wp\/v2\/product_tag?post=40350"},{"taxonomy":"edicion","embeddable":true,"href":"https:\/\/wizardly-davinci.82-223-8-23.plesk.page\/en\/wp-json\/wp\/v2\/edicion?post=40350"},{"taxonomy":"editoriales","embeddable":true,"href":"https:\/\/wizardly-davinci.82-223-8-23.plesk.page\/en\/wp-json\/wp\/v2\/editoriales?post=40350"},{"taxonomy":"tienda","embeddable":true,"href":"https:\/\/wizardly-davinci.82-223-8-23.plesk.page\/en\/wp-json\/wp\/v2\/tienda?post=40350"},{"taxonomy":"autor_id","embeddable":true,"href":"https:\/\/wizardly-davinci.82-223-8-23.plesk.page\/en\/wp-json\/wp\/v2\/autor_id?post=40350"},{"taxonomy":"universidades_coeditoras","embeddable":true,"href":"https:\/\/wizardly-davinci.82-223-8-23.plesk.page\/en\/wp-json\/wp\/v2\/universidades_coeditoras?post=40350"},{"taxonomy":"palabras_clave","embeddable":true,"href":"https:\/\/wizardly-davinci.82-223-8-23.plesk.page\/en\/wp-json\/wp\/v2\/palabras_clave?post=40350"},{"taxonomy":"listado_alfabetico","embeddable":true,"href":"https:\/\/wizardly-davinci.82-223-8-23.plesk.page\/en\/wp-json\/wp\/v2\/listado_alfabetico?post=40350"}],"curies":[{"name":"wp","href":"https:\/\/api.w.org\/{rel}","templated":true}]}}