{"id":44152,"date":"2021-04-16T11:29:37","date_gmt":"2021-04-16T11:29:37","guid":{"rendered":"https:\/\/octaedro.com\/libro\/juegos-para-un-taller-de-teatro\/"},"modified":"2023-03-08T12:18:41","modified_gmt":"2023-03-08T11:18:41","slug":"juegos-para-un-taller-de-teatro","status":"publish","type":"product","link":"https:\/\/wizardly-davinci.82-223-8-23.plesk.page\/en\/producto\/juegos-para-un-taller-de-teatro\/","title":{"rendered":"Juegos para un taller de teatro"},"content":{"rendered":"","protected":false},"excerpt":{"rendered":"<p>Este es un libro de juegos que sus autores, Alfredo Mantovani y Rosa In\u00e9s Morales, han recopilado en sus m\u00e1s de 30 a\u00f1os de creativas experiencias con ni\u00f1os y adultos. Una gu\u00eda completa con un gran n\u00famero de iniciativas que se pueden realizar en la escuela y en el \u00e1mbito extraescolar.<\/p>\n<p>De gran utilidad para el profesorado en general, pero, en especial, para los profesores de Lengua, Educaci\u00f3n F\u00edsica y Art\u00edstica, Teatro y M\u00fasica, estudiantes de Ciencias de la Educaci\u00f3n, as\u00ed como monitores, animadores o grupos de teatro.<\/p>\n<p>La sistematizaci\u00f3n de esta obra en fichas claras y precisas que muestran cada juego en una p\u00e1gina, hacen de ella una herramienta de f\u00e1cil utilizaci\u00f3n para ense\u00f1antes interesados en organizar talleres de teatro y para quienes deseen afrontar la ense\u00f1anza-aprendizaje con un marcado acento l\u00fadico.<\/p>\n<p>Gis\u00ealle Barret, uno de los nombres m\u00e1s importantes de la pedagog\u00eda de la expresi\u00f3n dram\u00e1tica en el mundo, en su pr\u00f3logo \u00abPor un aprendizaje l\u00fadico\u00bb nos anticipa que \u00aben estos m\u00e1s de 200 juegos, los animadores encontrar\u00e1n impulsos, sugerencias, estructuras, ejemplos\u2026 a su disposici\u00f3n, que hay que probar, elegir para gozar y explotar en su experimentaci\u00f3n personal\u00bb.<\/p>\n","protected":false},"featured_media":44154,"comment_status":"open","ping_status":"closed","template":"","meta":{"_et_pb_use_builder":"","_et_pb_old_content":"","_et_gb_content_width":""},"product_cat":[11858,11859],"product_tag":[11860],"edicion":[11865],"editoriales":[11866,11867],"tienda":[],"autor_id":[11868,11869],"universidades_coeditoras":[],"palabras_clave":[],"listado_alfabetico":[],"acf":[],"_links":{"self":[{"href":"https:\/\/wizardly-davinci.82-223-8-23.plesk.page\/en\/wp-json\/wp\/v2\/product\/44152"}],"collection":[{"href":"https:\/\/wizardly-davinci.82-223-8-23.plesk.page\/en\/wp-json\/wp\/v2\/product"}],"about":[{"href":"https:\/\/wizardly-davinci.82-223-8-23.plesk.page\/en\/wp-json\/wp\/v2\/types\/product"}],"replies":[{"embeddable":true,"href":"https:\/\/wizardly-davinci.82-223-8-23.plesk.page\/en\/wp-json\/wp\/v2\/comments?post=44152"}],"wp:featuredmedia":[{"embeddable":true,"href":"https:\/\/wizardly-davinci.82-223-8-23.plesk.page\/en\/wp-json\/wp\/v2\/media\/44154"}],"wp:attachment":[{"href":"https:\/\/wizardly-davinci.82-223-8-23.plesk.page\/en\/wp-json\/wp\/v2\/media?parent=44152"}],"wp:term":[{"taxonomy":"product_cat","embeddable":true,"href":"https:\/\/wizardly-davinci.82-223-8-23.plesk.page\/en\/wp-json\/wp\/v2\/product_cat?post=44152"},{"taxonomy":"product_tag","embeddable":true,"href":"https:\/\/wizardly-davinci.82-223-8-23.plesk.page\/en\/wp-json\/wp\/v2\/product_tag?post=44152"},{"taxonomy":"edicion","embeddable":true,"href":"https:\/\/wizardly-davinci.82-223-8-23.plesk.page\/en\/wp-json\/wp\/v2\/edicion?post=44152"},{"taxonomy":"editoriales","embeddable":true,"href":"https:\/\/wizardly-davinci.82-223-8-23.plesk.page\/en\/wp-json\/wp\/v2\/editoriales?post=44152"},{"taxonomy":"tienda","embeddable":true,"href":"https:\/\/wizardly-davinci.82-223-8-23.plesk.page\/en\/wp-json\/wp\/v2\/tienda?post=44152"},{"taxonomy":"autor_id","embeddable":true,"href":"https:\/\/wizardly-davinci.82-223-8-23.plesk.page\/en\/wp-json\/wp\/v2\/autor_id?post=44152"},{"taxonomy":"universidades_coeditoras","embeddable":true,"href":"https:\/\/wizardly-davinci.82-223-8-23.plesk.page\/en\/wp-json\/wp\/v2\/universidades_coeditoras?post=44152"},{"taxonomy":"palabras_clave","embeddable":true,"href":"https:\/\/wizardly-davinci.82-223-8-23.plesk.page\/en\/wp-json\/wp\/v2\/palabras_clave?post=44152"},{"taxonomy":"listado_alfabetico","embeddable":true,"href":"https:\/\/wizardly-davinci.82-223-8-23.plesk.page\/en\/wp-json\/wp\/v2\/listado_alfabetico?post=44152"}],"curies":[{"name":"wp","href":"https:\/\/api.w.org\/{rel}","templated":true}]}}