{"id":45562,"date":"2021-05-18T16:25:28","date_gmt":"2021-05-18T16:25:28","guid":{"rendered":"https:\/\/octaedro.com\/libro\/el-yoga-en-la-escuela\/"},"modified":"2023-03-08T12:18:46","modified_gmt":"2023-03-08T11:18:46","slug":"el-yoga-en-la-escuela-2","status":"publish","type":"product","link":"https:\/\/wizardly-davinci.82-223-8-23.plesk.page\/en\/producto\/el-yoga-en-la-escuela-2\/","title":{"rendered":"El yoga en la escuela"},"content":{"rendered":"","protected":false},"excerpt":{"rendered":"<p>Si entendemos la educaci\u00f3n como un aprendizaje para la vida, veremos que rebasa la mera funci\u00f3n instrumental y se extiende al desarrollo integral de la persona. El yoga trabaja desde esta perspectiva, teniendo en cuenta que somos una unidad: cuerpo, mente, emociones, espiritualidad.<\/p>\n<p>La escuela es un espacio para el conocimiento de uno mismo y del mundo, en ella podemos desarrollar las cualidades que nos hacen realmente humanos.<\/p>\n<p>El yoga contribuye a despertar las \u00abinteligencias m\u00faltiples\u00bb que tenemos dentro, a ser m\u00e1s conscientes, creativos, inteligentes, m\u00e1s felices y libres. Los ni\u00f1os son como semillas que van creciendo y desarrollando sus potencialidades y nosotros les acompa\u00f1amos en este proceso.<\/p>\n<p>Para poder realizar un buen aprendizaje, el cuerpo tiene que estar relajado; la respiraci\u00f3n ha de ser libre; las emociones, equilibradas y la mente, concentrada: \u00abaprender a aprender\u00bb.<\/p>\n<p>Este libro va dirigido a docentes, padres, educadores y a todas las personas interesadas en la educaci\u00f3n como motor de cambio. Consta de una parte te\u00f3rica y una parte pr\u00e1ctica, con una extensa gama de ejercicios y unidades did\u00e1cticas para practicar el yoga en la escuela, as\u00ed como una evaluaci\u00f3n de los resultados de su pr\u00e1ctica en varias escuelas.<\/p>\n","protected":false},"featured_media":44659,"comment_status":"open","ping_status":"closed","template":"","meta":{"_et_pb_use_builder":"","_et_pb_old_content":"","_et_gb_content_width":""},"product_cat":[11858,11859],"product_tag":[11860],"edicion":[11865],"editoriales":[11867],"tienda":[],"autor_id":[12175],"universidades_coeditoras":[],"palabras_clave":[],"listado_alfabetico":[],"acf":[],"_links":{"self":[{"href":"https:\/\/wizardly-davinci.82-223-8-23.plesk.page\/en\/wp-json\/wp\/v2\/product\/45562"}],"collection":[{"href":"https:\/\/wizardly-davinci.82-223-8-23.plesk.page\/en\/wp-json\/wp\/v2\/product"}],"about":[{"href":"https:\/\/wizardly-davinci.82-223-8-23.plesk.page\/en\/wp-json\/wp\/v2\/types\/product"}],"replies":[{"embeddable":true,"href":"https:\/\/wizardly-davinci.82-223-8-23.plesk.page\/en\/wp-json\/wp\/v2\/comments?post=45562"}],"wp:featuredmedia":[{"embeddable":true,"href":"https:\/\/wizardly-davinci.82-223-8-23.plesk.page\/en\/wp-json\/wp\/v2\/media\/44659"}],"wp:attachment":[{"href":"https:\/\/wizardly-davinci.82-223-8-23.plesk.page\/en\/wp-json\/wp\/v2\/media?parent=45562"}],"wp:term":[{"taxonomy":"product_cat","embeddable":true,"href":"https:\/\/wizardly-davinci.82-223-8-23.plesk.page\/en\/wp-json\/wp\/v2\/product_cat?post=45562"},{"taxonomy":"product_tag","embeddable":true,"href":"https:\/\/wizardly-davinci.82-223-8-23.plesk.page\/en\/wp-json\/wp\/v2\/product_tag?post=45562"},{"taxonomy":"edicion","embeddable":true,"href":"https:\/\/wizardly-davinci.82-223-8-23.plesk.page\/en\/wp-json\/wp\/v2\/edicion?post=45562"},{"taxonomy":"editoriales","embeddable":true,"href":"https:\/\/wizardly-davinci.82-223-8-23.plesk.page\/en\/wp-json\/wp\/v2\/editoriales?post=45562"},{"taxonomy":"tienda","embeddable":true,"href":"https:\/\/wizardly-davinci.82-223-8-23.plesk.page\/en\/wp-json\/wp\/v2\/tienda?post=45562"},{"taxonomy":"autor_id","embeddable":true,"href":"https:\/\/wizardly-davinci.82-223-8-23.plesk.page\/en\/wp-json\/wp\/v2\/autor_id?post=45562"},{"taxonomy":"universidades_coeditoras","embeddable":true,"href":"https:\/\/wizardly-davinci.82-223-8-23.plesk.page\/en\/wp-json\/wp\/v2\/universidades_coeditoras?post=45562"},{"taxonomy":"palabras_clave","embeddable":true,"href":"https:\/\/wizardly-davinci.82-223-8-23.plesk.page\/en\/wp-json\/wp\/v2\/palabras_clave?post=45562"},{"taxonomy":"listado_alfabetico","embeddable":true,"href":"https:\/\/wizardly-davinci.82-223-8-23.plesk.page\/en\/wp-json\/wp\/v2\/listado_alfabetico?post=45562"}],"curies":[{"name":"wp","href":"https:\/\/api.w.org\/{rel}","templated":true}]}}