{"id":45563,"date":"2019-04-09T22:04:20","date_gmt":"2019-04-09T22:04:20","guid":{"rendered":"https:\/\/octaedro.com\/libro\/el-yoga-en-la-escuela\/"},"modified":"2023-02-22T13:36:32","modified_gmt":"2023-02-22T12:36:32","slug":"el-yoga-en-la-escuela","status":"publish","type":"product","link":"https:\/\/wizardly-davinci.82-223-8-23.plesk.page\/en\/producto\/el-yoga-en-la-escuela\/","title":{"rendered":"El yoga en la escuela"},"content":{"rendered":"<p>Si entendemos la educaci\u00f3n como un aprendizaje para la vida, veremos que rebasa la mera funci\u00f3n instrumental y se extiende hacia el desarrollo integral de la persona. El yoga trabaja desde esta perspectiva, teniendo en cuenta que somos una unidad: cuerpo, mente y esp\u00edritu.<br \/>\nLa escuela es un espacio para el conocimiento de uno mismo y del mundo, en ella podemos desarrollar las cualidades que nos hacen realmente humanos. Aprender a vivir juntos, a ser responsables de nosotros teniendo en cuenta al otro, a crear un ambiente de respeto hacia uno mismo y hacia los dem\u00e1s, va desarrollando un c\u00f3digo \u00e9tico y social que nos servir\u00e1 para convivir dentro de la sociedad.<br \/>\nEl yoga contribuye a despertar las \u00abinteligencias m\u00faltiples\u00bb que tenemos, a ser m\u00e1s creativos, inteligentes, felices y libres. Para un buen aprendizaje, el cuerpo necesita estar relajado, la respiraci\u00f3n debe ser libre, las emociones, equilibradas y la mente ha de estar concentrada: \u00abaprender a aprender\u00bb.<br \/>\nEl libro va dirigido a maestros, padres, educadores y a toda persona interesada en la educaci\u00f3n como motor de cambio. Consta de una parte te\u00f3rica, una parte pr\u00e1ctica y una evaluaci\u00f3n de los resultados.<\/p>\n","protected":false},"excerpt":{"rendered":"<p>Si entendemos la educaci\u00f3n como un aprendizaje para la vida, veremos que rebasa la mera funci\u00f3n instrumental y se extiende hacia el desarrollo integral de la persona. El yoga trabaja desde esta perspectiva, teniendo en cuenta que somos una unidad: cuerpo, mente y esp\u00edritu.<br \/>\nLa escuela es un espacio para el conocimiento de uno mismo y del mundo, en ella podemos desarrollar las cualidades que nos hacen realmente humanos. Aprender a vivir juntos, a ser responsables de nosotros teniendo en cuenta al otro, a crear un ambiente de respeto hacia uno mismo y hacia los dem\u00e1s, va desarrollando un c\u00f3digo \u00e9tico y social que nos servir\u00e1 para convivir dentro de la sociedad.<br \/>\nEl yoga contribuye a despertar las \u00abinteligencias m\u00faltiples\u00bb que tenemos, a ser m\u00e1s creativos, inteligentes, felices y libres. Para un buen aprendizaje, el cuerpo necesita estar relajado, la respiraci\u00f3n debe ser libre, las emociones, equilibradas y la mente ha de estar concentrada: \u00abaprender a aprender\u00bb.<br \/>\nEl libro va dirigido a maestros, padres, educadores y a toda persona interesada en la educaci\u00f3n como motor de cambio. Consta de una parte te\u00f3rica, una parte pr\u00e1ctica y una evaluaci\u00f3n de los resultados.<\/p>\n","protected":false},"featured_media":45564,"comment_status":"open","ping_status":"closed","template":"","meta":{"_et_pb_use_builder":"","_et_pb_old_content":"","_et_gb_content_width":""},"product_cat":[11875,11899,11858,11913,11859],"product_tag":[11893],"edicion":[12178,11865],"editoriales":[11867],"tienda":[],"autor_id":[12175],"universidades_coeditoras":[],"palabras_clave":[],"listado_alfabetico":[],"acf":[],"_links":{"self":[{"href":"https:\/\/wizardly-davinci.82-223-8-23.plesk.page\/en\/wp-json\/wp\/v2\/product\/45563"}],"collection":[{"href":"https:\/\/wizardly-davinci.82-223-8-23.plesk.page\/en\/wp-json\/wp\/v2\/product"}],"about":[{"href":"https:\/\/wizardly-davinci.82-223-8-23.plesk.page\/en\/wp-json\/wp\/v2\/types\/product"}],"replies":[{"embeddable":true,"href":"https:\/\/wizardly-davinci.82-223-8-23.plesk.page\/en\/wp-json\/wp\/v2\/comments?post=45563"}],"wp:featuredmedia":[{"embeddable":true,"href":"https:\/\/wizardly-davinci.82-223-8-23.plesk.page\/en\/wp-json\/wp\/v2\/media\/45564"}],"wp:attachment":[{"href":"https:\/\/wizardly-davinci.82-223-8-23.plesk.page\/en\/wp-json\/wp\/v2\/media?parent=45563"}],"wp:term":[{"taxonomy":"product_cat","embeddable":true,"href":"https:\/\/wizardly-davinci.82-223-8-23.plesk.page\/en\/wp-json\/wp\/v2\/product_cat?post=45563"},{"taxonomy":"product_tag","embeddable":true,"href":"https:\/\/wizardly-davinci.82-223-8-23.plesk.page\/en\/wp-json\/wp\/v2\/product_tag?post=45563"},{"taxonomy":"edicion","embeddable":true,"href":"https:\/\/wizardly-davinci.82-223-8-23.plesk.page\/en\/wp-json\/wp\/v2\/edicion?post=45563"},{"taxonomy":"editoriales","embeddable":true,"href":"https:\/\/wizardly-davinci.82-223-8-23.plesk.page\/en\/wp-json\/wp\/v2\/editoriales?post=45563"},{"taxonomy":"tienda","embeddable":true,"href":"https:\/\/wizardly-davinci.82-223-8-23.plesk.page\/en\/wp-json\/wp\/v2\/tienda?post=45563"},{"taxonomy":"autor_id","embeddable":true,"href":"https:\/\/wizardly-davinci.82-223-8-23.plesk.page\/en\/wp-json\/wp\/v2\/autor_id?post=45563"},{"taxonomy":"universidades_coeditoras","embeddable":true,"href":"https:\/\/wizardly-davinci.82-223-8-23.plesk.page\/en\/wp-json\/wp\/v2\/universidades_coeditoras?post=45563"},{"taxonomy":"palabras_clave","embeddable":true,"href":"https:\/\/wizardly-davinci.82-223-8-23.plesk.page\/en\/wp-json\/wp\/v2\/palabras_clave?post=45563"},{"taxonomy":"listado_alfabetico","embeddable":true,"href":"https:\/\/wizardly-davinci.82-223-8-23.plesk.page\/en\/wp-json\/wp\/v2\/listado_alfabetico?post=45563"}],"curies":[{"name":"wp","href":"https:\/\/api.w.org\/{rel}","templated":true}]}}