{"id":45648,"date":"2021-06-17T18:46:47","date_gmt":"2021-06-17T16:46:47","guid":{"rendered":"https:\/\/octaedro.com\/libro\/rutas-de-cambio\/"},"modified":"2023-03-08T12:18:46","modified_gmt":"2023-03-08T11:18:46","slug":"rutas-de-cambio","status":"publish","type":"product","link":"https:\/\/wizardly-davinci.82-223-8-23.plesk.page\/en\/producto\/rutas-de-cambio\/","title":{"rendered":"Rutas de cambio"},"content":{"rendered":"","protected":false},"excerpt":{"rendered":"<p>La historia est\u00e1 repleta de sucesos, pero son muy pocos los que se convierten en acontecimientos capaces de modificar el curso del tiempo, de dar comienzo a un cambio que marca una \u00e9poca. \u00bfSe convertir\u00e1 la pandemia en uno de ellos? \u00bfDejar\u00e1 su huella en la historia de la humanidad? \u00bfAlentar\u00e1 energ\u00edas de renovaci\u00f3n? Y, si lo har\u00e1, \u00bfse tratar\u00e1 de novedades beneficiosas?<\/p>\n<p>El reciente pasado nos ha entregado la herramienta necesaria para convertir nuestra vivencia en experiencia productiva. Para generar una nueva sabidur\u00eda pr\u00e1ctica capaz de orientar este camino lleno de inc\u00f3gnitas. Nos ha dado el privilegio de ser espectadores de nuestra propia vida, ofreci\u00e9ndonos unas gafas para curar la presbicia de nuestra ajetreada y distra\u00edda cotidianidad, y la miop\u00eda del cortoplacismo que rige nuestras acciones. En otras palabras, nos ha donado el lujo indispensable de la reflexi\u00f3n.<\/p>\n<p>Este libro es un viaje que parte de un replanteamiento cr\u00edtico de nuestro tiempo y pone rumbo hacia un futuro diferente, abri\u00e9ndose paso entre dudas, preguntas, ansiedades y esperanzas. Un viaje hacia un porvenir al que se llega pasando a trav\u00e9s de cinco caminos que cuestionan nuestra forma rutinaria de mirar la pol\u00edtica, la educaci\u00f3n, el trabajo, la movilidad y las relaciones sociales, y que reivindica nuestro derecho a imaginar sociedades y culturas que se pregunten por el sentido vital de la existencia.<\/p>\n","protected":false},"featured_media":45623,"comment_status":"open","ping_status":"closed","template":"","meta":{"_et_pb_use_builder":"","_et_pb_old_content":"","_et_gb_content_width":""},"product_cat":[11899,11858,11859,11912],"product_tag":[11892],"edicion":[12199,11865],"editoriales":[11867],"tienda":[],"autor_id":[12217],"universidades_coeditoras":[],"palabras_clave":[],"listado_alfabetico":[],"acf":[],"_links":{"self":[{"href":"https:\/\/wizardly-davinci.82-223-8-23.plesk.page\/en\/wp-json\/wp\/v2\/product\/45648"}],"collection":[{"href":"https:\/\/wizardly-davinci.82-223-8-23.plesk.page\/en\/wp-json\/wp\/v2\/product"}],"about":[{"href":"https:\/\/wizardly-davinci.82-223-8-23.plesk.page\/en\/wp-json\/wp\/v2\/types\/product"}],"replies":[{"embeddable":true,"href":"https:\/\/wizardly-davinci.82-223-8-23.plesk.page\/en\/wp-json\/wp\/v2\/comments?post=45648"}],"wp:featuredmedia":[{"embeddable":true,"href":"https:\/\/wizardly-davinci.82-223-8-23.plesk.page\/en\/wp-json\/wp\/v2\/media\/45623"}],"wp:attachment":[{"href":"https:\/\/wizardly-davinci.82-223-8-23.plesk.page\/en\/wp-json\/wp\/v2\/media?parent=45648"}],"wp:term":[{"taxonomy":"product_cat","embeddable":true,"href":"https:\/\/wizardly-davinci.82-223-8-23.plesk.page\/en\/wp-json\/wp\/v2\/product_cat?post=45648"},{"taxonomy":"product_tag","embeddable":true,"href":"https:\/\/wizardly-davinci.82-223-8-23.plesk.page\/en\/wp-json\/wp\/v2\/product_tag?post=45648"},{"taxonomy":"edicion","embeddable":true,"href":"https:\/\/wizardly-davinci.82-223-8-23.plesk.page\/en\/wp-json\/wp\/v2\/edicion?post=45648"},{"taxonomy":"editoriales","embeddable":true,"href":"https:\/\/wizardly-davinci.82-223-8-23.plesk.page\/en\/wp-json\/wp\/v2\/editoriales?post=45648"},{"taxonomy":"tienda","embeddable":true,"href":"https:\/\/wizardly-davinci.82-223-8-23.plesk.page\/en\/wp-json\/wp\/v2\/tienda?post=45648"},{"taxonomy":"autor_id","embeddable":true,"href":"https:\/\/wizardly-davinci.82-223-8-23.plesk.page\/en\/wp-json\/wp\/v2\/autor_id?post=45648"},{"taxonomy":"universidades_coeditoras","embeddable":true,"href":"https:\/\/wizardly-davinci.82-223-8-23.plesk.page\/en\/wp-json\/wp\/v2\/universidades_coeditoras?post=45648"},{"taxonomy":"palabras_clave","embeddable":true,"href":"https:\/\/wizardly-davinci.82-223-8-23.plesk.page\/en\/wp-json\/wp\/v2\/palabras_clave?post=45648"},{"taxonomy":"listado_alfabetico","embeddable":true,"href":"https:\/\/wizardly-davinci.82-223-8-23.plesk.page\/en\/wp-json\/wp\/v2\/listado_alfabetico?post=45648"}],"curies":[{"name":"wp","href":"https:\/\/api.w.org\/{rel}","templated":true}]}}