{"id":45649,"date":"2021-06-11T19:29:24","date_gmt":"2021-06-11T19:29:24","guid":{"rendered":"https:\/\/octaedro.com\/libro\/diseno-de-unidades-didacticas-en-primaria-secundaria-y-bachillerato\/"},"modified":"2023-02-22T13:36:37","modified_gmt":"2023-02-22T12:36:37","slug":"diseno-de-unidades-didacticas-en-primaria-secundaria-y-bachillerato","status":"publish","type":"product","link":"https:\/\/wizardly-davinci.82-223-8-23.plesk.page\/en\/producto\/diseno-de-unidades-didacticas-en-primaria-secundaria-y-bachillerato\/","title":{"rendered":"Dise\u00f1o de unidades did\u00e1cticas en Primaria, Secundaria y Bachillerato"},"content":{"rendered":"","protected":false},"excerpt":{"rendered":"<p>El dise\u00f1o de unidades did\u00e1cticas constituye un elemento clave en los procesos de ense\u00f1anza-aprendizaje. La elaboraci\u00f3n de estas unidades y su materializaci\u00f3n en el aula corresponden a cada docente y es en ellas donde imprime su sello personal, su forma de entender la educaci\u00f3n y de ense\u00f1ar la materia, as\u00ed como la de establecer relaciones interdisciplinares y referencias al mundo circundante y pr\u00f3ximo del alumnado.<\/p>\n<p>Esta propuesta tambi\u00e9n ha de partir de un consenso entre el profesorado que imparte ense\u00f1anza en el mismo nivel y curso para promover, desde el trabajo coordinado y la compartici\u00f3n de ideas y proyectos, un desarrollo lo m\u00e1s adecuado posible del proceso de ense\u00f1anza-aprendizaje. Por medio de la unidad did\u00e1ctica, el docente presenta al estudiante los contenidos y las competencias, pero tambi\u00e9n los valores, el trabajo en equipo y la comprensi\u00f3n del mundo y de cuanto lo rodea.<\/p>\n<p>Este libro ha procurado contemplar los aspectos esenciales en el dise\u00f1o de las unidades did\u00e1cticas desde una doble perspectiva, te\u00f3rico-pr\u00e1ctica, de modo que ayude \u2012tanto al docente en ejercicio como al futuro docente u opositor\u2012 a interpretar el contexto socioeducativo y las aproximaciones metodol\u00f3gicas y evaluadoras m\u00e1s significativas a fin de realizar nuevas propuestas curriculares que avancen hacia una educaci\u00f3n m\u00e1s creativa e innovadora.<\/p>\n<p>La obra se estructura en once cap\u00edtulos que abarcan los procesos fundamentales para el desarrollo de una unidad did\u00e1ctica. Se hace un recorrido por todas las fases esenciales en su confecci\u00f3n y se ofrecen pautas, estrategias, consejos y modelos.<\/p>\n","protected":false},"featured_media":45556,"comment_status":"open","ping_status":"closed","template":"","meta":{"_et_pb_use_builder":"","_et_pb_old_content":"","_et_gb_content_width":""},"product_cat":[11899,11913],"product_tag":[11890],"edicion":[12178],"editoriales":[11867],"tienda":[],"autor_id":[12219],"universidades_coeditoras":[12499],"palabras_clave":[],"listado_alfabetico":[],"acf":[],"_links":{"self":[{"href":"https:\/\/wizardly-davinci.82-223-8-23.plesk.page\/en\/wp-json\/wp\/v2\/product\/45649"}],"collection":[{"href":"https:\/\/wizardly-davinci.82-223-8-23.plesk.page\/en\/wp-json\/wp\/v2\/product"}],"about":[{"href":"https:\/\/wizardly-davinci.82-223-8-23.plesk.page\/en\/wp-json\/wp\/v2\/types\/product"}],"replies":[{"embeddable":true,"href":"https:\/\/wizardly-davinci.82-223-8-23.plesk.page\/en\/wp-json\/wp\/v2\/comments?post=45649"}],"wp:featuredmedia":[{"embeddable":true,"href":"https:\/\/wizardly-davinci.82-223-8-23.plesk.page\/en\/wp-json\/wp\/v2\/media\/45556"}],"wp:attachment":[{"href":"https:\/\/wizardly-davinci.82-223-8-23.plesk.page\/en\/wp-json\/wp\/v2\/media?parent=45649"}],"wp:term":[{"taxonomy":"product_cat","embeddable":true,"href":"https:\/\/wizardly-davinci.82-223-8-23.plesk.page\/en\/wp-json\/wp\/v2\/product_cat?post=45649"},{"taxonomy":"product_tag","embeddable":true,"href":"https:\/\/wizardly-davinci.82-223-8-23.plesk.page\/en\/wp-json\/wp\/v2\/product_tag?post=45649"},{"taxonomy":"edicion","embeddable":true,"href":"https:\/\/wizardly-davinci.82-223-8-23.plesk.page\/en\/wp-json\/wp\/v2\/edicion?post=45649"},{"taxonomy":"editoriales","embeddable":true,"href":"https:\/\/wizardly-davinci.82-223-8-23.plesk.page\/en\/wp-json\/wp\/v2\/editoriales?post=45649"},{"taxonomy":"tienda","embeddable":true,"href":"https:\/\/wizardly-davinci.82-223-8-23.plesk.page\/en\/wp-json\/wp\/v2\/tienda?post=45649"},{"taxonomy":"autor_id","embeddable":true,"href":"https:\/\/wizardly-davinci.82-223-8-23.plesk.page\/en\/wp-json\/wp\/v2\/autor_id?post=45649"},{"taxonomy":"universidades_coeditoras","embeddable":true,"href":"https:\/\/wizardly-davinci.82-223-8-23.plesk.page\/en\/wp-json\/wp\/v2\/universidades_coeditoras?post=45649"},{"taxonomy":"palabras_clave","embeddable":true,"href":"https:\/\/wizardly-davinci.82-223-8-23.plesk.page\/en\/wp-json\/wp\/v2\/palabras_clave?post=45649"},{"taxonomy":"listado_alfabetico","embeddable":true,"href":"https:\/\/wizardly-davinci.82-223-8-23.plesk.page\/en\/wp-json\/wp\/v2\/listado_alfabetico?post=45649"}],"curies":[{"name":"wp","href":"https:\/\/api.w.org\/{rel}","templated":true}]}}