{"id":45650,"date":"2021-06-07T11:18:26","date_gmt":"2021-06-07T11:18:26","guid":{"rendered":"https:\/\/octaedro.com\/libro\/lespai-daprenentatge-a-la-universitat-codisseny-dentorns-innovadors\/"},"modified":"2023-02-22T13:36:37","modified_gmt":"2023-02-22T12:36:37","slug":"lespai-daprenentatge-a-la-universitat-codisseny-dentorns-innovadors","status":"publish","type":"product","link":"https:\/\/wizardly-davinci.82-223-8-23.plesk.page\/en\/producto\/lespai-daprenentatge-a-la-universitat-codisseny-dentorns-innovadors\/","title":{"rendered":"L&#8217;espai d&#8217;aprenentatge a la universitat: codisseny d&#8217;entorns innovadors"},"content":{"rendered":"","protected":false},"excerpt":{"rendered":"<p>Aquest llibre aborda la vinculaci\u00f3 de l\u2019aprenentatge i l\u2019espai en qu\u00e8 fonamentalment es desenvolupa: les aules universit\u00e0ries. Als quatre cap\u00edtols en qu\u00e8 s\u2019estructura el llibre, s\u2019analitzen quines s\u00f3n les necessitats d\u2019aprenentatge a qu\u00e8 els espais universitaris han de donar resposta i com el fet d\u2019aplicar-hi innovacions pot suposar un precursor per a la millora en els plantejaments d\u2019ensenyament del professorat. Tamb\u00e9 es presenten els elements fonamentals que s\u2019han de considerar ambientalment perqu\u00e8 les aules i la resta dels espais proporcionin una bona experi\u00e8ncia d\u2019aprenentatge a estudiantat i docents. A m\u00e9s, s\u2019explica la metodologia de codisseny aplicada als espais universitaris com una de les m\u00e9s adients a l\u2019hora de dur a terme aquest necessari canvi i, finalment, es narra una experi\u00e8ncia real de codisseny d\u2019una aula universit\u00e0ria a partir de la veu de les persones implicades.<\/p>\n","protected":false},"featured_media":45546,"comment_status":"open","ping_status":"closed","template":"","meta":{"_et_pb_use_builder":"","_et_pb_old_content":"","_et_gb_content_width":""},"product_cat":[11913,11900],"product_tag":[11895],"edicion":[12178],"editoriales":[11867,12224],"tienda":[],"autor_id":[12225,14166,12227],"universidades_coeditoras":[],"palabras_clave":[],"listado_alfabetico":[],"acf":[],"_links":{"self":[{"href":"https:\/\/wizardly-davinci.82-223-8-23.plesk.page\/en\/wp-json\/wp\/v2\/product\/45650"}],"collection":[{"href":"https:\/\/wizardly-davinci.82-223-8-23.plesk.page\/en\/wp-json\/wp\/v2\/product"}],"about":[{"href":"https:\/\/wizardly-davinci.82-223-8-23.plesk.page\/en\/wp-json\/wp\/v2\/types\/product"}],"replies":[{"embeddable":true,"href":"https:\/\/wizardly-davinci.82-223-8-23.plesk.page\/en\/wp-json\/wp\/v2\/comments?post=45650"}],"wp:featuredmedia":[{"embeddable":true,"href":"https:\/\/wizardly-davinci.82-223-8-23.plesk.page\/en\/wp-json\/wp\/v2\/media\/45546"}],"wp:attachment":[{"href":"https:\/\/wizardly-davinci.82-223-8-23.plesk.page\/en\/wp-json\/wp\/v2\/media?parent=45650"}],"wp:term":[{"taxonomy":"product_cat","embeddable":true,"href":"https:\/\/wizardly-davinci.82-223-8-23.plesk.page\/en\/wp-json\/wp\/v2\/product_cat?post=45650"},{"taxonomy":"product_tag","embeddable":true,"href":"https:\/\/wizardly-davinci.82-223-8-23.plesk.page\/en\/wp-json\/wp\/v2\/product_tag?post=45650"},{"taxonomy":"edicion","embeddable":true,"href":"https:\/\/wizardly-davinci.82-223-8-23.plesk.page\/en\/wp-json\/wp\/v2\/edicion?post=45650"},{"taxonomy":"editoriales","embeddable":true,"href":"https:\/\/wizardly-davinci.82-223-8-23.plesk.page\/en\/wp-json\/wp\/v2\/editoriales?post=45650"},{"taxonomy":"tienda","embeddable":true,"href":"https:\/\/wizardly-davinci.82-223-8-23.plesk.page\/en\/wp-json\/wp\/v2\/tienda?post=45650"},{"taxonomy":"autor_id","embeddable":true,"href":"https:\/\/wizardly-davinci.82-223-8-23.plesk.page\/en\/wp-json\/wp\/v2\/autor_id?post=45650"},{"taxonomy":"universidades_coeditoras","embeddable":true,"href":"https:\/\/wizardly-davinci.82-223-8-23.plesk.page\/en\/wp-json\/wp\/v2\/universidades_coeditoras?post=45650"},{"taxonomy":"palabras_clave","embeddable":true,"href":"https:\/\/wizardly-davinci.82-223-8-23.plesk.page\/en\/wp-json\/wp\/v2\/palabras_clave?post=45650"},{"taxonomy":"listado_alfabetico","embeddable":true,"href":"https:\/\/wizardly-davinci.82-223-8-23.plesk.page\/en\/wp-json\/wp\/v2\/listado_alfabetico?post=45650"}],"curies":[{"name":"wp","href":"https:\/\/api.w.org\/{rel}","templated":true}]}}