{"id":45653,"date":"2021-06-07T12:41:00","date_gmt":"2021-06-07T10:41:00","guid":{"rendered":"https:\/\/octaedro.com\/libro\/el-proyecto-forces\/"},"modified":"2023-02-22T13:36:37","modified_gmt":"2023-02-22T12:36:37","slug":"el-proyecto-forces","status":"publish","type":"product","link":"https:\/\/wizardly-davinci.82-223-8-23.plesk.page\/en\/producto\/el-proyecto-forces\/","title":{"rendered":"El proyecto FORCES"},"content":{"rendered":"<p>Esta publicaci\u00f3n presenta una primera compilaci\u00f3n de las experiencias de los participantes en el proyecto FORCES (Fomento de la Investigaci\u00f3n de Centros de Secundaria) del IDP-ICE de la UB iniciado el a\u00f1o 2016, con el fin de que profesorado e investigadores de la UB cotutoricen trabajos de investigaci\u00f3n de estudiantes de Bachillerato. Este trabajo de investigaci\u00f3n es obligatorio en el curr\u00edculo del alumnado en Catalu\u00f1a. Entre los objetivos del proyecto FORCES, cabe destacar la transferencia de conocimiento desde la universidad hacia los centros de Secundaria, la mejora de la transici\u00f3n de los estudiantes entre la Secundaria y la universidad y el conocimiento mutuo.<\/p>\n<p>Se describe el marco acad\u00e9mico y normativo del trabajo de investigaci\u00f3n de Bachillerato en Catalu\u00f1a, las diferentes modalidades de investigaci\u00f3n que se pueden desarrollar por parte del alumnado de Bachillerato y una recopilaci\u00f3n de experiencias de algunos participantes, tanto alumnado como profesorado UB, que han participado en el proyecto a lo largo de estos a\u00f1os.<\/p>\n","protected":false},"excerpt":{"rendered":"<p>Esta publicaci\u00f3n presenta una primera compilaci\u00f3n de las experiencias de los participantes en el proyecto FORCES (Fomento de la Investigaci\u00f3n de Centros de Secundaria) del IDP-ICE de la UB iniciado el a\u00f1o 2016, con el fin de que profesorado e investigadores de la UB cotutoricen trabajos de investigaci\u00f3n de estudiantes de Bachillerato. Este trabajo de investigaci\u00f3n es obligatorio en el curr\u00edculo del alumnado en Catalu\u00f1a. Entre los objetivos del proyecto FORCES, cabe destacar la transferencia de conocimiento desde la universidad hacia los centros de Secundaria, la mejora de la transici\u00f3n de los estudiantes entre la Secundaria y la universidad y el conocimiento mutuo.<\/p>\n<p>Se describe el marco acad\u00e9mico y normativo del trabajo de investigaci\u00f3n de Bachillerato en Catalu\u00f1a, las diferentes modalidades de investigaci\u00f3n que se pueden desarrollar por parte del alumnado de Bachillerato y una recopilaci\u00f3n de experiencias de algunos participantes, tanto alumnado como profesorado UB, que han participado en el proyecto a lo largo de estos a\u00f1os.<\/p>\n","protected":false},"featured_media":45524,"comment_status":"open","ping_status":"closed","template":"","meta":{"_et_pb_use_builder":"","_et_pb_old_content":"","_et_gb_content_width":""},"product_cat":[11913,11900],"product_tag":[11887],"edicion":[12178],"editoriales":[11867,12224],"tienda":[],"autor_id":[12230,12231],"universidades_coeditoras":[],"palabras_clave":[],"listado_alfabetico":[],"acf":[],"_links":{"self":[{"href":"https:\/\/wizardly-davinci.82-223-8-23.plesk.page\/en\/wp-json\/wp\/v2\/product\/45653"}],"collection":[{"href":"https:\/\/wizardly-davinci.82-223-8-23.plesk.page\/en\/wp-json\/wp\/v2\/product"}],"about":[{"href":"https:\/\/wizardly-davinci.82-223-8-23.plesk.page\/en\/wp-json\/wp\/v2\/types\/product"}],"replies":[{"embeddable":true,"href":"https:\/\/wizardly-davinci.82-223-8-23.plesk.page\/en\/wp-json\/wp\/v2\/comments?post=45653"}],"wp:featuredmedia":[{"embeddable":true,"href":"https:\/\/wizardly-davinci.82-223-8-23.plesk.page\/en\/wp-json\/wp\/v2\/media\/45524"}],"wp:attachment":[{"href":"https:\/\/wizardly-davinci.82-223-8-23.plesk.page\/en\/wp-json\/wp\/v2\/media?parent=45653"}],"wp:term":[{"taxonomy":"product_cat","embeddable":true,"href":"https:\/\/wizardly-davinci.82-223-8-23.plesk.page\/en\/wp-json\/wp\/v2\/product_cat?post=45653"},{"taxonomy":"product_tag","embeddable":true,"href":"https:\/\/wizardly-davinci.82-223-8-23.plesk.page\/en\/wp-json\/wp\/v2\/product_tag?post=45653"},{"taxonomy":"edicion","embeddable":true,"href":"https:\/\/wizardly-davinci.82-223-8-23.plesk.page\/en\/wp-json\/wp\/v2\/edicion?post=45653"},{"taxonomy":"editoriales","embeddable":true,"href":"https:\/\/wizardly-davinci.82-223-8-23.plesk.page\/en\/wp-json\/wp\/v2\/editoriales?post=45653"},{"taxonomy":"tienda","embeddable":true,"href":"https:\/\/wizardly-davinci.82-223-8-23.plesk.page\/en\/wp-json\/wp\/v2\/tienda?post=45653"},{"taxonomy":"autor_id","embeddable":true,"href":"https:\/\/wizardly-davinci.82-223-8-23.plesk.page\/en\/wp-json\/wp\/v2\/autor_id?post=45653"},{"taxonomy":"universidades_coeditoras","embeddable":true,"href":"https:\/\/wizardly-davinci.82-223-8-23.plesk.page\/en\/wp-json\/wp\/v2\/universidades_coeditoras?post=45653"},{"taxonomy":"palabras_clave","embeddable":true,"href":"https:\/\/wizardly-davinci.82-223-8-23.plesk.page\/en\/wp-json\/wp\/v2\/palabras_clave?post=45653"},{"taxonomy":"listado_alfabetico","embeddable":true,"href":"https:\/\/wizardly-davinci.82-223-8-23.plesk.page\/en\/wp-json\/wp\/v2\/listado_alfabetico?post=45653"}],"curies":[{"name":"wp","href":"https:\/\/api.w.org\/{rel}","templated":true}]}}