{"id":45654,"date":"2021-05-18T18:20:49","date_gmt":"2021-05-18T16:20:49","guid":{"rendered":"https:\/\/octaedro.com\/libro\/el-ioga-a-lescola\/"},"modified":"2023-05-10T13:22:31","modified_gmt":"2023-05-10T11:22:31","slug":"el-ioga-a-lescola","status":"publish","type":"product","link":"https:\/\/wizardly-davinci.82-223-8-23.plesk.page\/en\/producto\/el-ioga-a-lescola\/","title":{"rendered":"El ioga a l\u2019escola"},"content":{"rendered":"<p>Si entenem l\u2019educaci\u00f3 com un aprenentatge per a la vida, veurem que depassa la mera funci\u00f3 instrumental i s\u2019est\u00e9n al desenvolupament integral de la persona. El ioga treballa des d\u2019aquesta perspectiva, tenint en compte que som una unitat: cos, ment, emocions, espiritualitat.<\/p>\n<p>L\u2019escola \u00e9s un espai per al coneixement d\u2019un mateix i del m\u00f3n; en ella podem desenvolupar les qualitats que ens fan realment humans.<\/p>\n<p>El ioga contribueix a despertar les \u00abintel\u00b7lig\u00e8ncies m\u00faltiples\u00bb que tenim dins, a ser m\u00e9s conscients, creatius, intel\u00b7ligents, m\u00e9s feli\u00e7os i lliures. Els nens s\u00f3n com llavors que van creixent i desenvolupant les seves potencialitats i nosaltres els acompanyem en aquest proc\u00e9s.<\/p>\n<p>Per poder realitzar un bon aprenentatge, el cos ha d\u2019estar relaxat; la respiraci\u00f3 ha de ser lliure; les emocions, equilibrades, i la ment, concentrada: \u00abaprendre a aprendre\u00bb.<\/p>\n<p>Aquest llibre va dirigit a docents, pares, educadors i a totes les persones interessades en l\u2019educaci\u00f3 com a motor de canvi. Consta d\u2019una part te\u00f2rica i una part pr\u00e0ctica, amb una extensa gamma d\u2019exercicis i unitats did\u00e0ctiques per a practicar el ioga a l\u2019escola, aix\u00ed com una avaluaci\u00f3 dels resultats de la seva pr\u00e0ctica a diferents escoles.<\/p>\n","protected":false},"excerpt":{"rendered":"<p>Si entenem l\u2019educaci\u00f3 com un aprenentatge per a la vida, veurem que depassa la mera funci\u00f3 instrumental i s\u2019est\u00e9n al desenvolupament integral de la persona. El ioga treballa des d\u2019aquesta perspectiva, tenint en compte que som una unitat: cos, ment, emocions, espiritualitat.<\/p>\n<p>L\u2019escola \u00e9s un espai per al coneixement d\u2019un mateix i del m\u00f3n; en ella podem desenvolupar les qualitats que ens fan realment humans.<\/p>\n<p>El ioga contribueix a despertar les \u00abintel\u00b7lig\u00e8ncies m\u00faltiples\u00bb que tenim dins, a ser m\u00e9s conscients, creatius, intel\u00b7ligents, m\u00e9s feli\u00e7os i lliures. Els nens s\u00f3n com llavors que van creixent i desenvolupant les seves potencialitats i nosaltres els acompanyem en aquest proc\u00e9s.<\/p>\n<p>Per poder realitzar un bon aprenentatge, el cos ha d\u2019estar relaxat; la respiraci\u00f3 ha de ser lliure; les emocions, equilibrades, i la ment, concentrada: \u00abaprendre a aprendre\u00bb.<\/p>\n<p>Aquest llibre va dirigit a docents, pares, educadors i a totes les persones interessades en l\u2019educaci\u00f3 com a motor de canvi. Consta d\u2019una part te\u00f2rica i una part pr\u00e0ctica, amb una extensa gamma d\u2019exercicis i unitats did\u00e0ctiques per a practicar el ioga a l\u2019escola, aix\u00ed com una avaluaci\u00f3 dels resultats de la seva pr\u00e0ctica a diferents escoles.<\/p>\n","protected":false},"featured_media":44666,"comment_status":"open","ping_status":"closed","template":"","meta":{"_et_pb_use_builder":"","_et_pb_old_content":"","_et_gb_content_width":""},"product_cat":[11858,11859,11918],"product_tag":[11860],"edicion":[11865],"editoriales":[11867],"tienda":[],"autor_id":[12175],"universidades_coeditoras":[],"palabras_clave":[],"listado_alfabetico":[],"acf":[],"_links":{"self":[{"href":"https:\/\/wizardly-davinci.82-223-8-23.plesk.page\/en\/wp-json\/wp\/v2\/product\/45654"}],"collection":[{"href":"https:\/\/wizardly-davinci.82-223-8-23.plesk.page\/en\/wp-json\/wp\/v2\/product"}],"about":[{"href":"https:\/\/wizardly-davinci.82-223-8-23.plesk.page\/en\/wp-json\/wp\/v2\/types\/product"}],"replies":[{"embeddable":true,"href":"https:\/\/wizardly-davinci.82-223-8-23.plesk.page\/en\/wp-json\/wp\/v2\/comments?post=45654"}],"wp:featuredmedia":[{"embeddable":true,"href":"https:\/\/wizardly-davinci.82-223-8-23.plesk.page\/en\/wp-json\/wp\/v2\/media\/44666"}],"wp:attachment":[{"href":"https:\/\/wizardly-davinci.82-223-8-23.plesk.page\/en\/wp-json\/wp\/v2\/media?parent=45654"}],"wp:term":[{"taxonomy":"product_cat","embeddable":true,"href":"https:\/\/wizardly-davinci.82-223-8-23.plesk.page\/en\/wp-json\/wp\/v2\/product_cat?post=45654"},{"taxonomy":"product_tag","embeddable":true,"href":"https:\/\/wizardly-davinci.82-223-8-23.plesk.page\/en\/wp-json\/wp\/v2\/product_tag?post=45654"},{"taxonomy":"edicion","embeddable":true,"href":"https:\/\/wizardly-davinci.82-223-8-23.plesk.page\/en\/wp-json\/wp\/v2\/edicion?post=45654"},{"taxonomy":"editoriales","embeddable":true,"href":"https:\/\/wizardly-davinci.82-223-8-23.plesk.page\/en\/wp-json\/wp\/v2\/editoriales?post=45654"},{"taxonomy":"tienda","embeddable":true,"href":"https:\/\/wizardly-davinci.82-223-8-23.plesk.page\/en\/wp-json\/wp\/v2\/tienda?post=45654"},{"taxonomy":"autor_id","embeddable":true,"href":"https:\/\/wizardly-davinci.82-223-8-23.plesk.page\/en\/wp-json\/wp\/v2\/autor_id?post=45654"},{"taxonomy":"universidades_coeditoras","embeddable":true,"href":"https:\/\/wizardly-davinci.82-223-8-23.plesk.page\/en\/wp-json\/wp\/v2\/universidades_coeditoras?post=45654"},{"taxonomy":"palabras_clave","embeddable":true,"href":"https:\/\/wizardly-davinci.82-223-8-23.plesk.page\/en\/wp-json\/wp\/v2\/palabras_clave?post=45654"},{"taxonomy":"listado_alfabetico","embeddable":true,"href":"https:\/\/wizardly-davinci.82-223-8-23.plesk.page\/en\/wp-json\/wp\/v2\/listado_alfabetico?post=45654"}],"curies":[{"name":"wp","href":"https:\/\/api.w.org\/{rel}","templated":true}]}}