{"id":45655,"date":"2021-05-13T18:08:22","date_gmt":"2021-05-13T16:08:22","guid":{"rendered":"https:\/\/octaedro.com\/libro\/educacion-social-sociedad-y-acogimiento-residencial\/"},"modified":"2023-04-24T10:57:48","modified_gmt":"2023-04-24T08:57:48","slug":"educacion-social-sociedad-y-acogimiento-residencial","status":"publish","type":"product","link":"https:\/\/wizardly-davinci.82-223-8-23.plesk.page\/en\/producto\/educacion-social-sociedad-y-acogimiento-residencial\/","title":{"rendered":"Educaci\u00f3n Social, sociedad y acogimiento residencial"},"content":{"rendered":"<p>Una parte de la infancia y la adolescencia contempor\u00e1neas sufre de manera directa la exposici\u00f3n a situaciones en las que se comprometen sus derechos y su bienestar. La respuesta profesional ante estas situaciones multiproblem\u00e1ticas encuentra en la Educaci\u00f3n Social una disciplina que ha ocupado un papel central en el acompa\u00f1amiento de este colectivo, especialmente en los contextos de acogimiento residencial.<\/p>\n<p>La Educaci\u00f3n Social debe, desde una perspectiva reflexiva, realizar aportaciones significativas para que los educadores desarrollen marcos de an\u00e1lisis sobre los que pensar el contexto espec\u00edfico del acogimiento residencial, as\u00ed como la pr\u00e1ctica profesional que en \u00e9l se desarrolla. Este libro indaga en los elementos estructurales que rodean la acci\u00f3n profesional y en la comprensi\u00f3n de estas din\u00e1micas sociales que afectan la vida de la infancia, la adolescencia y la juventud que transita, o ha transitado, por las diversas instituciones, las cuales tienen, como fin \u00faltimo, velar por el bienestar y la protecci\u00f3n de este colectivo.<\/p>\n<p>La pr\u00e1ctica del acogimiento residencial est\u00e1, como cualquier otra acci\u00f3n socioeducativa, sujeta a revisi\u00f3n, cr\u00edtica y mejora. Esta obra supone un intento de sumar perspectivas para comprender este contexto espec\u00edfico en el cual tiene lugar la Educaci\u00f3n Social, se\u00f1alando puntos sobre los que generar nuevos marcos discursivos y promover el desarrollo profesional de los educadores sociales. La tarea \u00faltima de la acci\u00f3n socioeducativa reside en establecer conexiones entre los diversos agentes implicados en el contexto de la intervenci\u00f3n para, as\u00ed, socializar las din\u00e1micas de bienestar social. Esta responsabilidad comporta no solo una firme propuesta \u00e9tica, sino tambi\u00e9n una profunda reflexividad.<\/p>\n","protected":false},"excerpt":{"rendered":"<p>Una parte de la infancia y la adolescencia contempor\u00e1neas sufre de manera directa la exposici\u00f3n a situaciones en las que se comprometen sus derechos y su bienestar. La respuesta profesional ante estas situaciones multiproblem\u00e1ticas encuentra en la Educaci\u00f3n Social una disciplina que ha ocupado un papel central en el acompa\u00f1amiento de este colectivo, especialmente en los contextos de acogimiento residencial.<\/p>\n<p>La Educaci\u00f3n Social debe, desde una perspectiva reflexiva, realizar aportaciones significativas para que los educadores desarrollen marcos de an\u00e1lisis sobre los que pensar el contexto espec\u00edfico del acogimiento residencial, as\u00ed como la pr\u00e1ctica profesional que en \u00e9l se desarrolla. Este libro indaga en los elementos estructurales que rodean la acci\u00f3n profesional y en la comprensi\u00f3n de estas din\u00e1micas sociales que afectan la vida de la infancia, la adolescencia y la juventud que transita, o ha transitado, por las diversas instituciones, las cuales tienen, como fin \u00faltimo, velar por el bienestar y la protecci\u00f3n de este colectivo.<\/p>\n<p>La pr\u00e1ctica del acogimiento residencial est\u00e1, como cualquier otra acci\u00f3n socioeducativa, sujeta a revisi\u00f3n, cr\u00edtica y mejora. Esta obra supone un intento de sumar perspectivas para comprender este contexto espec\u00edfico en el cual tiene lugar la Educaci\u00f3n Social, se\u00f1alando puntos sobre los que generar nuevos marcos discursivos y promover el desarrollo profesional de los educadores sociales. La tarea \u00faltima de la acci\u00f3n socioeducativa reside en establecer conexiones entre los diversos agentes implicados en el contexto de la intervenci\u00f3n para, as\u00ed, socializar las din\u00e1micas de bienestar social. Esta responsabilidad comporta no solo una firme propuesta \u00e9tica, sino tambi\u00e9n una profunda reflexividad.<\/p>\n","protected":false},"featured_media":44568,"comment_status":"open","ping_status":"closed","template":"","meta":{"_et_pb_use_builder":"","_et_pb_old_content":"","_et_gb_content_width":""},"product_cat":[11899,11859,11912,11907],"product_tag":[11892],"edicion":[12199,11865],"editoriales":[11867],"tienda":[],"autor_id":[12234,12235],"universidades_coeditoras":[12338],"palabras_clave":[],"listado_alfabetico":[],"acf":[],"_links":{"self":[{"href":"https:\/\/wizardly-davinci.82-223-8-23.plesk.page\/en\/wp-json\/wp\/v2\/product\/45655"}],"collection":[{"href":"https:\/\/wizardly-davinci.82-223-8-23.plesk.page\/en\/wp-json\/wp\/v2\/product"}],"about":[{"href":"https:\/\/wizardly-davinci.82-223-8-23.plesk.page\/en\/wp-json\/wp\/v2\/types\/product"}],"replies":[{"embeddable":true,"href":"https:\/\/wizardly-davinci.82-223-8-23.plesk.page\/en\/wp-json\/wp\/v2\/comments?post=45655"}],"wp:featuredmedia":[{"embeddable":true,"href":"https:\/\/wizardly-davinci.82-223-8-23.plesk.page\/en\/wp-json\/wp\/v2\/media\/44568"}],"wp:attachment":[{"href":"https:\/\/wizardly-davinci.82-223-8-23.plesk.page\/en\/wp-json\/wp\/v2\/media?parent=45655"}],"wp:term":[{"taxonomy":"product_cat","embeddable":true,"href":"https:\/\/wizardly-davinci.82-223-8-23.plesk.page\/en\/wp-json\/wp\/v2\/product_cat?post=45655"},{"taxonomy":"product_tag","embeddable":true,"href":"https:\/\/wizardly-davinci.82-223-8-23.plesk.page\/en\/wp-json\/wp\/v2\/product_tag?post=45655"},{"taxonomy":"edicion","embeddable":true,"href":"https:\/\/wizardly-davinci.82-223-8-23.plesk.page\/en\/wp-json\/wp\/v2\/edicion?post=45655"},{"taxonomy":"editoriales","embeddable":true,"href":"https:\/\/wizardly-davinci.82-223-8-23.plesk.page\/en\/wp-json\/wp\/v2\/editoriales?post=45655"},{"taxonomy":"tienda","embeddable":true,"href":"https:\/\/wizardly-davinci.82-223-8-23.plesk.page\/en\/wp-json\/wp\/v2\/tienda?post=45655"},{"taxonomy":"autor_id","embeddable":true,"href":"https:\/\/wizardly-davinci.82-223-8-23.plesk.page\/en\/wp-json\/wp\/v2\/autor_id?post=45655"},{"taxonomy":"universidades_coeditoras","embeddable":true,"href":"https:\/\/wizardly-davinci.82-223-8-23.plesk.page\/en\/wp-json\/wp\/v2\/universidades_coeditoras?post=45655"},{"taxonomy":"palabras_clave","embeddable":true,"href":"https:\/\/wizardly-davinci.82-223-8-23.plesk.page\/en\/wp-json\/wp\/v2\/palabras_clave?post=45655"},{"taxonomy":"listado_alfabetico","embeddable":true,"href":"https:\/\/wizardly-davinci.82-223-8-23.plesk.page\/en\/wp-json\/wp\/v2\/listado_alfabetico?post=45655"}],"curies":[{"name":"wp","href":"https:\/\/api.w.org\/{rel}","templated":true}]}}