{"id":45656,"date":"2021-05-13T11:35:41","date_gmt":"2021-05-13T09:35:41","guid":{"rendered":"https:\/\/octaedro.com\/libro\/aprendizaje-servicio-en-la-universidad\/"},"modified":"2023-04-24T10:59:10","modified_gmt":"2023-04-24T08:59:10","slug":"aprendizaje-servicio-en-la-universidad","status":"publish","type":"product","link":"https:\/\/wizardly-davinci.82-223-8-23.plesk.page\/en\/producto\/aprendizaje-servicio-en-la-universidad\/","title":{"rendered":"Aprendizaje-Servicio en la universidad"},"content":{"rendered":"<p>En la actualidad, la metodolog\u00eda educativa del \u00abaprender haciendo para mejorar aspectos de la realidad\u00bb se est\u00e1 expandiendo por los distintos continentes que configuran el planeta Tierra, conform\u00e1ndose en un movimiento pedag\u00f3gico sustentado por redes internacionales y nacionales de investigaci\u00f3n y difusi\u00f3n que intentan dar cuenta de la multitud de pr\u00e1cticas desarrolladas, los marcos conceptuales que las sostienen y el impacto en los agentes que intervienen.<\/p>\n<p>La presente obra emerge del inter\u00e9s por seguir ahondando y ampliando los contornos te\u00f3ricos del ApS y poner en valor pr\u00e1cticas encarnadas en distintos escenarios universitarios. Se estructura en dos grandes ejes tem\u00e1ticos. El primer eje, de car\u00e1cter te\u00f3rico, est\u00e1 constituido por cinco cap\u00edtulos: conceptualizaci\u00f3n del ApS, recorrido hist\u00f3rico, \u00e1mbitos de aplicaci\u00f3n en el escenario universitario, resultados de la investigaci\u00f3n e intereses cognitivos que sustentan las pr\u00e1cticas de ApS y las TIC en los proyectos de ApS. En el segundo eje se presentan ocho experiencias e investigaciones implementadas en distintas universidades del territorio espa\u00f1ol.<\/p>\n<p>Se trata de una obra coral que nace con la intencionalidad de seguir explorando las posibilidades y l\u00edmites de un dispositivo educativo que, para ser materializado, necesita conectar la teor\u00eda con la pr\u00e1ctica, promover la participaci\u00f3n aut\u00e9ntica del alumnado, profesorado y otros agentes socioeducativos, transferir los contenidos curriculares a situaciones de la vida real y la vinculaci\u00f3n de la universidad con instituciones y entidades sociales del entorno.<\/p>\n","protected":false},"excerpt":{"rendered":"<p>En la actualidad, la metodolog\u00eda educativa del \u00abaprender haciendo para mejorar aspectos de la realidad\u00bb se est\u00e1 expandiendo por los distintos continentes que configuran el planeta Tierra, conform\u00e1ndose en un movimiento pedag\u00f3gico sustentado por redes internacionales y nacionales de investigaci\u00f3n y difusi\u00f3n que intentan dar cuenta de la multitud de pr\u00e1cticas desarrolladas, los marcos conceptuales que las sostienen y el impacto en los agentes que intervienen.<\/p>\n<p>La presente obra emerge del inter\u00e9s por seguir ahondando y ampliando los contornos te\u00f3ricos del ApS y poner en valor pr\u00e1cticas encarnadas en distintos escenarios universitarios. Se estructura en dos grandes ejes tem\u00e1ticos. El primer eje, de car\u00e1cter te\u00f3rico, est\u00e1 constituido por cinco cap\u00edtulos: conceptualizaci\u00f3n del ApS, recorrido hist\u00f3rico, \u00e1mbitos de aplicaci\u00f3n en el escenario universitario, resultados de la investigaci\u00f3n e intereses cognitivos que sustentan las pr\u00e1cticas de ApS y las TIC en los proyectos de ApS. En el segundo eje se presentan ocho experiencias e investigaciones implementadas en distintas universidades del territorio espa\u00f1ol.<\/p>\n<p>Se trata de una obra coral que nace con la intencionalidad de seguir explorando las posibilidades y l\u00edmites de un dispositivo educativo que, para ser materializado, necesita conectar la teor\u00eda con la pr\u00e1ctica, promover la participaci\u00f3n aut\u00e9ntica del alumnado, profesorado y otros agentes socioeducativos, transferir los contenidos curriculares a situaciones de la vida real y la vinculaci\u00f3n de la universidad con instituciones y entidades sociales del entorno.<\/p>\n","protected":false},"featured_media":44587,"comment_status":"open","ping_status":"closed","template":"","meta":{"_et_pb_use_builder":"","_et_pb_old_content":"","_et_gb_content_width":""},"product_cat":[11899,11859,11912,11907],"product_tag":[11892],"edicion":[12199,11865],"editoriales":[11867],"tienda":[],"autor_id":[12238,12239],"universidades_coeditoras":[12404],"palabras_clave":[],"listado_alfabetico":[],"acf":[],"_links":{"self":[{"href":"https:\/\/wizardly-davinci.82-223-8-23.plesk.page\/en\/wp-json\/wp\/v2\/product\/45656"}],"collection":[{"href":"https:\/\/wizardly-davinci.82-223-8-23.plesk.page\/en\/wp-json\/wp\/v2\/product"}],"about":[{"href":"https:\/\/wizardly-davinci.82-223-8-23.plesk.page\/en\/wp-json\/wp\/v2\/types\/product"}],"replies":[{"embeddable":true,"href":"https:\/\/wizardly-davinci.82-223-8-23.plesk.page\/en\/wp-json\/wp\/v2\/comments?post=45656"}],"wp:featuredmedia":[{"embeddable":true,"href":"https:\/\/wizardly-davinci.82-223-8-23.plesk.page\/en\/wp-json\/wp\/v2\/media\/44587"}],"wp:attachment":[{"href":"https:\/\/wizardly-davinci.82-223-8-23.plesk.page\/en\/wp-json\/wp\/v2\/media?parent=45656"}],"wp:term":[{"taxonomy":"product_cat","embeddable":true,"href":"https:\/\/wizardly-davinci.82-223-8-23.plesk.page\/en\/wp-json\/wp\/v2\/product_cat?post=45656"},{"taxonomy":"product_tag","embeddable":true,"href":"https:\/\/wizardly-davinci.82-223-8-23.plesk.page\/en\/wp-json\/wp\/v2\/product_tag?post=45656"},{"taxonomy":"edicion","embeddable":true,"href":"https:\/\/wizardly-davinci.82-223-8-23.plesk.page\/en\/wp-json\/wp\/v2\/edicion?post=45656"},{"taxonomy":"editoriales","embeddable":true,"href":"https:\/\/wizardly-davinci.82-223-8-23.plesk.page\/en\/wp-json\/wp\/v2\/editoriales?post=45656"},{"taxonomy":"tienda","embeddable":true,"href":"https:\/\/wizardly-davinci.82-223-8-23.plesk.page\/en\/wp-json\/wp\/v2\/tienda?post=45656"},{"taxonomy":"autor_id","embeddable":true,"href":"https:\/\/wizardly-davinci.82-223-8-23.plesk.page\/en\/wp-json\/wp\/v2\/autor_id?post=45656"},{"taxonomy":"universidades_coeditoras","embeddable":true,"href":"https:\/\/wizardly-davinci.82-223-8-23.plesk.page\/en\/wp-json\/wp\/v2\/universidades_coeditoras?post=45656"},{"taxonomy":"palabras_clave","embeddable":true,"href":"https:\/\/wizardly-davinci.82-223-8-23.plesk.page\/en\/wp-json\/wp\/v2\/palabras_clave?post=45656"},{"taxonomy":"listado_alfabetico","embeddable":true,"href":"https:\/\/wizardly-davinci.82-223-8-23.plesk.page\/en\/wp-json\/wp\/v2\/listado_alfabetico?post=45656"}],"curies":[{"name":"wp","href":"https:\/\/api.w.org\/{rel}","templated":true}]}}