{"id":45657,"date":"2021-05-12T15:25:41","date_gmt":"2021-05-12T13:25:41","guid":{"rendered":"https:\/\/octaedro.com\/libro\/psicoterapia-de-vinculacion-emocional-validante-vev\/"},"modified":"2023-04-24T10:56:52","modified_gmt":"2023-04-24T08:56:52","slug":"psicoterapia-de-vinculacion-emocional-validante-vev","status":"publish","type":"product","link":"https:\/\/wizardly-davinci.82-223-8-23.plesk.page\/en\/producto\/psicoterapia-de-vinculacion-emocional-validante-vev\/","title":{"rendered":"Psicoterapia de vinculaci\u00f3n emocional validante (VEV)"},"content":{"rendered":"","protected":false},"excerpt":{"rendered":"<p>\u00bfC\u00f3mo abordar la involuntariedad en la intervenci\u00f3n? \u00bfC\u00f3mo dise\u00f1ar intervenciones con componentes terap\u00e9uticos en contextos socioeducativos? \u00bfC\u00f3mo entender e intervenir ante situaciones de violencia hacia uno mismo y hacia los dem\u00e1s?<\/p>\n<p>Desde hace varios a\u00f1os se viene detectando un cambio en la poblaci\u00f3n atendida en centros de protecci\u00f3n infantil, justicia juvenil e inclusi\u00f3n social; cambio que evidencia una mayor incidencia de problemas de salud mental y conductas externalizantes que subraya la necesidad de desarrollar modelos de intervenci\u00f3n especializados en el contexto y las caracter\u00edsticas de la poblaci\u00f3n.<\/p>\n<p>La presente obra propone un modelo especializado de intervenci\u00f3n para contextos educativo-terap\u00e9uticos sociales, desarrollado a partir una larga experiencia de pr\u00e1ctica profesional en este tipo de contextos. Se plantea un desarrollo especializado de la alianza mediante la construcci\u00f3n del v\u00ednculo con adolescentes y j\u00f3venes que suelen rechazar la relaci\u00f3n de ayuda, as\u00ed como una comprensi\u00f3n y abordaje t\u00e9cnico de la violencia, los consumos y las fugas. En este sentido, se aportan estrategias y t\u00e9cnicas espec\u00edficas a este tipo de contextos, que respondan a situaciones cotidianas que enfrentan los equipos de intervenci\u00f3n directa.<\/p>\n<p>Este libro se dirige a profesionales del \u00e1mbito social y educativo, sanitario, judicial y terap\u00e9utico en diversos contextos de intervenci\u00f3n intensiva con poblaci\u00f3n infanto-juvenil y j\u00f3venes adultos.<\/p>\n<p>Los autores son profesionales que ejercen su labor en contextos educativo-terap\u00e9uticos y que han podido simultanear la intervenci\u00f3n con el desarrollo del modelo durante los \u00faltimos veinte a\u00f1os.<\/p>\n","protected":false},"featured_media":44555,"comment_status":"open","ping_status":"closed","template":"","meta":{"_et_pb_use_builder":"","_et_pb_old_content":"","_et_gb_content_width":""},"product_cat":[11899,11858,11859,11912,11924],"product_tag":[11892],"edicion":[12199,11865],"editoriales":[11867],"tienda":[],"autor_id":[12245,12246,12247,12248],"universidades_coeditoras":[],"palabras_clave":[],"listado_alfabetico":[],"acf":[],"_links":{"self":[{"href":"https:\/\/wizardly-davinci.82-223-8-23.plesk.page\/en\/wp-json\/wp\/v2\/product\/45657"}],"collection":[{"href":"https:\/\/wizardly-davinci.82-223-8-23.plesk.page\/en\/wp-json\/wp\/v2\/product"}],"about":[{"href":"https:\/\/wizardly-davinci.82-223-8-23.plesk.page\/en\/wp-json\/wp\/v2\/types\/product"}],"replies":[{"embeddable":true,"href":"https:\/\/wizardly-davinci.82-223-8-23.plesk.page\/en\/wp-json\/wp\/v2\/comments?post=45657"}],"wp:featuredmedia":[{"embeddable":true,"href":"https:\/\/wizardly-davinci.82-223-8-23.plesk.page\/en\/wp-json\/wp\/v2\/media\/44555"}],"wp:attachment":[{"href":"https:\/\/wizardly-davinci.82-223-8-23.plesk.page\/en\/wp-json\/wp\/v2\/media?parent=45657"}],"wp:term":[{"taxonomy":"product_cat","embeddable":true,"href":"https:\/\/wizardly-davinci.82-223-8-23.plesk.page\/en\/wp-json\/wp\/v2\/product_cat?post=45657"},{"taxonomy":"product_tag","embeddable":true,"href":"https:\/\/wizardly-davinci.82-223-8-23.plesk.page\/en\/wp-json\/wp\/v2\/product_tag?post=45657"},{"taxonomy":"edicion","embeddable":true,"href":"https:\/\/wizardly-davinci.82-223-8-23.plesk.page\/en\/wp-json\/wp\/v2\/edicion?post=45657"},{"taxonomy":"editoriales","embeddable":true,"href":"https:\/\/wizardly-davinci.82-223-8-23.plesk.page\/en\/wp-json\/wp\/v2\/editoriales?post=45657"},{"taxonomy":"tienda","embeddable":true,"href":"https:\/\/wizardly-davinci.82-223-8-23.plesk.page\/en\/wp-json\/wp\/v2\/tienda?post=45657"},{"taxonomy":"autor_id","embeddable":true,"href":"https:\/\/wizardly-davinci.82-223-8-23.plesk.page\/en\/wp-json\/wp\/v2\/autor_id?post=45657"},{"taxonomy":"universidades_coeditoras","embeddable":true,"href":"https:\/\/wizardly-davinci.82-223-8-23.plesk.page\/en\/wp-json\/wp\/v2\/universidades_coeditoras?post=45657"},{"taxonomy":"palabras_clave","embeddable":true,"href":"https:\/\/wizardly-davinci.82-223-8-23.plesk.page\/en\/wp-json\/wp\/v2\/palabras_clave?post=45657"},{"taxonomy":"listado_alfabetico","embeddable":true,"href":"https:\/\/wizardly-davinci.82-223-8-23.plesk.page\/en\/wp-json\/wp\/v2\/listado_alfabetico?post=45657"}],"curies":[{"name":"wp","href":"https:\/\/api.w.org\/{rel}","templated":true}]}}