{"id":45658,"date":"2021-05-12T14:48:05","date_gmt":"2021-05-12T12:48:05","guid":{"rendered":"https:\/\/octaedro.com\/libro\/fundamentos-teoricos-de-la-educacion-emocional\/"},"modified":"2023-04-24T10:56:02","modified_gmt":"2023-04-24T08:56:02","slug":"fundamentos-teoricos-de-la-educacion-emocional","status":"publish","type":"product","link":"https:\/\/wizardly-davinci.82-223-8-23.plesk.page\/en\/producto\/fundamentos-teoricos-de-la-educacion-emocional\/","title":{"rendered":"Fundamentos te\u00f3ricos de la educaci\u00f3n emocional"},"content":{"rendered":"","protected":false},"excerpt":{"rendered":"<p>\u00bfEs posible orientar las emociones de una persona hacia un estado de equilibrio personal y social, de tal forma que le permita afrontar mejor los retos de la vida y, por tanto, consiga un desarrollo integral como persona dentro del contexto social en el que se mueve? Este es el objetivo que abarca la educaci\u00f3n emocional, un proceso educativo continuo y permanente que permite la adquisici\u00f3n de numerosas competencias sociales aplicadas a todos los \u00e1mbitos de la vida. Todo ello buscando siempre el bienestar personal y social del ser humano.<\/p>\n<p>En este libro, se exponen los fundamentos te\u00f3ricos de la educaci\u00f3n emocional para el desarrollo de la inteligencia emocional en el \u00e1mbito educativo. En el primer cap\u00edtulo se muestran las bases conceptuales de las emociones, donde se profundiza en los conceptos de emoci\u00f3n, sentimientos, memoria emocional y felicidad. En el segundo cap\u00edtulo se explican las teor\u00edas de las emociones de Darwin, James-Lange y McDougall. En el tercer cap\u00edtulo se presentan las principales aportaciones del condicionamiento cl\u00e1sico y del condicionamiento operante, y las ideas principales de las teor\u00edas de las emociones de Izard, Plutchik, Tomkins y Ekman. En el cuarto cap\u00edtulo se recogen las ideas b\u00e1sicas de las teor\u00edas de las emociones de Schachter y Singer, Mandler, Lang y Scherer, y se exponen la teor\u00eda de Labouvie-Vief y la teor\u00eda de la selectividad socioemocional de Carstensen.<\/p>\n<p>Complementa el libro una amplia bibliograf\u00eda acerca de los fundamentos te\u00f3ricos de la educaci\u00f3n emocional, por lo que puede resultar de gran utilidad para personas interesadas en explorar el mundo de la educaci\u00f3n emocional desde sus bases te\u00f3ricas y cient\u00edficas.<\/p>\n","protected":false},"featured_media":44548,"comment_status":"open","ping_status":"closed","template":"","meta":{"_et_pb_use_builder":"","_et_pb_old_content":"","_et_gb_content_width":""},"product_cat":[11899,11858,11859,11912,11924],"product_tag":[11892],"edicion":[12199,11865],"editoriales":[11867],"tienda":[],"autor_id":[12253,12254,12255],"universidades_coeditoras":[],"palabras_clave":[],"listado_alfabetico":[],"acf":[],"_links":{"self":[{"href":"https:\/\/wizardly-davinci.82-223-8-23.plesk.page\/en\/wp-json\/wp\/v2\/product\/45658"}],"collection":[{"href":"https:\/\/wizardly-davinci.82-223-8-23.plesk.page\/en\/wp-json\/wp\/v2\/product"}],"about":[{"href":"https:\/\/wizardly-davinci.82-223-8-23.plesk.page\/en\/wp-json\/wp\/v2\/types\/product"}],"replies":[{"embeddable":true,"href":"https:\/\/wizardly-davinci.82-223-8-23.plesk.page\/en\/wp-json\/wp\/v2\/comments?post=45658"}],"wp:featuredmedia":[{"embeddable":true,"href":"https:\/\/wizardly-davinci.82-223-8-23.plesk.page\/en\/wp-json\/wp\/v2\/media\/44548"}],"wp:attachment":[{"href":"https:\/\/wizardly-davinci.82-223-8-23.plesk.page\/en\/wp-json\/wp\/v2\/media?parent=45658"}],"wp:term":[{"taxonomy":"product_cat","embeddable":true,"href":"https:\/\/wizardly-davinci.82-223-8-23.plesk.page\/en\/wp-json\/wp\/v2\/product_cat?post=45658"},{"taxonomy":"product_tag","embeddable":true,"href":"https:\/\/wizardly-davinci.82-223-8-23.plesk.page\/en\/wp-json\/wp\/v2\/product_tag?post=45658"},{"taxonomy":"edicion","embeddable":true,"href":"https:\/\/wizardly-davinci.82-223-8-23.plesk.page\/en\/wp-json\/wp\/v2\/edicion?post=45658"},{"taxonomy":"editoriales","embeddable":true,"href":"https:\/\/wizardly-davinci.82-223-8-23.plesk.page\/en\/wp-json\/wp\/v2\/editoriales?post=45658"},{"taxonomy":"tienda","embeddable":true,"href":"https:\/\/wizardly-davinci.82-223-8-23.plesk.page\/en\/wp-json\/wp\/v2\/tienda?post=45658"},{"taxonomy":"autor_id","embeddable":true,"href":"https:\/\/wizardly-davinci.82-223-8-23.plesk.page\/en\/wp-json\/wp\/v2\/autor_id?post=45658"},{"taxonomy":"universidades_coeditoras","embeddable":true,"href":"https:\/\/wizardly-davinci.82-223-8-23.plesk.page\/en\/wp-json\/wp\/v2\/universidades_coeditoras?post=45658"},{"taxonomy":"palabras_clave","embeddable":true,"href":"https:\/\/wizardly-davinci.82-223-8-23.plesk.page\/en\/wp-json\/wp\/v2\/palabras_clave?post=45658"},{"taxonomy":"listado_alfabetico","embeddable":true,"href":"https:\/\/wizardly-davinci.82-223-8-23.plesk.page\/en\/wp-json\/wp\/v2\/listado_alfabetico?post=45658"}],"curies":[{"name":"wp","href":"https:\/\/api.w.org\/{rel}","templated":true}]}}