{"id":45662,"date":"2021-05-07T16:20:39","date_gmt":"2021-05-07T14:20:39","guid":{"rendered":"https:\/\/octaedro.com\/libro\/de-0-a-3-nada-de-pantallas\/"},"modified":"2023-04-24T11:33:24","modified_gmt":"2023-04-24T09:33:24","slug":"de-0-a-3-nada-de-pantallas","status":"publish","type":"product","link":"https:\/\/wizardly-davinci.82-223-8-23.plesk.page\/en\/producto\/de-0-a-3-nada-de-pantallas\/","title":{"rendered":"De 0 a 3, \u00bfnada de pantallas?"},"content":{"rendered":"","protected":false},"excerpt":{"rendered":"<p>Las preguntas que habitualmente se plantean padres y madres son: \u00ab\u00bfCu\u00e1nto tiempo le puedo dejar usar el m\u00f3vil o la tablet o dejar ver la tele a mi hijo peque\u00f1o?\u00bb, \u00ab\u00bfQu\u00e9 es lo m\u00e1s adecuado si no tiene todav\u00eda los 2 a\u00f1os?\u00bb, \u00abSi le ponemos unos dibujos en ingl\u00e9s, \u00bffavorecemos que aprenda el idioma ahora que son como esponjas?\u00bb, \u00ab\u00bfC\u00f3mo le podemos quitar la pantalla sin que haga una pataleta?\u00bb.<\/p>\n<p>Pero lo que nadie cuestiona es que cuando dejas a tu peque\u00f1o con una pantalla en sus manos es como si \u00e9l desapareciera. Efectivamente, las pantallas se han convertido en el instrumento que emplean los padres para su propia tranquilidad, a costa de la salud de los m\u00e1s peque\u00f1os.<\/p>\n<p>La autora de este libro, Anna Ramis (madre, maestra y pedagoga), nos lleva a cuestionarnos t\u00f3picos como aquellos que dicen que \u00ablos beb\u00e9s de ahora son nativos digitales\u00bb o \u00abcuanto antes empiecen a familiarizarse con las pantallas, mejor, porque van a ser su medio de vida\u00bb. Tambi\u00e9n nos presenta las consecuencias (ya documentadas por estudios pedi\u00e1tricos) que tiene el uso (y abuso) de pantallas antes de los 3 a\u00f1os. En definitiva, nos hace reflexionar sobre las responsabilidades de progenitores y educadores a partir de las necesidades y derechos de los m\u00e1s peque\u00f1os.<\/p>\n<p>En las p\u00e1ginas del libro encontraremos una defensa del desarrollo y la crianza saludable de ni\u00f1os y ni\u00f1as que nacen en un mundo tecnol\u00f3gico donde sus padres y su entorno est\u00e1n sumidos en el consumo de pantallas (y no es una condena de las pantallas y las tecnolog\u00edas). Asimismo, la autora presenta algunos criterios, pautas y consejos para los adultos para no ceder a la tentaci\u00f3n de dejar las pantallas en manos de nuestros hijos antes de los 3 a\u00f1os.<\/p>\n<p>De f\u00e1cil lectura y con un lenguaje pr\u00f3ximo al de los padres y las madres que se plantean muchas preguntas, precisamente porque quieren \u00abhacerlo bien\u00bb en lo relacionado con el uso de las pantallas. Tambi\u00e9n muy interesante para educadores\/as que trabajan con los m\u00e1s peque\u00f1os o con sus familias.<\/p>\n","protected":false},"featured_media":45663,"comment_status":"open","ping_status":"closed","template":"","meta":{"_et_pb_use_builder":"","_et_pb_old_content":"","_et_gb_content_width":""},"product_cat":[11899,11859,11912],"product_tag":[11892],"edicion":[11865],"editoriales":[11867],"tienda":[],"autor_id":[12263],"universidades_coeditoras":[],"palabras_clave":[],"listado_alfabetico":[],"acf":[],"_links":{"self":[{"href":"https:\/\/wizardly-davinci.82-223-8-23.plesk.page\/en\/wp-json\/wp\/v2\/product\/45662"}],"collection":[{"href":"https:\/\/wizardly-davinci.82-223-8-23.plesk.page\/en\/wp-json\/wp\/v2\/product"}],"about":[{"href":"https:\/\/wizardly-davinci.82-223-8-23.plesk.page\/en\/wp-json\/wp\/v2\/types\/product"}],"replies":[{"embeddable":true,"href":"https:\/\/wizardly-davinci.82-223-8-23.plesk.page\/en\/wp-json\/wp\/v2\/comments?post=45662"}],"wp:featuredmedia":[{"embeddable":true,"href":"https:\/\/wizardly-davinci.82-223-8-23.plesk.page\/en\/wp-json\/wp\/v2\/media\/45663"}],"wp:attachment":[{"href":"https:\/\/wizardly-davinci.82-223-8-23.plesk.page\/en\/wp-json\/wp\/v2\/media?parent=45662"}],"wp:term":[{"taxonomy":"product_cat","embeddable":true,"href":"https:\/\/wizardly-davinci.82-223-8-23.plesk.page\/en\/wp-json\/wp\/v2\/product_cat?post=45662"},{"taxonomy":"product_tag","embeddable":true,"href":"https:\/\/wizardly-davinci.82-223-8-23.plesk.page\/en\/wp-json\/wp\/v2\/product_tag?post=45662"},{"taxonomy":"edicion","embeddable":true,"href":"https:\/\/wizardly-davinci.82-223-8-23.plesk.page\/en\/wp-json\/wp\/v2\/edicion?post=45662"},{"taxonomy":"editoriales","embeddable":true,"href":"https:\/\/wizardly-davinci.82-223-8-23.plesk.page\/en\/wp-json\/wp\/v2\/editoriales?post=45662"},{"taxonomy":"tienda","embeddable":true,"href":"https:\/\/wizardly-davinci.82-223-8-23.plesk.page\/en\/wp-json\/wp\/v2\/tienda?post=45662"},{"taxonomy":"autor_id","embeddable":true,"href":"https:\/\/wizardly-davinci.82-223-8-23.plesk.page\/en\/wp-json\/wp\/v2\/autor_id?post=45662"},{"taxonomy":"universidades_coeditoras","embeddable":true,"href":"https:\/\/wizardly-davinci.82-223-8-23.plesk.page\/en\/wp-json\/wp\/v2\/universidades_coeditoras?post=45662"},{"taxonomy":"palabras_clave","embeddable":true,"href":"https:\/\/wizardly-davinci.82-223-8-23.plesk.page\/en\/wp-json\/wp\/v2\/palabras_clave?post=45662"},{"taxonomy":"listado_alfabetico","embeddable":true,"href":"https:\/\/wizardly-davinci.82-223-8-23.plesk.page\/en\/wp-json\/wp\/v2\/listado_alfabetico?post=45662"}],"curies":[{"name":"wp","href":"https:\/\/api.w.org\/{rel}","templated":true}]}}