{"id":45664,"date":"2021-05-07T13:38:29","date_gmt":"2021-05-07T11:38:29","guid":{"rendered":"https:\/\/octaedro.com\/libro\/veinte-anos-de-educacion-emprendedora-2000-2020\/"},"modified":"2023-02-22T13:36:37","modified_gmt":"2023-02-22T12:36:37","slug":"veinte-anos-de-educacion-emprendedora-2000-2020","status":"publish","type":"product","link":"https:\/\/wizardly-davinci.82-223-8-23.plesk.page\/en\/producto\/veinte-anos-de-educacion-emprendedora-2000-2020\/","title":{"rendered":"Veinte a\u00f1os de educaci\u00f3n emprendedora (2000-2020)"},"content":{"rendered":"<p>La denominada educaci\u00f3n emprendedora representa una de las propuestas innovadoras m\u00e1s exitosas al tratar de conciliar las pr\u00e1cticas formativas con las demandas de la nueva sociedad del conocimiento. De hecho, ha sido impulsada internacionalmente de modo manifiesto desde los inicios de siglo. En estas dos \u00faltimas d\u00e9cadas, la investigaci\u00f3n en este \u00e1mbito ha crecido exponencialmente. Con un sentido recopilatorio y de consulta de la producci\u00f3n cient\u00edfica m\u00e1s sobresaliente generada mundialmente sobre esta \u00e1rea del saber, Veinte a\u00f1os de educaci\u00f3n emprendedora (2000-2020), adem\u00e1s de suponer una perspectiva sistem\u00e1tica, a\u00f1ade una \u00f3ptica humanizadora al fen\u00f3meno del emprendimiento.<\/p>\n<p>Esta obra constituye una fuente muy relevante para quienes est\u00e1n focalizando su preocupaci\u00f3n en la teor\u00eda y la pr\u00e1ctica de la educaci\u00f3n emprendedora: investigadores; profesionales del \u00e1mbito educativo, social, laboral y empresarial; estudiantes de educaci\u00f3n superior y personas interesadas en la exploraci\u00f3n del fen\u00f3meno emprendedor y sus implicaciones individuales, sociales y productivas.<\/p>\n","protected":false},"excerpt":{"rendered":"<p>La denominada educaci\u00f3n emprendedora representa una de las propuestas innovadoras m\u00e1s exitosas al tratar de conciliar las pr\u00e1cticas formativas con las demandas de la nueva sociedad del conocimiento. De hecho, ha sido impulsada internacionalmente de modo manifiesto desde los inicios de siglo. En estas dos \u00faltimas d\u00e9cadas, la investigaci\u00f3n en este \u00e1mbito ha crecido exponencialmente. Con un sentido recopilatorio y de consulta de la producci\u00f3n cient\u00edfica m\u00e1s sobresaliente generada mundialmente sobre esta \u00e1rea del saber, Veinte a\u00f1os de educaci\u00f3n emprendedora (2000-2020), adem\u00e1s de suponer una perspectiva sistem\u00e1tica, a\u00f1ade una \u00f3ptica humanizadora al fen\u00f3meno del emprendimiento.<\/p>\n<p>Esta obra constituye una fuente muy relevante para quienes est\u00e1n focalizando su preocupaci\u00f3n en la teor\u00eda y la pr\u00e1ctica de la educaci\u00f3n emprendedora: investigadores; profesionales del \u00e1mbito educativo, social, laboral y empresarial; estudiantes de educaci\u00f3n superior y personas interesadas en la exploraci\u00f3n del fen\u00f3meno emprendedor y sus implicaciones individuales, sociales y productivas.<\/p>\n","protected":false},"featured_media":44687,"comment_status":"open","ping_status":"closed","template":"","meta":{"_et_pb_use_builder":"","_et_pb_old_content":"","_et_gb_content_width":""},"product_cat":[11899,11913,11900],"product_tag":[11887],"edicion":[12178],"editoriales":[11867],"tienda":[],"autor_id":[12267,12268,12269],"universidades_coeditoras":[12270],"palabras_clave":[],"listado_alfabetico":[],"acf":[],"_links":{"self":[{"href":"https:\/\/wizardly-davinci.82-223-8-23.plesk.page\/en\/wp-json\/wp\/v2\/product\/45664"}],"collection":[{"href":"https:\/\/wizardly-davinci.82-223-8-23.plesk.page\/en\/wp-json\/wp\/v2\/product"}],"about":[{"href":"https:\/\/wizardly-davinci.82-223-8-23.plesk.page\/en\/wp-json\/wp\/v2\/types\/product"}],"replies":[{"embeddable":true,"href":"https:\/\/wizardly-davinci.82-223-8-23.plesk.page\/en\/wp-json\/wp\/v2\/comments?post=45664"}],"wp:featuredmedia":[{"embeddable":true,"href":"https:\/\/wizardly-davinci.82-223-8-23.plesk.page\/en\/wp-json\/wp\/v2\/media\/44687"}],"wp:attachment":[{"href":"https:\/\/wizardly-davinci.82-223-8-23.plesk.page\/en\/wp-json\/wp\/v2\/media?parent=45664"}],"wp:term":[{"taxonomy":"product_cat","embeddable":true,"href":"https:\/\/wizardly-davinci.82-223-8-23.plesk.page\/en\/wp-json\/wp\/v2\/product_cat?post=45664"},{"taxonomy":"product_tag","embeddable":true,"href":"https:\/\/wizardly-davinci.82-223-8-23.plesk.page\/en\/wp-json\/wp\/v2\/product_tag?post=45664"},{"taxonomy":"edicion","embeddable":true,"href":"https:\/\/wizardly-davinci.82-223-8-23.plesk.page\/en\/wp-json\/wp\/v2\/edicion?post=45664"},{"taxonomy":"editoriales","embeddable":true,"href":"https:\/\/wizardly-davinci.82-223-8-23.plesk.page\/en\/wp-json\/wp\/v2\/editoriales?post=45664"},{"taxonomy":"tienda","embeddable":true,"href":"https:\/\/wizardly-davinci.82-223-8-23.plesk.page\/en\/wp-json\/wp\/v2\/tienda?post=45664"},{"taxonomy":"autor_id","embeddable":true,"href":"https:\/\/wizardly-davinci.82-223-8-23.plesk.page\/en\/wp-json\/wp\/v2\/autor_id?post=45664"},{"taxonomy":"universidades_coeditoras","embeddable":true,"href":"https:\/\/wizardly-davinci.82-223-8-23.plesk.page\/en\/wp-json\/wp\/v2\/universidades_coeditoras?post=45664"},{"taxonomy":"palabras_clave","embeddable":true,"href":"https:\/\/wizardly-davinci.82-223-8-23.plesk.page\/en\/wp-json\/wp\/v2\/palabras_clave?post=45664"},{"taxonomy":"listado_alfabetico","embeddable":true,"href":"https:\/\/wizardly-davinci.82-223-8-23.plesk.page\/en\/wp-json\/wp\/v2\/listado_alfabetico?post=45664"}],"curies":[{"name":"wp","href":"https:\/\/api.w.org\/{rel}","templated":true}]}}