{"id":45665,"date":"2021-05-07T10:36:51","date_gmt":"2021-05-07T10:36:51","guid":{"rendered":"https:\/\/octaedro.com\/libro\/experiencias-y-praxis-educativas-en-nuevos-contextos-digitales-en-paises-de-iberoamerica\/"},"modified":"2023-02-22T13:36:37","modified_gmt":"2023-02-22T12:36:37","slug":"experiencias-y-praxis-educativas-en-nuevos-contextos-digitales-en-paises-de-iberoamerica","status":"publish","type":"product","link":"https:\/\/wizardly-davinci.82-223-8-23.plesk.page\/en\/producto\/experiencias-y-praxis-educativas-en-nuevos-contextos-digitales-en-paises-de-iberoamerica\/","title":{"rendered":"Experiencias y praxis educativas en nuevos contextos digitales en pa\u00edses de Iberoam\u00e9rica"},"content":{"rendered":"","protected":false},"excerpt":{"rendered":"<p class=\"Ningnestilodeprrafo\" style=\"margin-top: 8.5pt;\">La pandemia ocasionada por COVID-19 ha precipitado el uso de la digitalizaci\u00f3n entendida como la tecnolog\u00eda al servicio de la sociedad en todos los sentidos y contextos; la digitaliza-ci\u00f3n lleg\u00f3 para quedarse, y no de manera est\u00e1tica, pues se est\u00e1n produciendo grandes avances en ofrecer nuevas alternativas y modelos de educaci\u00f3n.<\/p>\n<p class=\"Ningnestilodeprrafo\" style=\"margin-top: 8.5pt;\">El profesorado es uno de los ejes fundamentales en esta modernizaci\u00f3n y transformaci\u00f3n de la sociedad actual; por ello, ha de ponerse especial atenci\u00f3n y \u00e9nfasis en su capacitaci\u00f3n para poder seguir desplegando la tecnolog\u00eda educativa y dar respuesta a los retos que la sociedad digital va planteando.<\/p>\n<p class=\"Ningnestilodeprrafo\" style=\"margin-top: 8.5pt;\">El presente libro representa un gran trabajo de expertos docentes e investigadores iberoa-mericanos. Tiene la finalidad de brindar experiencias y pr\u00e1cticas exitosas y efectivas, que contribuyan a apoyar el desarrollo de conocimientos, habilidades y actitudes de los estu-diantes.<\/p>\n","protected":false},"featured_media":44478,"comment_status":"open","ping_status":"closed","template":"","meta":{"_et_pb_use_builder":"","_et_pb_old_content":"","_et_gb_content_width":""},"product_cat":[11899,11913],"product_tag":[11890],"edicion":[12178],"editoriales":[11867],"tienda":[],"autor_id":[12275,12276,12277,12278],"universidades_coeditoras":[16348,16349,16350],"palabras_clave":[],"listado_alfabetico":[],"acf":[],"_links":{"self":[{"href":"https:\/\/wizardly-davinci.82-223-8-23.plesk.page\/en\/wp-json\/wp\/v2\/product\/45665"}],"collection":[{"href":"https:\/\/wizardly-davinci.82-223-8-23.plesk.page\/en\/wp-json\/wp\/v2\/product"}],"about":[{"href":"https:\/\/wizardly-davinci.82-223-8-23.plesk.page\/en\/wp-json\/wp\/v2\/types\/product"}],"replies":[{"embeddable":true,"href":"https:\/\/wizardly-davinci.82-223-8-23.plesk.page\/en\/wp-json\/wp\/v2\/comments?post=45665"}],"wp:featuredmedia":[{"embeddable":true,"href":"https:\/\/wizardly-davinci.82-223-8-23.plesk.page\/en\/wp-json\/wp\/v2\/media\/44478"}],"wp:attachment":[{"href":"https:\/\/wizardly-davinci.82-223-8-23.plesk.page\/en\/wp-json\/wp\/v2\/media?parent=45665"}],"wp:term":[{"taxonomy":"product_cat","embeddable":true,"href":"https:\/\/wizardly-davinci.82-223-8-23.plesk.page\/en\/wp-json\/wp\/v2\/product_cat?post=45665"},{"taxonomy":"product_tag","embeddable":true,"href":"https:\/\/wizardly-davinci.82-223-8-23.plesk.page\/en\/wp-json\/wp\/v2\/product_tag?post=45665"},{"taxonomy":"edicion","embeddable":true,"href":"https:\/\/wizardly-davinci.82-223-8-23.plesk.page\/en\/wp-json\/wp\/v2\/edicion?post=45665"},{"taxonomy":"editoriales","embeddable":true,"href":"https:\/\/wizardly-davinci.82-223-8-23.plesk.page\/en\/wp-json\/wp\/v2\/editoriales?post=45665"},{"taxonomy":"tienda","embeddable":true,"href":"https:\/\/wizardly-davinci.82-223-8-23.plesk.page\/en\/wp-json\/wp\/v2\/tienda?post=45665"},{"taxonomy":"autor_id","embeddable":true,"href":"https:\/\/wizardly-davinci.82-223-8-23.plesk.page\/en\/wp-json\/wp\/v2\/autor_id?post=45665"},{"taxonomy":"universidades_coeditoras","embeddable":true,"href":"https:\/\/wizardly-davinci.82-223-8-23.plesk.page\/en\/wp-json\/wp\/v2\/universidades_coeditoras?post=45665"},{"taxonomy":"palabras_clave","embeddable":true,"href":"https:\/\/wizardly-davinci.82-223-8-23.plesk.page\/en\/wp-json\/wp\/v2\/palabras_clave?post=45665"},{"taxonomy":"listado_alfabetico","embeddable":true,"href":"https:\/\/wizardly-davinci.82-223-8-23.plesk.page\/en\/wp-json\/wp\/v2\/listado_alfabetico?post=45665"}],"curies":[{"name":"wp","href":"https:\/\/api.w.org\/{rel}","templated":true}]}}