{"id":45667,"date":"2021-05-04T10:13:44","date_gmt":"2021-05-04T08:13:44","guid":{"rendered":"https:\/\/octaedro.com\/libro\/ensenanza-de-las-ciencias-sociales-para-una-ciudadania-democratica\/"},"modified":"2023-04-24T10:55:13","modified_gmt":"2023-04-24T08:55:13","slug":"ensenanza-de-las-ciencias-sociales-para-una-ciudadania-democratica","status":"publish","type":"product","link":"https:\/\/wizardly-davinci.82-223-8-23.plesk.page\/en\/producto\/ensenanza-de-las-ciencias-sociales-para-una-ciudadania-democratica\/","title":{"rendered":"Ense\u00f1anza de las ciencias sociales para una ciudadan\u00eda democr\u00e1tica"},"content":{"rendered":"","protected":false},"excerpt":{"rendered":"<p>El libro <em>Ense\u00f1anza de las ciencias sociales para una ciudadan\u00eda democr\u00e1tica<\/em> aborda una serie de estudios en homenaje a la trayectoria del profesor Ram\u00f3n L\u00f3pez Facal. La obra consta de quince cap\u00edtulos, en los que participan 25 universidades de cinco pa\u00edses diferentes (Chile, Colombia, Brasil Portugal y Espa\u00f1a). Estos estudios giran en torno a tres tem\u00e1ticas clave en la actualidad educativa y social: la formaci\u00f3n del profesorado para la ense\u00f1anza de las ciencias sociales; el planteamiento de temas sociales relevantes en el aula, y las enredadas relaciones entre ciudadan\u00eda, nacionalismo e identidades en la ense\u00f1anza de la geograf\u00eda y la historia. Las tres partes de este libro se componen de tres \u00e1mbitos acad\u00e9micos representativos de la trayectoria acad\u00e9mica de Ram\u00f3n L\u00f3pez Facal y muestran que las taxonom\u00edas ocultan, a veces, la complejidad de la simbiosis entre las visiones del mundo y las respuestas educativas.<\/p>\n<p>El desarrollo de \u00e1reas de conocimiento j\u00f3venes como la Did\u00e1ctica de las Ciencias Sociales debe mucho al impulso de profesores como Ram\u00f3n L\u00f3pez Facal, quien ha mostrado a lo largo de su trayectoria su capacidad en el liderazgo de equipos, as\u00ed como en la gesti\u00f3n y ejecuci\u00f3n de iniciativas y proyectos acad\u00e9micos e investigadores de excelencia, con un compromiso con la docencia, su renovaci\u00f3n y la transmisi\u00f3n social del conocimiento. Todo ello, adem\u00e1s, con una clara proyecci\u00f3n internacional. Estas caracter\u00edsticas de su labor investigadora, docente, profesional y de gesti\u00f3n han sido ejercidas de forma intensa, continua, responsable y entusiasta, con una n\u00edtida conciencia de que la Universidad constituye un servicio p\u00fablico cuya finalidad es lograr el progreso intelectual, moral y econ\u00f3mico de la ciudadan\u00eda.<\/p>\n","protected":false},"featured_media":44443,"comment_status":"open","ping_status":"closed","template":"","meta":{"_et_pb_use_builder":"","_et_pb_old_content":"","_et_gb_content_width":""},"product_cat":[11899,11859,11912,11907],"product_tag":[11892],"edicion":[12199,11865],"editoriales":[11867],"tienda":[],"autor_id":[12290,12291,12292],"universidades_coeditoras":[14907,14911],"palabras_clave":[],"listado_alfabetico":[],"acf":[],"_links":{"self":[{"href":"https:\/\/wizardly-davinci.82-223-8-23.plesk.page\/en\/wp-json\/wp\/v2\/product\/45667"}],"collection":[{"href":"https:\/\/wizardly-davinci.82-223-8-23.plesk.page\/en\/wp-json\/wp\/v2\/product"}],"about":[{"href":"https:\/\/wizardly-davinci.82-223-8-23.plesk.page\/en\/wp-json\/wp\/v2\/types\/product"}],"replies":[{"embeddable":true,"href":"https:\/\/wizardly-davinci.82-223-8-23.plesk.page\/en\/wp-json\/wp\/v2\/comments?post=45667"}],"wp:featuredmedia":[{"embeddable":true,"href":"https:\/\/wizardly-davinci.82-223-8-23.plesk.page\/en\/wp-json\/wp\/v2\/media\/44443"}],"wp:attachment":[{"href":"https:\/\/wizardly-davinci.82-223-8-23.plesk.page\/en\/wp-json\/wp\/v2\/media?parent=45667"}],"wp:term":[{"taxonomy":"product_cat","embeddable":true,"href":"https:\/\/wizardly-davinci.82-223-8-23.plesk.page\/en\/wp-json\/wp\/v2\/product_cat?post=45667"},{"taxonomy":"product_tag","embeddable":true,"href":"https:\/\/wizardly-davinci.82-223-8-23.plesk.page\/en\/wp-json\/wp\/v2\/product_tag?post=45667"},{"taxonomy":"edicion","embeddable":true,"href":"https:\/\/wizardly-davinci.82-223-8-23.plesk.page\/en\/wp-json\/wp\/v2\/edicion?post=45667"},{"taxonomy":"editoriales","embeddable":true,"href":"https:\/\/wizardly-davinci.82-223-8-23.plesk.page\/en\/wp-json\/wp\/v2\/editoriales?post=45667"},{"taxonomy":"tienda","embeddable":true,"href":"https:\/\/wizardly-davinci.82-223-8-23.plesk.page\/en\/wp-json\/wp\/v2\/tienda?post=45667"},{"taxonomy":"autor_id","embeddable":true,"href":"https:\/\/wizardly-davinci.82-223-8-23.plesk.page\/en\/wp-json\/wp\/v2\/autor_id?post=45667"},{"taxonomy":"universidades_coeditoras","embeddable":true,"href":"https:\/\/wizardly-davinci.82-223-8-23.plesk.page\/en\/wp-json\/wp\/v2\/universidades_coeditoras?post=45667"},{"taxonomy":"palabras_clave","embeddable":true,"href":"https:\/\/wizardly-davinci.82-223-8-23.plesk.page\/en\/wp-json\/wp\/v2\/palabras_clave?post=45667"},{"taxonomy":"listado_alfabetico","embeddable":true,"href":"https:\/\/wizardly-davinci.82-223-8-23.plesk.page\/en\/wp-json\/wp\/v2\/listado_alfabetico?post=45667"}],"curies":[{"name":"wp","href":"https:\/\/api.w.org\/{rel}","templated":true}]}}