{"id":45669,"date":"2021-04-27T12:33:31","date_gmt":"2021-04-27T12:33:31","guid":{"rendered":"https:\/\/octaedro.com\/libro\/la-alfabetizacion-para-un-cambio-social\/"},"modified":"2023-03-08T12:18:52","modified_gmt":"2023-03-08T11:18:52","slug":"la-alfabetizacion-para-un-cambio-social","status":"publish","type":"product","link":"https:\/\/wizardly-davinci.82-223-8-23.plesk.page\/en\/producto\/la-alfabetizacion-para-un-cambio-social\/","title":{"rendered":"La alfabetizaci\u00f3n para un cambio social"},"content":{"rendered":"","protected":false},"excerpt":{"rendered":"<p>Este libro propone un acercamiento a la alfabetizaci\u00f3n desde el paradigma de los Nuevos Estudios de Literacidad. Dicha perspectiva nos acerca a la complejidad inherente del proceso de alfabetizaci\u00f3n en la infancia y lo hace a trav\u00e9s de diversas miradas que resultan \u00abinvisibles\u00bb para buena parte de nuestra sociedad. En consecuencia, estas alfabetizaciones hacen referencia a elementos multimodales y sensoriales, y no solo a una escritura alfab\u00e9tica.<\/p>\n<p>Esta monograf\u00eda ha permitido el acercamiento a una comunidad desde la <em>teor\u00eda de la nueva movilidad<\/em>. Esta metodolog\u00eda, basada en el paseo etnogr\u00e1fico, ha reconocido el barrio como entorno de alfabetizaci\u00f3n y ha descrito en profundidad los significados de la geograf\u00eda local. En segundo lugar, el libro aborda la activaci\u00f3n de los reservorios de alfabetizaci\u00f3n del alumnado, sus familias y comunidad en la primera lengua y las lenguas extranjeras, su naturaleza transling\u00fc\u00edstica y transcultural y el papel de la transferencia en estos procesos. Un tercer enfoque de la investigaci\u00f3n ha girado en torno a la reflexi\u00f3n sobre las necesidades de orientaci\u00f3n de los ni\u00f1os en la transici\u00f3n de Educaci\u00f3n Infantil a Educaci\u00f3n Primaria, inaugurando una l\u00ednea de investigaci\u00f3n poco explorada en el \u00e1mbito de la escuela. La obra concluye con el estudio del papel de las tecnolog\u00edas de la informaci\u00f3n y la comunicaci\u00f3n desde los Nuevos Estudios de Literacidad, al tiempo que analiza la relaci\u00f3n que tienen los ni\u00f1os con la alfabetizaci\u00f3n y las TIC en zonas con necesidades de transformaci\u00f3n social.<\/p>\n","protected":false},"featured_media":45671,"comment_status":"open","ping_status":"closed","template":"","meta":{"_et_pb_use_builder":"","_et_pb_old_content":"","_et_gb_content_width":""},"product_cat":[11899,11859,11912,11907],"product_tag":[11892],"edicion":[12199,11865],"editoriales":[11867],"tienda":[],"autor_id":[12299,12300],"universidades_coeditoras":[12270],"palabras_clave":[],"listado_alfabetico":[],"acf":[],"_links":{"self":[{"href":"https:\/\/wizardly-davinci.82-223-8-23.plesk.page\/en\/wp-json\/wp\/v2\/product\/45669"}],"collection":[{"href":"https:\/\/wizardly-davinci.82-223-8-23.plesk.page\/en\/wp-json\/wp\/v2\/product"}],"about":[{"href":"https:\/\/wizardly-davinci.82-223-8-23.plesk.page\/en\/wp-json\/wp\/v2\/types\/product"}],"replies":[{"embeddable":true,"href":"https:\/\/wizardly-davinci.82-223-8-23.plesk.page\/en\/wp-json\/wp\/v2\/comments?post=45669"}],"wp:featuredmedia":[{"embeddable":true,"href":"https:\/\/wizardly-davinci.82-223-8-23.plesk.page\/en\/wp-json\/wp\/v2\/media\/45671"}],"wp:attachment":[{"href":"https:\/\/wizardly-davinci.82-223-8-23.plesk.page\/en\/wp-json\/wp\/v2\/media?parent=45669"}],"wp:term":[{"taxonomy":"product_cat","embeddable":true,"href":"https:\/\/wizardly-davinci.82-223-8-23.plesk.page\/en\/wp-json\/wp\/v2\/product_cat?post=45669"},{"taxonomy":"product_tag","embeddable":true,"href":"https:\/\/wizardly-davinci.82-223-8-23.plesk.page\/en\/wp-json\/wp\/v2\/product_tag?post=45669"},{"taxonomy":"edicion","embeddable":true,"href":"https:\/\/wizardly-davinci.82-223-8-23.plesk.page\/en\/wp-json\/wp\/v2\/edicion?post=45669"},{"taxonomy":"editoriales","embeddable":true,"href":"https:\/\/wizardly-davinci.82-223-8-23.plesk.page\/en\/wp-json\/wp\/v2\/editoriales?post=45669"},{"taxonomy":"tienda","embeddable":true,"href":"https:\/\/wizardly-davinci.82-223-8-23.plesk.page\/en\/wp-json\/wp\/v2\/tienda?post=45669"},{"taxonomy":"autor_id","embeddable":true,"href":"https:\/\/wizardly-davinci.82-223-8-23.plesk.page\/en\/wp-json\/wp\/v2\/autor_id?post=45669"},{"taxonomy":"universidades_coeditoras","embeddable":true,"href":"https:\/\/wizardly-davinci.82-223-8-23.plesk.page\/en\/wp-json\/wp\/v2\/universidades_coeditoras?post=45669"},{"taxonomy":"palabras_clave","embeddable":true,"href":"https:\/\/wizardly-davinci.82-223-8-23.plesk.page\/en\/wp-json\/wp\/v2\/palabras_clave?post=45669"},{"taxonomy":"listado_alfabetico","embeddable":true,"href":"https:\/\/wizardly-davinci.82-223-8-23.plesk.page\/en\/wp-json\/wp\/v2\/listado_alfabetico?post=45669"}],"curies":[{"name":"wp","href":"https:\/\/api.w.org\/{rel}","templated":true}]}}