{"id":45679,"date":"2021-04-15T15:32:52","date_gmt":"2021-04-15T15:32:52","guid":{"rendered":"https:\/\/octaedro.com\/libro\/modelo-de-intervencion-ante-la-violencia-filioparental\/"},"modified":"2023-02-22T13:36:42","modified_gmt":"2023-02-22T12:36:42","slug":"modelo-de-intervencion-ante-la-violencia-filioparental","status":"publish","type":"product","link":"https:\/\/wizardly-davinci.82-223-8-23.plesk.page\/en\/producto\/modelo-de-intervencion-ante-la-violencia-filioparental\/","title":{"rendered":"Modelo de intervenci\u00f3n ante la violencia filioparental"},"content":{"rendered":"","protected":false},"excerpt":{"rendered":"<p>La violencia filioparental es un fen\u00f3meno emergente y que a\u00fan tiene pocas propuestas metodol\u00f3gicas para la intervenci\u00f3n en nuestro pa\u00eds. Esta obra aporta una visi\u00f3n innovadora que arroja una propuesta contrastada por autores que, en el \u00e1mbito de su trabajo en centros de menores, se acercan a la realidad del menor de forma din\u00e1mica y acad\u00e9mica.<\/p>\n<p>A lo largo de este libro desarrollamos una propuesta metodol\u00f3gica de intervenci\u00f3n por parte de los profesionales de la intervenci\u00f3n social con aquellos menores que cometen el delito de violencia filioparental y se les aplica, entre otras, la medida de convivencia con grupo educativo. Dirigido sobre todo a profesionales y estudiantes de aquellas profesiones sociales que en este \u00e1mbito trabajen codo con codo con el perfil de menores catalogados en el \u00e1mbito de centros de protecci\u00f3n o de reforma o como menores no acompa\u00f1ados.<\/p>\n","protected":false},"featured_media":45681,"comment_status":"open","ping_status":"closed","template":"","meta":{"_et_pb_use_builder":"","_et_pb_old_content":"","_et_gb_content_width":""},"product_cat":[11899,11913],"product_tag":[11890],"edicion":[12178],"editoriales":[11867],"tienda":[],"autor_id":[12310,12311],"universidades_coeditoras":[12312],"palabras_clave":[],"listado_alfabetico":[],"acf":[],"_links":{"self":[{"href":"https:\/\/wizardly-davinci.82-223-8-23.plesk.page\/en\/wp-json\/wp\/v2\/product\/45679"}],"collection":[{"href":"https:\/\/wizardly-davinci.82-223-8-23.plesk.page\/en\/wp-json\/wp\/v2\/product"}],"about":[{"href":"https:\/\/wizardly-davinci.82-223-8-23.plesk.page\/en\/wp-json\/wp\/v2\/types\/product"}],"replies":[{"embeddable":true,"href":"https:\/\/wizardly-davinci.82-223-8-23.plesk.page\/en\/wp-json\/wp\/v2\/comments?post=45679"}],"wp:featuredmedia":[{"embeddable":true,"href":"https:\/\/wizardly-davinci.82-223-8-23.plesk.page\/en\/wp-json\/wp\/v2\/media\/45681"}],"wp:attachment":[{"href":"https:\/\/wizardly-davinci.82-223-8-23.plesk.page\/en\/wp-json\/wp\/v2\/media?parent=45679"}],"wp:term":[{"taxonomy":"product_cat","embeddable":true,"href":"https:\/\/wizardly-davinci.82-223-8-23.plesk.page\/en\/wp-json\/wp\/v2\/product_cat?post=45679"},{"taxonomy":"product_tag","embeddable":true,"href":"https:\/\/wizardly-davinci.82-223-8-23.plesk.page\/en\/wp-json\/wp\/v2\/product_tag?post=45679"},{"taxonomy":"edicion","embeddable":true,"href":"https:\/\/wizardly-davinci.82-223-8-23.plesk.page\/en\/wp-json\/wp\/v2\/edicion?post=45679"},{"taxonomy":"editoriales","embeddable":true,"href":"https:\/\/wizardly-davinci.82-223-8-23.plesk.page\/en\/wp-json\/wp\/v2\/editoriales?post=45679"},{"taxonomy":"tienda","embeddable":true,"href":"https:\/\/wizardly-davinci.82-223-8-23.plesk.page\/en\/wp-json\/wp\/v2\/tienda?post=45679"},{"taxonomy":"autor_id","embeddable":true,"href":"https:\/\/wizardly-davinci.82-223-8-23.plesk.page\/en\/wp-json\/wp\/v2\/autor_id?post=45679"},{"taxonomy":"universidades_coeditoras","embeddable":true,"href":"https:\/\/wizardly-davinci.82-223-8-23.plesk.page\/en\/wp-json\/wp\/v2\/universidades_coeditoras?post=45679"},{"taxonomy":"palabras_clave","embeddable":true,"href":"https:\/\/wizardly-davinci.82-223-8-23.plesk.page\/en\/wp-json\/wp\/v2\/palabras_clave?post=45679"},{"taxonomy":"listado_alfabetico","embeddable":true,"href":"https:\/\/wizardly-davinci.82-223-8-23.plesk.page\/en\/wp-json\/wp\/v2\/listado_alfabetico?post=45679"}],"curies":[{"name":"wp","href":"https:\/\/api.w.org\/{rel}","templated":true}]}}