{"id":45682,"date":"2021-04-14T15:32:06","date_gmt":"2021-04-14T15:32:06","guid":{"rendered":"https:\/\/octaedro.com\/libro\/el-papel-del-pedagogo-en-el-siglo-xxi\/"},"modified":"2023-02-22T13:36:42","modified_gmt":"2023-02-22T12:36:42","slug":"el-papel-del-pedagogo-en-el-siglo-xxi","status":"publish","type":"product","link":"https:\/\/wizardly-davinci.82-223-8-23.plesk.page\/en\/producto\/el-papel-del-pedagogo-en-el-siglo-xxi\/","title":{"rendered":"El papel del pedagogo en el siglo XXI"},"content":{"rendered":"","protected":false},"excerpt":{"rendered":"<p>El amplio \u00e1mbito de la Pedagog\u00eda, como ciencia social que se alimenta de otras muchas ciencias, permite abarcar m\u00faltiples contextos. Este libro acerca al alumnado del Grado en Pedagog\u00eda, diversas realidades enfocadas desde la propia teor\u00eda hasta el desarrollo de su labor profesional. La Pedagog\u00eda est\u00e1 inmersa en diferentes conocimientos, y como labor del pedagogo, es necesario investigar e innovar para mejorar la sociedad. Los cambios constantes que se vienen produciendo en nuestro entorno propician que este orientador, asesor o mediador, desarrolle su rol ajust\u00e1ndose a las caracter\u00edsticas concretas de cada situaci\u00f3n y momento, de ah\u00ed que propongamos un t\u00edtulo propiciando visualizar el papel del pedagogo en el siglo XXI como figura que ha de adquirir un adecuado conocimiento te\u00f3rico-pr\u00e1ctico para trasladarlo a cada cambiante e inmediata realidad laboral.<\/p>\n<p>Este libro se estructura bajo la visi\u00f3n de ofrecer a este alumnado que recibe en el aula universitaria una proporcionada formaci\u00f3n inicial en Pedagog\u00eda, la perspectiva de poder valorar diversos enfoques profesionales, dentro y fuera del medio educativo. Ha sido el fruto del esfuerzo de un equipo concienciado con los nuevos cambios que progresivamente vienen surgiendo en la sociedad, y la necesidad de capacitar al pedagogo en sus nuevos roles; y as\u00ed mismo, contribuyendo impl\u00edcitamente en una mejora de la calidad de ense\u00f1anza universitaria, donde se les proporciona a los estudiantes una visi\u00f3n real de la Pedagog\u00eda.<\/p>\n","protected":false},"featured_media":45684,"comment_status":"open","ping_status":"closed","template":"","meta":{"_et_pb_use_builder":"","_et_pb_old_content":"","_et_gb_content_width":""},"product_cat":[11899,11913],"product_tag":[11890],"edicion":[12178],"editoriales":[11867],"tienda":[],"autor_id":[12315,12316],"universidades_coeditoras":[12270],"palabras_clave":[],"listado_alfabetico":[],"acf":[],"_links":{"self":[{"href":"https:\/\/wizardly-davinci.82-223-8-23.plesk.page\/en\/wp-json\/wp\/v2\/product\/45682"}],"collection":[{"href":"https:\/\/wizardly-davinci.82-223-8-23.plesk.page\/en\/wp-json\/wp\/v2\/product"}],"about":[{"href":"https:\/\/wizardly-davinci.82-223-8-23.plesk.page\/en\/wp-json\/wp\/v2\/types\/product"}],"replies":[{"embeddable":true,"href":"https:\/\/wizardly-davinci.82-223-8-23.plesk.page\/en\/wp-json\/wp\/v2\/comments?post=45682"}],"wp:featuredmedia":[{"embeddable":true,"href":"https:\/\/wizardly-davinci.82-223-8-23.plesk.page\/en\/wp-json\/wp\/v2\/media\/45684"}],"wp:attachment":[{"href":"https:\/\/wizardly-davinci.82-223-8-23.plesk.page\/en\/wp-json\/wp\/v2\/media?parent=45682"}],"wp:term":[{"taxonomy":"product_cat","embeddable":true,"href":"https:\/\/wizardly-davinci.82-223-8-23.plesk.page\/en\/wp-json\/wp\/v2\/product_cat?post=45682"},{"taxonomy":"product_tag","embeddable":true,"href":"https:\/\/wizardly-davinci.82-223-8-23.plesk.page\/en\/wp-json\/wp\/v2\/product_tag?post=45682"},{"taxonomy":"edicion","embeddable":true,"href":"https:\/\/wizardly-davinci.82-223-8-23.plesk.page\/en\/wp-json\/wp\/v2\/edicion?post=45682"},{"taxonomy":"editoriales","embeddable":true,"href":"https:\/\/wizardly-davinci.82-223-8-23.plesk.page\/en\/wp-json\/wp\/v2\/editoriales?post=45682"},{"taxonomy":"tienda","embeddable":true,"href":"https:\/\/wizardly-davinci.82-223-8-23.plesk.page\/en\/wp-json\/wp\/v2\/tienda?post=45682"},{"taxonomy":"autor_id","embeddable":true,"href":"https:\/\/wizardly-davinci.82-223-8-23.plesk.page\/en\/wp-json\/wp\/v2\/autor_id?post=45682"},{"taxonomy":"universidades_coeditoras","embeddable":true,"href":"https:\/\/wizardly-davinci.82-223-8-23.plesk.page\/en\/wp-json\/wp\/v2\/universidades_coeditoras?post=45682"},{"taxonomy":"palabras_clave","embeddable":true,"href":"https:\/\/wizardly-davinci.82-223-8-23.plesk.page\/en\/wp-json\/wp\/v2\/palabras_clave?post=45682"},{"taxonomy":"listado_alfabetico","embeddable":true,"href":"https:\/\/wizardly-davinci.82-223-8-23.plesk.page\/en\/wp-json\/wp\/v2\/listado_alfabetico?post=45682"}],"curies":[{"name":"wp","href":"https:\/\/api.w.org\/{rel}","templated":true}]}}