{"id":45687,"date":"2021-04-12T12:20:27","date_gmt":"2021-04-12T10:20:27","guid":{"rendered":"https:\/\/octaedro.com\/libro\/ecofeminismo\/"},"modified":"2023-04-24T11:00:22","modified_gmt":"2023-04-24T09:00:22","slug":"ecofeminismo","status":"publish","type":"product","link":"https:\/\/wizardly-davinci.82-223-8-23.plesk.page\/en\/producto\/ecofeminismo\/","title":{"rendered":"Ecofeminismo"},"content":{"rendered":"","protected":false},"excerpt":{"rendered":"<p>Son numerosos los indicadores que se\u00f1alan que nuestro modo de vida y el sistema de producci\u00f3n que lo sustenta han de ser revisados y transformados. Esta obra es un intento de ofrecer algunas propuestas desde el ecofeminismo y el compromiso con la justicia social para salvaguardar la salud del planeta y, por tanto, mejorar la calidad de vida de todas las personas.<\/p>\n<p>\u00bfQu\u00e9 planteamientos de justicia social y ambiental pueden invitarnos a consolidar una agenda viable y visible hasta el 2030? Urge tener un horizonte, unas metas, pero \u00bfc\u00f3mo debe ser el cambio? El ecofeminismo insta a propuestas \u00e9ticas y pr\u00e1cticas que aspiran a cambiar el orden de las cosas. En el marco de un compromiso con la transformaci\u00f3n socioambiental, este libro recoge diferentes visiones que, con el ecofeminismo como paradigma, ayudan a construir un modelo de desarrollo alternativo al hegem\u00f3nico ante una crisis que autores como Novo, Riechman y Capra han llamado <em>civilizatoria<\/em>. Estos trabajos aportan propuestas para so\u00f1ar y para avanzar que abarcan una revisi\u00f3n de orden epistemol\u00f3gico, \u00e9tico y hasta pol\u00edtico, y que dan fundamento a los diferentes proyectos de investigaci\u00f3n\/acci\u00f3n que se analizan de cara a una sostenibilidad que se desarrolla en sus m\u00faltiples dimensiones: filos\u00f3fica, educativa, art\u00edstica y cient\u00edfica, haciendo hincapi\u00e9 en la preservaci\u00f3n de la salud del planeta y sus habitantes.<\/p>\n<p>Este libro se presenta desde una visi\u00f3n complementaria e interdisciplinar que marca la necesidad de una transformaci\u00f3n del modelo social, educativo, econ\u00f3mico y cultural, pero, sobre todo, de la gesti\u00f3n pol\u00edtica. As\u00ed, se defiende un ecofeminismo, una feminizaci\u00f3n del discurso, valores y pr\u00e1cticas, que ofrezca respuestas y alternativas ante los grandes retos que plantean los <em>objetivos de desarrollo sostenible<\/em>.<\/p>\n","protected":false},"featured_media":45689,"comment_status":"open","ping_status":"closed","template":"","meta":{"_et_pb_use_builder":"","_et_pb_old_content":"","_et_gb_content_width":""},"product_cat":[11899,11913,11859,11907],"product_tag":[11893],"edicion":[12178,11865],"editoriales":[11867],"tienda":[],"autor_id":[12318,12321,12322],"universidades_coeditoras":[12270],"palabras_clave":[],"listado_alfabetico":[],"acf":[],"_links":{"self":[{"href":"https:\/\/wizardly-davinci.82-223-8-23.plesk.page\/en\/wp-json\/wp\/v2\/product\/45687"}],"collection":[{"href":"https:\/\/wizardly-davinci.82-223-8-23.plesk.page\/en\/wp-json\/wp\/v2\/product"}],"about":[{"href":"https:\/\/wizardly-davinci.82-223-8-23.plesk.page\/en\/wp-json\/wp\/v2\/types\/product"}],"replies":[{"embeddable":true,"href":"https:\/\/wizardly-davinci.82-223-8-23.plesk.page\/en\/wp-json\/wp\/v2\/comments?post=45687"}],"wp:featuredmedia":[{"embeddable":true,"href":"https:\/\/wizardly-davinci.82-223-8-23.plesk.page\/en\/wp-json\/wp\/v2\/media\/45689"}],"wp:attachment":[{"href":"https:\/\/wizardly-davinci.82-223-8-23.plesk.page\/en\/wp-json\/wp\/v2\/media?parent=45687"}],"wp:term":[{"taxonomy":"product_cat","embeddable":true,"href":"https:\/\/wizardly-davinci.82-223-8-23.plesk.page\/en\/wp-json\/wp\/v2\/product_cat?post=45687"},{"taxonomy":"product_tag","embeddable":true,"href":"https:\/\/wizardly-davinci.82-223-8-23.plesk.page\/en\/wp-json\/wp\/v2\/product_tag?post=45687"},{"taxonomy":"edicion","embeddable":true,"href":"https:\/\/wizardly-davinci.82-223-8-23.plesk.page\/en\/wp-json\/wp\/v2\/edicion?post=45687"},{"taxonomy":"editoriales","embeddable":true,"href":"https:\/\/wizardly-davinci.82-223-8-23.plesk.page\/en\/wp-json\/wp\/v2\/editoriales?post=45687"},{"taxonomy":"tienda","embeddable":true,"href":"https:\/\/wizardly-davinci.82-223-8-23.plesk.page\/en\/wp-json\/wp\/v2\/tienda?post=45687"},{"taxonomy":"autor_id","embeddable":true,"href":"https:\/\/wizardly-davinci.82-223-8-23.plesk.page\/en\/wp-json\/wp\/v2\/autor_id?post=45687"},{"taxonomy":"universidades_coeditoras","embeddable":true,"href":"https:\/\/wizardly-davinci.82-223-8-23.plesk.page\/en\/wp-json\/wp\/v2\/universidades_coeditoras?post=45687"},{"taxonomy":"palabras_clave","embeddable":true,"href":"https:\/\/wizardly-davinci.82-223-8-23.plesk.page\/en\/wp-json\/wp\/v2\/palabras_clave?post=45687"},{"taxonomy":"listado_alfabetico","embeddable":true,"href":"https:\/\/wizardly-davinci.82-223-8-23.plesk.page\/en\/wp-json\/wp\/v2\/listado_alfabetico?post=45687"}],"curies":[{"name":"wp","href":"https:\/\/api.w.org\/{rel}","templated":true}]}}