{"id":45691,"date":"2021-04-09T11:20:32","date_gmt":"2021-04-09T11:20:32","guid":{"rendered":"https:\/\/octaedro.com\/libro\/innovacion-e-investigacion-con-tecnologia-educativa\/"},"modified":"2023-02-22T13:36:42","modified_gmt":"2023-02-22T12:36:42","slug":"innovacion-e-investigacion-con-tecnologia-educativa","status":"publish","type":"product","link":"https:\/\/wizardly-davinci.82-223-8-23.plesk.page\/en\/producto\/innovacion-e-investigacion-con-tecnologia-educativa\/","title":{"rendered":"Innovaci\u00f3n e investigaci\u00f3n con tecnolog\u00eda educativa"},"content":{"rendered":"","protected":false},"excerpt":{"rendered":"<p>En el mundo de la educaci\u00f3n estamos atravesando una etapa compleja por diferentes circunstancias, la principal de las cuales es la pandemia provocada por la COVID-19 que nos ha tocado vivir este \u00faltimo a\u00f1o y que ha removido los cimientos de todo lo que se supon\u00eda establecido en todos los \u00e1mbitos de la vida.<\/p>\n<p>En el campo de la educaci\u00f3n, el paso de una modalidad presencial a una totalmente virtual en apenas 48 horas supuso un desaf\u00edo para todos los actores que participan en los procesos de ense\u00f1anza-aprendizaje en todos los niveles y \u00e1reas. El papel que la tecnolog\u00eda ha jugado en dicha adaptaci\u00f3n ha sido fundamental, si bien no siempre se ha empleado de la manera m\u00e1s adecuada.<\/p>\n<p>Estamos en un momento clave que nos invita a considerar hacia d\u00f3nde vamos en educaci\u00f3n, en el \u00e1rea de tecnolog\u00eda educativa, y qu\u00e9 papel queremos y debemos desempe\u00f1ar en dicho proceso.<\/p>\n<p>Esta obra pretende dar respuesta a los retos que se nos plantean desde distintas perspectivas sugeridas por los autores de los diferentes cap\u00edtulos.<\/p>\n","protected":false},"featured_media":45693,"comment_status":"open","ping_status":"closed","template":"","meta":{"_et_pb_use_builder":"","_et_pb_old_content":"","_et_gb_content_width":""},"product_cat":[11899,11913],"product_tag":[11890],"edicion":[12178],"editoriales":[11867],"tienda":[],"autor_id":[12332,12333,12334,12335],"universidades_coeditoras":[12338],"palabras_clave":[],"listado_alfabetico":[],"acf":[],"_links":{"self":[{"href":"https:\/\/wizardly-davinci.82-223-8-23.plesk.page\/en\/wp-json\/wp\/v2\/product\/45691"}],"collection":[{"href":"https:\/\/wizardly-davinci.82-223-8-23.plesk.page\/en\/wp-json\/wp\/v2\/product"}],"about":[{"href":"https:\/\/wizardly-davinci.82-223-8-23.plesk.page\/en\/wp-json\/wp\/v2\/types\/product"}],"replies":[{"embeddable":true,"href":"https:\/\/wizardly-davinci.82-223-8-23.plesk.page\/en\/wp-json\/wp\/v2\/comments?post=45691"}],"wp:featuredmedia":[{"embeddable":true,"href":"https:\/\/wizardly-davinci.82-223-8-23.plesk.page\/en\/wp-json\/wp\/v2\/media\/45693"}],"wp:attachment":[{"href":"https:\/\/wizardly-davinci.82-223-8-23.plesk.page\/en\/wp-json\/wp\/v2\/media?parent=45691"}],"wp:term":[{"taxonomy":"product_cat","embeddable":true,"href":"https:\/\/wizardly-davinci.82-223-8-23.plesk.page\/en\/wp-json\/wp\/v2\/product_cat?post=45691"},{"taxonomy":"product_tag","embeddable":true,"href":"https:\/\/wizardly-davinci.82-223-8-23.plesk.page\/en\/wp-json\/wp\/v2\/product_tag?post=45691"},{"taxonomy":"edicion","embeddable":true,"href":"https:\/\/wizardly-davinci.82-223-8-23.plesk.page\/en\/wp-json\/wp\/v2\/edicion?post=45691"},{"taxonomy":"editoriales","embeddable":true,"href":"https:\/\/wizardly-davinci.82-223-8-23.plesk.page\/en\/wp-json\/wp\/v2\/editoriales?post=45691"},{"taxonomy":"tienda","embeddable":true,"href":"https:\/\/wizardly-davinci.82-223-8-23.plesk.page\/en\/wp-json\/wp\/v2\/tienda?post=45691"},{"taxonomy":"autor_id","embeddable":true,"href":"https:\/\/wizardly-davinci.82-223-8-23.plesk.page\/en\/wp-json\/wp\/v2\/autor_id?post=45691"},{"taxonomy":"universidades_coeditoras","embeddable":true,"href":"https:\/\/wizardly-davinci.82-223-8-23.plesk.page\/en\/wp-json\/wp\/v2\/universidades_coeditoras?post=45691"},{"taxonomy":"palabras_clave","embeddable":true,"href":"https:\/\/wizardly-davinci.82-223-8-23.plesk.page\/en\/wp-json\/wp\/v2\/palabras_clave?post=45691"},{"taxonomy":"listado_alfabetico","embeddable":true,"href":"https:\/\/wizardly-davinci.82-223-8-23.plesk.page\/en\/wp-json\/wp\/v2\/listado_alfabetico?post=45691"}],"curies":[{"name":"wp","href":"https:\/\/api.w.org\/{rel}","templated":true}]}}