{"id":45694,"date":"2021-04-07T09:49:52","date_gmt":"2021-04-07T07:49:52","guid":{"rendered":"https:\/\/octaedro.com\/libro\/investigacion-transformativa-e-inclusiva-en-el-ambito-social-y-educativo\/"},"modified":"2023-04-24T10:59:29","modified_gmt":"2023-04-24T08:59:29","slug":"investigacion-transformativa-e-inclusiva-en-el-ambito-social-y-educativo","status":"publish","type":"product","link":"https:\/\/wizardly-davinci.82-223-8-23.plesk.page\/en\/producto\/investigacion-transformativa-e-inclusiva-en-el-ambito-social-y-educativo\/","title":{"rendered":"Investigaci\u00f3n transformativa e inclusiva en el \u00e1mbito social y educativo"},"content":{"rendered":"","protected":false},"excerpt":{"rendered":"<p>En tiempos de alianzas entre el neoliberalismo y el neoconservadurismo, la investigaci\u00f3n, especialmente en el \u00e1mbito de las humanidades y ciencias sociales, est\u00e1 girando hacia posiciones m\u00e1s instrumentales, desprovistas de consideraciones epistemol\u00f3gicas y orientadas desde las pol\u00edticas oficiales de los Estados y los grupos de poder econ\u00f3mico y social. Sin embargo, la sociedad cada vez est\u00e1 m\u00e1s necesitada de investigaci\u00f3n que permita avanzar hacia una investigaci\u00f3n centrada en los sujetos y en los procesos sociales de cambio que posibilite construir propuestas transformadoras a partir de estrategias colaborativas, m\u00e1s horizontales y al servicio de las comunidades.<\/p>\n<p>En este libro se presentan una diversidad de propuestas epistemol\u00f3gicas y metodol\u00f3gicas que est\u00e1n actuando en escenarios socioeducativos complicados, apoyando y desarrollando proyectos de transformaci\u00f3n. Estas representan una orientaci\u00f3n diferente de las pr\u00e1cticas y modelos hegem\u00f3nicos, sobre la base de otros supuestos en cuestiones tan esenciales como la visi\u00f3n del conocimiento, los procedimientos metodol\u00f3gicos, la consideraci\u00f3n de los sujetos participantes y las pr\u00e1cticas tanto institucionales como acad\u00e9micas de hacer investigaci\u00f3n. No podemos obviar, en este sentido, que esta orientaci\u00f3n contrahegem\u00f3nica de la investigaci\u00f3n se corresponde con otra forma de entender los procesos educativos: la investigaci\u00f3n produce el conocimiento que demanda el sistema escolar y la educaci\u00f3n en general. Por tanto, construir otro modelo educativo, otra escuela, otro tipo de relaciones educativas, etc., requiere otro modo de investigar que contribuya a esta transformaci\u00f3n.<\/p>\n<p>Desde este posicionamiento, esta obra ofrece metodolog\u00edas de investigaci\u00f3n pensadas m\u00e1s como un modo de construir el mundo conjuntamente que como una serie de procedimientos y t\u00e9cnicas establecidas. Pensar en una investigaci\u00f3n transformadora e inclusiva modifica nuestras miradas, los focos, los problemas, los escenarios, las jerarqu\u00edas, los objetivos y los roles, entre otros factores.<\/p>\n","protected":false},"featured_media":45695,"comment_status":"open","ping_status":"closed","template":"","meta":{"_et_pb_use_builder":"","_et_pb_old_content":"","_et_gb_content_width":""},"product_cat":[11899,11859,11912,11907],"product_tag":[11892],"edicion":[12199,11865],"editoriales":[11867],"tienda":[],"autor_id":[12337],"universidades_coeditoras":[12338],"palabras_clave":[],"listado_alfabetico":[],"acf":[],"_links":{"self":[{"href":"https:\/\/wizardly-davinci.82-223-8-23.plesk.page\/en\/wp-json\/wp\/v2\/product\/45694"}],"collection":[{"href":"https:\/\/wizardly-davinci.82-223-8-23.plesk.page\/en\/wp-json\/wp\/v2\/product"}],"about":[{"href":"https:\/\/wizardly-davinci.82-223-8-23.plesk.page\/en\/wp-json\/wp\/v2\/types\/product"}],"replies":[{"embeddable":true,"href":"https:\/\/wizardly-davinci.82-223-8-23.plesk.page\/en\/wp-json\/wp\/v2\/comments?post=45694"}],"wp:featuredmedia":[{"embeddable":true,"href":"https:\/\/wizardly-davinci.82-223-8-23.plesk.page\/en\/wp-json\/wp\/v2\/media\/45695"}],"wp:attachment":[{"href":"https:\/\/wizardly-davinci.82-223-8-23.plesk.page\/en\/wp-json\/wp\/v2\/media?parent=45694"}],"wp:term":[{"taxonomy":"product_cat","embeddable":true,"href":"https:\/\/wizardly-davinci.82-223-8-23.plesk.page\/en\/wp-json\/wp\/v2\/product_cat?post=45694"},{"taxonomy":"product_tag","embeddable":true,"href":"https:\/\/wizardly-davinci.82-223-8-23.plesk.page\/en\/wp-json\/wp\/v2\/product_tag?post=45694"},{"taxonomy":"edicion","embeddable":true,"href":"https:\/\/wizardly-davinci.82-223-8-23.plesk.page\/en\/wp-json\/wp\/v2\/edicion?post=45694"},{"taxonomy":"editoriales","embeddable":true,"href":"https:\/\/wizardly-davinci.82-223-8-23.plesk.page\/en\/wp-json\/wp\/v2\/editoriales?post=45694"},{"taxonomy":"tienda","embeddable":true,"href":"https:\/\/wizardly-davinci.82-223-8-23.plesk.page\/en\/wp-json\/wp\/v2\/tienda?post=45694"},{"taxonomy":"autor_id","embeddable":true,"href":"https:\/\/wizardly-davinci.82-223-8-23.plesk.page\/en\/wp-json\/wp\/v2\/autor_id?post=45694"},{"taxonomy":"universidades_coeditoras","embeddable":true,"href":"https:\/\/wizardly-davinci.82-223-8-23.plesk.page\/en\/wp-json\/wp\/v2\/universidades_coeditoras?post=45694"},{"taxonomy":"palabras_clave","embeddable":true,"href":"https:\/\/wizardly-davinci.82-223-8-23.plesk.page\/en\/wp-json\/wp\/v2\/palabras_clave?post=45694"},{"taxonomy":"listado_alfabetico","embeddable":true,"href":"https:\/\/wizardly-davinci.82-223-8-23.plesk.page\/en\/wp-json\/wp\/v2\/listado_alfabetico?post=45694"}],"curies":[{"name":"wp","href":"https:\/\/api.w.org\/{rel}","templated":true}]}}